{"id":756,"date":"2020-04-02T14:15:08","date_gmt":"2020-04-02T11:15:08","guid":{"rendered":"https:\/\/meon.theskinhouse.ee\/toode\/beausta-shea-butter-hand-cream-2\/"},"modified":"2026-02-23T07:10:02","modified_gmt":"2026-02-23T05:10:02","slug":"beausta-shea-butter-hand-cream-2","status":"publish","type":"product","link":"https:\/\/meon.theskinhouse.ee\/ru\/toode\/beausta-shea-butter-hand-cream-2\/","title":{"rendered":"Beausta Shea Butter Hand Cream"},"content":{"rendered":"<p>Superniisutav ja toitev k\u00e4tekreem sheav\u00f5iga, mis teeb kareda ja kuiva naha uskumatult pehmeks ja niisutatuks. Sisaldab lisaks h\u00fcaluroonhapet, makadaamia \u00f5li ja mett.<\/p>\n<p><strong>Peamised koostisosad:<\/strong><\/p>\n<ul>\n<li>Sheav\u00f5i ja makadaamia\u00f5li &#8212; naturaalsed niisutavad ja pehmendavad koostisosad, mis niisutavad s\u00fcgavalt nahka, v\u00e4hendavad naha ketendamist ja teevad naha pehmeks ja siledaks.<\/li>\n<li>Allantoiin &#8212; naturaalne komponent, mis on kuulus oma nahka regenereeriva toime poolest. Allantoiin kiirendab naha uuenemise protsesse, t\u00e4nu sellele paranevad kiiremini haavad, armid ja erinevad mikrokahjustused.&nbsp;<\/li>\n<li>H\u00fcaluroonhape &#8212;&nbsp;niisutav komponent, mis viib niiskuse s\u00fcgavale naha sisse ja hoiab naha niiskustaset pikaajaliselt k\u00f5rgel tasemel.<\/li>\n<li>Aaloe ekstrakt &#8212; niisutav ja rahustav koostiosa, leevendab naha\u00e4rritusi.<\/li>\n<\/ul>\n<p>\n<strong>Beausta eelised<\/strong><\/p>\n<ul>\n<li>Kompaktsed ja mugavad &#171;pouch&#187; t\u00fc\u00fcpi pakendid, mida on mugav kaasa v\u00f5tta.<\/li>\n<li>H\u00fcgieeniline pakend &#8212;&nbsp;tooted on pakendist&nbsp;h\u00f5lpsalt v\u00e4ljapigistatavad ja bakterid ei p\u00e4\u00e4se toote sisse, ei ole vajadust toodet s\u00f5rmega puudutada nagu kreemipurgi puhul.<\/li>\n<li>Trendikas ja kvaliteetne Korea kosmeetika taskukohase hinnaga.<\/li>\n<li>Beausta moto on: maksa&nbsp;toote, mitte pakendi eest! Ei ole m\u00f5tet kalli pakendi eest \u00fcle maksta.<\/li>\n<\/ul>\n<p>\n<strong>Kasutamine<\/strong><\/p>\n<p>Kandke m\u00f5\u00f5dukas kogus kreemi k\u00e4tele vastavalt vajadusele.<\/p>\n<p><strong>Kogus<\/strong>: 20ml.&nbsp;<\/p>\n<p><strong>Koostis<\/strong><\/p>\n<p>Water, Glycerin, Cetearyl Alcohol, Mineral Oil, Distearyldimonium Chloride, Butyrospermum Parkii (Shea) Butter, Caprylic\/Capric Triglyceride, Macadamia Ternifolia Seed Oil, Dimethicone, Glyceryl Stearate, 1,2-Hexanediol, PEG-100 Stearate, Tocopheryl Acetate, Fragrance, Allantoin, Caprylyl Glycol, Hydroxyacetophenone, Ethylhexylglycerin, Sodium Chloride, Disodium EDTA, Sodium Hyaluronate, Helianthus Annuus (Sunflower) Seed Oil, Astrocaryum Murumuru Seed Butter, Aloe Barbadensis Leaf Water, Honey Extract, Butylene Glycol<\/p>\n","protected":false},"excerpt":{"rendered":"<p>Superniisutav ja toitev k\u00e4tekreem sheav\u00f5iga, mis teeb kareda ja kuiva naha uskumatult pehmeks ja niisutatuks. Sisaldab lisaks h\u00fcaluroonhapet, makadaamia \u00f5li ja mett. Peamised koostisosad: Sheav\u00f5i ja makadaamia\u00f5li &#8212; naturaalsed niisutavad ja pehmendavad koostisosad, mis niisutavad s\u00fcgavalt nahka, v\u00e4hendavad naha ketendamist ja teevad naha pehmeks ja siledaks. Allantoiin &#8212; naturaalne komponent, mis on kuulus oma nahka [&hellip;]<\/p>\n","protected":false},"featured_media":2295,"comment_status":"open","ping_status":"closed","template":"","meta":{"_acf_changed":false},"product_brand":[],"product_cat":[],"product_tag":[],"class_list":{"0":"post-756","1":"product","2":"type-product","3":"status-publish","4":"has-post-thumbnail","6":"brand-beausta","8":"first","9":"instock","10":"taxable","11":"shipping-taxable","12":"purchasable","13":"product-type-simple"},"bundle_layout":"","bundled_by":[],"bundled_items":[],"acf":[],"_links":{"self":[{"href":"https:\/\/meon.theskinhouse.ee\/ru\/wp-json\/wp\/v2\/product\/756","targetHints":{"allow":["GET"]}}],"collection":[{"href":"https:\/\/meon.theskinhouse.ee\/ru\/wp-json\/wp\/v2\/product"}],"about":[{"href":"https:\/\/meon.theskinhouse.ee\/ru\/wp-json\/wp\/v2\/types\/product"}],"replies":[{"embeddable":true,"href":"https:\/\/meon.theskinhouse.ee\/ru\/wp-json\/wp\/v2\/comments?post=756"}],"wp:featuredmedia":[{"embeddable":true,"href":"https:\/\/meon.theskinhouse.ee\/ru\/wp-json\/wp\/v2\/media\/2295"}],"wp:attachment":[{"href":"https:\/\/meon.theskinhouse.ee\/ru\/wp-json\/wp\/v2\/media?parent=756"}],"wp:term":[{"taxonomy":"product_brand","embeddable":true,"href":"https:\/\/meon.theskinhouse.ee\/ru\/wp-json\/wp\/v2\/product_brand?post=756"},{"taxonomy":"product_cat","embeddable":true,"href":"https:\/\/meon.theskinhouse.ee\/ru\/wp-json\/wp\/v2\/product_cat?post=756"},{"taxonomy":"product_tag","embeddable":true,"href":"https:\/\/meon.theskinhouse.ee\/ru\/wp-json\/wp\/v2\/product_tag?post=756"}],"curies":[{"name":"wp","href":"https:\/\/api.w.org\/{rel}","templated":true}]}}