{"id":754,"date":"2020-04-02T14:15:08","date_gmt":"2020-04-02T11:15:08","guid":{"rendered":"https:\/\/meon.theskinhouse.ee\/toode\/beausta-perfect-natural-bb-cream-23-natural-beige-2\/"},"modified":"2026-02-23T07:10:03","modified_gmt":"2026-02-23T05:10:03","slug":"beausta-perfect-natural-bb-cream-23-natural-beige-2","status":"publish","type":"product","link":"https:\/\/meon.theskinhouse.ee\/ru\/toode\/beausta-perfect-natural-bb-cream-23-natural-beige-2\/","title":{"rendered":"Beausta Perfect Natural BB Cream #23 Natural Beige"},"content":{"rendered":"<p><strong>Toon<\/strong>: naturaalne bee\u017e.<\/p>\n<p>Kauakestev BB-kreem (jumestuskreem nahka hooldava toimega), mis annab veatu jume, \u00fchtlustab nahatooni ja peidab \u00e4ra nahapuudused. BB-kreem on n\u00e4os v\u00e4ga kerge, ei tekita paksu ja rasket kihti, kuid \u00fchtlustab efektiivselt jumet. Sisaldab ka nahka hooldavaid, kortsuvastaseid ja niisutavaid koostisosi, nagu h\u00fcaluroonhape (niisutab), adenosiin (stimuleerib kollageeni ja elastiini s\u00fcnteesi), p\u00e4rli ekstrakt (v\u00e4rskendab tuhmunud nahka, annab nahale loomuliku s\u00e4ra).<\/p>\n<p><strong>Beausta eelised<\/strong><\/p>\n<ul>\n<li>Kompaktsed ja mugavad &#171;pouch&#187; t\u00fc\u00fcpi pakendid, mida on mugav kaasa v\u00f5tta.<\/li>\n<li>H\u00fcgieeniline pakend &#8212;&nbsp;tooted on pakendist&nbsp;h\u00f5lpsalt v\u00e4ljapigistatavad ja bakterid ei p\u00e4\u00e4se toote sisse, ei ole vajadust toodet s\u00f5rmega puudutada nagu kreemipurgi puhul.<\/li>\n<li>Trendikas ja kvaliteetne Korea kosmeetika taskukohase hinnaga.<\/li>\n<li>Beausta moto on: maksa&nbsp;toote, mitte pakendi eest! Ei ole m\u00f5tet kalli pakendi eest \u00fcle maksta.<\/li>\n<\/ul>\n<p>\n<strong>Kasutamine<\/strong><\/p>\n<p>Kandke v\u00e4ike kogus BB-kreemi puhtale ja niisutatud n\u00e4onahale, hajutage.<\/p>\n<p><strong>Kogus<\/strong>: 10ml.<\/p>\n<p><strong>Koostis<\/strong><\/p>\n<p>Water, Cyclopentasiloxane, Titanium Dioxide, Cyclohexasiloxane, Butylene Glycol, Phenyl Trimethicone, Polyglyceryl-4 Isostearate, Diethylhexyl Carbonate, Niacinamide, Zinc Oxide, Sodium Chloride, CI 77492, Cetyl PEG\/PPG-10\/1 Dimethicone, C12-15 Alkyl Benzoate, Dimethicone, Silica, Disteardimonium Hectorite, Sorbitan Olivate, 1,2-Hexanediol, Dimethicone\/Vinyl Dimethicone Crosspolymer, Aluminum Hydroxide, Beeswax, Triethoxycaprylylsilane, Ozokerite, CI 77491, Chlorphenesin, Propylene Carbonate, CI 77499, Fragrance, Hydroxyacetophenone, Caprylyl Glycol, Polyhydroxystearic Acid, Ethylhexylglycerin, Isostearic Acid, Adenosine, Disodium EDTA, Sodium Hyaluronate, Origanum Majorana Leaf Oil, Pearl Extract<\/p>\n","protected":false},"excerpt":{"rendered":"<p>Toon: naturaalne bee\u017e. Kauakestev BB-kreem (jumestuskreem nahka hooldava toimega), mis annab veatu jume, \u00fchtlustab nahatooni ja peidab \u00e4ra nahapuudused. BB-kreem on n\u00e4os v\u00e4ga kerge, ei tekita paksu ja rasket kihti, kuid \u00fchtlustab efektiivselt jumet. Sisaldab ka nahka hooldavaid, kortsuvastaseid ja niisutavaid koostisosi, nagu h\u00fcaluroonhape (niisutab), adenosiin (stimuleerib kollageeni ja elastiini s\u00fcnteesi), p\u00e4rli ekstrakt (v\u00e4rskendab tuhmunud [&hellip;]<\/p>\n","protected":false},"featured_media":2246,"comment_status":"open","ping_status":"closed","template":"","meta":{"_acf_changed":false},"product_brand":[],"product_cat":[],"product_tag":[],"class_list":{"0":"post-754","1":"product","2":"type-product","3":"status-publish","4":"has-post-thumbnail","6":"brand-beausta","8":"first","9":"instock","10":"taxable","11":"shipping-taxable","12":"purchasable","13":"product-type-simple"},"bundle_layout":"","bundled_by":[],"bundled_items":[],"acf":[],"_links":{"self":[{"href":"https:\/\/meon.theskinhouse.ee\/ru\/wp-json\/wp\/v2\/product\/754","targetHints":{"allow":["GET"]}}],"collection":[{"href":"https:\/\/meon.theskinhouse.ee\/ru\/wp-json\/wp\/v2\/product"}],"about":[{"href":"https:\/\/meon.theskinhouse.ee\/ru\/wp-json\/wp\/v2\/types\/product"}],"replies":[{"embeddable":true,"href":"https:\/\/meon.theskinhouse.ee\/ru\/wp-json\/wp\/v2\/comments?post=754"}],"wp:featuredmedia":[{"embeddable":true,"href":"https:\/\/meon.theskinhouse.ee\/ru\/wp-json\/wp\/v2\/media\/2246"}],"wp:attachment":[{"href":"https:\/\/meon.theskinhouse.ee\/ru\/wp-json\/wp\/v2\/media?parent=754"}],"wp:term":[{"taxonomy":"product_brand","embeddable":true,"href":"https:\/\/meon.theskinhouse.ee\/ru\/wp-json\/wp\/v2\/product_brand?post=754"},{"taxonomy":"product_cat","embeddable":true,"href":"https:\/\/meon.theskinhouse.ee\/ru\/wp-json\/wp\/v2\/product_cat?post=754"},{"taxonomy":"product_tag","embeddable":true,"href":"https:\/\/meon.theskinhouse.ee\/ru\/wp-json\/wp\/v2\/product_tag?post=754"}],"curies":[{"name":"wp","href":"https:\/\/api.w.org\/{rel}","templated":true}]}}