{"id":746,"date":"2020-04-02T14:15:07","date_gmt":"2020-04-02T11:15:07","guid":{"rendered":"https:\/\/meon.theskinhouse.ee\/toode\/beausta-golden-snail-cream-2\/"},"modified":"2026-04-09T23:20:02","modified_gmt":"2026-04-09T20:20:02","slug":"beausta-golden-snail-cream-2","status":"publish","type":"product","link":"https:\/\/meon.theskinhouse.ee\/ru\/toode\/beausta-golden-snail-cream-2\/","title":{"rendered":"Beausta Golden Snail Cream"},"content":{"rendered":"<p>Multifunktsionaalne n\u00e4okreem teolima, 24K kulla ja kaaviari ekstraktiga. Kreem on v\u00e4ga rikkaliku koostisega, niisutab nahka, kiirendab naha regeneratsiooni (uuenemist), v\u00f5itleb kortsudega, rahustab \u00e4rritusi, kiirendab armide (nt. post-akne) paranemist, sobib h\u00e4sti ka probleemsele ja tundlikule nahale.<\/p>\n<p><strong>Peamised koostisosad:<\/strong><\/p>\n<ul>\n<li>Teolima &#8212; tugeva nahka uuendava toimega. Teolima sisaldab allantoiini, mis kiirendab naha regeneratsiooni, on tugeva kortsuvastase ja niisutava toimega, sobib tundliku naha&nbsp;rahustamiseks, aitab parandada akne arme ja muid nahakahjustusi.<\/li>\n<li>24K kuld &#8212; looduslik antiseptik, antibakteriaalse toimega, sobib h\u00e4sti tundlikule nahale.<\/li>\n<li>Kaaviari ekstrakt &#8212; tugev vananemisvastane komponent, mis sisaldab suures koguses nahale kasulikke proteiine,&nbsp;mineraale, aminohappeid ja&nbsp;vitamiine. Kiirendab oluliselt naharakkude ainevahetus- ja regeneratsiooniprotsesse, stimuleerib naha kollageeni ja elastiini tootmist. Sisaldab vitamiine, mis parandavad naha kaitsev\u00f5imet ja aitavad stressi ja UV-kiirguse negatiivse m\u00f5ju korral.<\/li>\n<li>Niatsiinamiid (vitamiin B3) \u2013 aktiivne komponent, mis aitab naharakke uuendada ja kaitsta kahjulike v\u00e4lism\u00f5jude eest. Niatsiinamiid \u00fchtlustab nahatooni, teeb naha v\u00e4rskemaks, kirgastab tuhmi nahka, aitab pigmendilaikude korral. Samuti aitab leevendada tundlikku nahka. Uuringud on n\u00e4idanud, et niatsiinamiid on efektiivne rosaatsea ja kuperoosa korral.<\/li>\n<li>Sheav\u00f5i &#8212; pehmendab ja niisutab nahka<\/li>\n<li>H\u00fcaluroonhape &#8212;&nbsp;niisutav komponent, mis viib niiskuse s\u00fcgavale naha sisse ja hoiab naha niiskustaset pikaajaliselt k\u00f5rgel tasemel.<\/li>\n<li>Adenosiin \u2013 nukleosiid, mis moodustub naharakkudes ja mis stimuleerib kollageeni ja elastiini s\u00fcnteesi.<\/li>\n<\/ul>\n<p>\n<strong>Beausta eelised<\/strong><\/p>\n<ul>\n<li>Kompaktsed ja mugavad &#171;pouch&#187; t\u00fc\u00fcpi pakendid, mida on mugav kaasa v\u00f5tta.<\/li>\n<li>H\u00fcgieeniline pakend &#8212;&nbsp;tooted on pakendist&nbsp;h\u00f5lpsalt v\u00e4ljapigistatavad ja bakterid ei p\u00e4\u00e4se toote sisse, ei ole vajadust toodet s\u00f5rmega puudutada nagu kreemipurgi puhul.<\/li>\n<li>Trendikas ja kvaliteetne Korea kosmeetika taskukohase hinnaga.<\/li>\n<li>Beausta moto on: maksa&nbsp;toote, mitte pakendi eest! Ei ole m\u00f5tet kalli pakendi eest \u00fcle maksta.<\/li>\n<\/ul>\n<p>\n<strong>Kasutamine<\/strong><\/p>\n<p>Kandke m\u00f5\u00f5dukas kogus kreemi viimase n\u00e4ohooldusetapina, patsutage imendumiseni.<\/p>\n<p><strong>Kogus<\/strong>: 15ml<\/p>\n<p><strong>Koostis<\/strong><\/p>\n<p>Water, Butylene Glycol, Phenyl Trimethicone, Dimethicone, Snail Secretion Filtrate, Glycereth-26, Niacinamide, Butyrospermum Parkii (Shea) Butter, Cetearyl Alcohol, Astrocaryum Murumuru Seed Butter, 1,2-Hexanediol, Hydrogenated Polyisobutene, Sodium Polyacrylate, Glyceryl Stearate, PEG-100 Stearate, Polyacrylate-13, Polyisobutene, Hydroxyacetophenone, Caprylyl Glycol, Ethylhexylglycerin, Adenosine, Disodium EDTA, Polysorbate 20, Sorbitan Isostearate, Fragrance, Ammonium Acryloyldimethyltaurate\/VP copolymer, Sodium Hyaluronate, Gold, Caviar Extract<br \/>\n&nbsp;<\/p>\n","protected":false},"excerpt":{"rendered":"<p>Multifunktsionaalne n\u00e4okreem teolima, 24K kulla ja kaaviari ekstraktiga. Kreem on v\u00e4ga rikkaliku koostisega, niisutab nahka, kiirendab naha regeneratsiooni (uuenemist), v\u00f5itleb kortsudega, rahustab \u00e4rritusi, kiirendab armide (nt. post-akne) paranemist, sobib h\u00e4sti ka probleemsele ja tundlikule nahale. Peamised koostisosad: Teolima &#8212; tugeva nahka uuendava toimega. Teolima sisaldab allantoiini, mis kiirendab naha regeneratsiooni, on tugeva kortsuvastase ja niisutava [&hellip;]<\/p>\n","protected":false},"featured_media":2237,"comment_status":"open","ping_status":"closed","template":"","meta":{"_acf_changed":false},"product_brand":[],"product_cat":[],"product_tag":[],"class_list":{"0":"post-746","1":"product","2":"type-product","3":"status-publish","4":"has-post-thumbnail","6":"brand-beausta","8":"first","9":"instock","10":"taxable","11":"shipping-taxable","12":"purchasable","13":"product-type-simple"},"bundle_layout":"","bundled_by":[],"bundled_items":[],"acf":[],"_links":{"self":[{"href":"https:\/\/meon.theskinhouse.ee\/ru\/wp-json\/wp\/v2\/product\/746","targetHints":{"allow":["GET"]}}],"collection":[{"href":"https:\/\/meon.theskinhouse.ee\/ru\/wp-json\/wp\/v2\/product"}],"about":[{"href":"https:\/\/meon.theskinhouse.ee\/ru\/wp-json\/wp\/v2\/types\/product"}],"replies":[{"embeddable":true,"href":"https:\/\/meon.theskinhouse.ee\/ru\/wp-json\/wp\/v2\/comments?post=746"}],"wp:featuredmedia":[{"embeddable":true,"href":"https:\/\/meon.theskinhouse.ee\/ru\/wp-json\/wp\/v2\/media\/2237"}],"wp:attachment":[{"href":"https:\/\/meon.theskinhouse.ee\/ru\/wp-json\/wp\/v2\/media?parent=746"}],"wp:term":[{"taxonomy":"product_brand","embeddable":true,"href":"https:\/\/meon.theskinhouse.ee\/ru\/wp-json\/wp\/v2\/product_brand?post=746"},{"taxonomy":"product_cat","embeddable":true,"href":"https:\/\/meon.theskinhouse.ee\/ru\/wp-json\/wp\/v2\/product_cat?post=746"},{"taxonomy":"product_tag","embeddable":true,"href":"https:\/\/meon.theskinhouse.ee\/ru\/wp-json\/wp\/v2\/product_tag?post=746"}],"curies":[{"name":"wp","href":"https:\/\/api.w.org\/{rel}","templated":true}]}}