{"id":744,"date":"2020-04-02T14:15:07","date_gmt":"2020-04-02T11:15:07","guid":{"rendered":"https:\/\/meon.theskinhouse.ee\/toode\/beausta-fresh-whipping-foam-cleanser-2\/"},"modified":"2026-04-09T23:20:02","modified_gmt":"2026-04-09T20:20:02","slug":"beausta-fresh-whipping-foam-cleanser-2","status":"publish","type":"product","link":"https:\/\/meon.theskinhouse.ee\/ru\/toode\/beausta-fresh-whipping-foam-cleanser-2\/","title":{"rendered":"Beausta Fresh Whipping Foam Cleanser"},"content":{"rendered":"<p>\u00d5rn n\u00e4opesuvaht, mis puhastab efektiivselt nahka ja poore ilma nahka \u00e4rritamata ning samal ajal niisutab nahka. Sisaldab h\u00fcaluroonhapet, mis viib niiskuse s\u00fcgavale naha sisse ja j\u00e4tab naha niisutatuks pikaks ajaks. Kaks \u00fches toode &#8212; n\u00e4opesuvaht ja niisutaja. P\u00e4rast selle vahuga puhastamist on nahk ideaalselt puhas ja niisutatud. Sobib igale nahat\u00fc\u00fcbile, ka tundlikule nahale.<\/p>\n<p><strong>Beausta eelised<\/strong><\/p>\n<ul>\n<li>Kompaktsed ja mugavad &#171;pouch&#187; t\u00fc\u00fcpi pakendid, mida on mugav kaasa v\u00f5tta.<\/li>\n<li>H\u00fcgieeniline pakend &#8212;&nbsp;tooted on pakendist&nbsp;h\u00f5lpsalt v\u00e4ljapigistatavad ja bakterid ei p\u00e4\u00e4se toote sisse, ei ole vajadust toodet s\u00f5rmega puudutada nagu kreemipurgi puhul.<\/li>\n<li>Trendikas ja kvaliteetne Korea kosmeetika taskukohase hinnaga.<\/li>\n<li>Beausta moto on: maksa&nbsp;toote, mitte pakendi eest! Ei ole m\u00f5tet kalli pakendi eest \u00fcle maksta.<\/li>\n<\/ul>\n<p>\n<strong>Kasutamine<\/strong>: kandke toode n\u00e4ole ja masseerige ringliigutustega. Loputage leige veega.<\/p>\n<p><strong>Kogus<\/strong>: 20ml<\/p>\n<p><strong>Koostis<\/strong><br \/>\nWater, Glycerin, Myristic Acid, Palmitic Acid, Lauric Acid, Potassium Hydroxide, Stearic Acid, PEG-8, Propylene Glycol, Glyceryl Stearate, Alcohol Denat., Sodium&nbsp;C14-16 Olefin Sulfonate, Polyquaternium-7, PEG-14M, Sodium Benzoate, Fragrance, Potassium Sorbate, Capric Acid, Hexadecene, Tetradecene, Disodium EDTA, Sodium Sulfate, Allantoin, 1,2-Hexanediol, Sodium Hyaluronate, Ethylhexylglycerin, Sericin<\/p>\n","protected":false},"excerpt":{"rendered":"<p>\u00d5rn n\u00e4opesuvaht, mis puhastab efektiivselt nahka ja poore ilma nahka \u00e4rritamata ning samal ajal niisutab nahka. Sisaldab h\u00fcaluroonhapet, mis viib niiskuse s\u00fcgavale naha sisse ja j\u00e4tab naha niisutatuks pikaks ajaks. Kaks \u00fches toode &#8212; n\u00e4opesuvaht ja niisutaja. P\u00e4rast selle vahuga puhastamist on nahk ideaalselt puhas ja niisutatud. Sobib igale nahat\u00fc\u00fcbile, ka tundlikule nahale. Beausta eelised [&hellip;]<\/p>\n","protected":false},"featured_media":2229,"comment_status":"open","ping_status":"closed","template":"","meta":{"_acf_changed":false},"product_brand":[],"product_cat":[],"product_tag":[],"class_list":{"0":"post-744","1":"product","2":"type-product","3":"status-publish","4":"has-post-thumbnail","6":"brand-beausta","8":"first","9":"instock","10":"taxable","11":"shipping-taxable","12":"purchasable","13":"product-type-simple"},"bundle_layout":"","bundled_by":[],"bundled_items":[],"acf":[],"_links":{"self":[{"href":"https:\/\/meon.theskinhouse.ee\/ru\/wp-json\/wp\/v2\/product\/744","targetHints":{"allow":["GET"]}}],"collection":[{"href":"https:\/\/meon.theskinhouse.ee\/ru\/wp-json\/wp\/v2\/product"}],"about":[{"href":"https:\/\/meon.theskinhouse.ee\/ru\/wp-json\/wp\/v2\/types\/product"}],"replies":[{"embeddable":true,"href":"https:\/\/meon.theskinhouse.ee\/ru\/wp-json\/wp\/v2\/comments?post=744"}],"wp:featuredmedia":[{"embeddable":true,"href":"https:\/\/meon.theskinhouse.ee\/ru\/wp-json\/wp\/v2\/media\/2229"}],"wp:attachment":[{"href":"https:\/\/meon.theskinhouse.ee\/ru\/wp-json\/wp\/v2\/media?parent=744"}],"wp:term":[{"taxonomy":"product_brand","embeddable":true,"href":"https:\/\/meon.theskinhouse.ee\/ru\/wp-json\/wp\/v2\/product_brand?post=744"},{"taxonomy":"product_cat","embeddable":true,"href":"https:\/\/meon.theskinhouse.ee\/ru\/wp-json\/wp\/v2\/product_cat?post=744"},{"taxonomy":"product_tag","embeddable":true,"href":"https:\/\/meon.theskinhouse.ee\/ru\/wp-json\/wp\/v2\/product_tag?post=744"}],"curies":[{"name":"wp","href":"https:\/\/api.w.org\/{rel}","templated":true}]}}