{"id":734,"date":"2020-04-02T14:15:06","date_gmt":"2020-04-02T11:15:06","guid":{"rendered":"https:\/\/meon.theskinhouse.ee\/toode\/beausta-aloe-vera-soothing-gel-2\/"},"modified":"2026-04-09T23:20:02","modified_gmt":"2026-04-09T20:20:02","slug":"beausta-aloe-vera-soothing-gel-2","status":"publish","type":"product","link":"https:\/\/meon.theskinhouse.ee\/ru\/toode\/beausta-aloe-vera-soothing-gel-2\/","title":{"rendered":"Beausta Aloe Vera Soothing Gel"},"content":{"rendered":"<p>Multifunktsionaalne 96% aaloe geel, mis niisutab nahka, rahustab \u00e4rritusi, sobib p\u00e4ikesep\u00f5letuste leevendamiseks. Sisaldab lisaks h\u00fcaluroonhapet, pantenooli ja muid naturaalseid rahustavaid ja niisutavaid koostisosi. Tegemist on multifunktsionaalse tootega, mida v\u00f5ib kasutada n\u00e4ol, k\u00e4tel, jalgadel, kehal, juustel jne.<\/p>\n<p>Aaloe on alati olnud hinnas oma raviva toime p\u00e4rast. Seda on kasutatud nii kosmetoloogias kui ka meditsiinis erinevate haiguste ravimiseks. Aaloe lehed sisaldavad B, E ja C vitamiine, betakaroteeni, rohkem kui 20 aminohapet, eeterlikke \u00f5lisid ja paljusid ens\u00fc\u00fcme ning mikroelemente. Samuti on aaloe mahl antibakteriaalse, haavu parandava ja \u00e4rritusi leevendava toimega.<\/p>\n<p>Antud&nbsp;geel koondab endas parimaid aaloe mahla omadusi. Seda toodet kasutades, tunnete, kuidas:<\/p>\n<ul>\n<li>geel pehmendab ja niisutab&nbsp;nahka;<\/li>\n<li>nahk muutub elastsemaks;<\/li>\n<li>poorid avanevad, puhastuvad ja hakkavad &#171;hingama&#187;;<\/li>\n<li>nahas v\u00e4henevad pinged ja stress, \u00e4rritused rahunevad ning nahk muutub siledamaks;<\/li>\n<li>nahk muutub v\u00e4rskemaks ja elavamaks;<\/li>\n<li>naha\u00e4rritused ning vistrikud paranevad, nahk muutub tervemaks;<\/li>\n<li>rahustav ja jahutav toime p\u00e4rast p\u00e4evitamist.<\/li>\n<\/ul>\n<p>Maailma parimad kosmetoloogid soovitavad kasutada aaloe geeli, kui olete tihti p\u00e4ikese k\u00e4es, putukate (s\u00e4\u00e4skede, parmude jne) hammustuste puhul, akne j\u00e4lgede ja allergiliste reaktsioonide puhul. Mehed tundliku n\u00e4onahaga v\u00f5ivad kasutada aaloe geeli raseerimisj\u00e4rgse kreemina \u00e4rrituste rahustamiseks ja naha niisutamiseks.<\/p>\n<p>Aaloe geelil ei ole tugevat l\u00f5hna, ei j\u00e4ta nahka kleepuvaks.Toode on asendamatu nahap\u00f5letike ja \u00e4gedate vistrike puhul. Sobib kasutamaks k\u00f5ikides kehapiirkondades.<\/p>\n<p>\n<strong>Beausta eelised<\/strong><\/p>\n<ul>\n<li>Kompaktsed ja mugavad &#171;pouch&#187; t\u00fc\u00fcpi pakendid, mida on mugav kaasa v\u00f5tta.<\/li>\n<li>H\u00fcgieeniline pakend &#8212;&nbsp;tooted on pakendist&nbsp;h\u00f5lpsalt v\u00e4ljapigistatavad ja bakterid ei p\u00e4\u00e4se toote sisse, ei ole vajadust toodet s\u00f5rmega puudutada nagu kreemipurgi puhul.<\/li>\n<li>Trendikas ja kvaliteetne Korea kosmeetika taskukohase hinnaga.<\/li>\n<li>Beausta moto on: maksa&nbsp;toote, mitte pakendi eest! Ei ole m\u00f5tet kalli pakendi eest \u00fcle maksta.<\/li>\n<\/ul>\n<p>\n<strong>Kasutamine<\/strong><\/p>\n<p>Kandke m\u00f5\u00f5dukas kogus geeli kehale, n\u00e4ole v\u00f5i juustele vastavalt vajadusele.<\/p>\n<p><strong>Kogus<\/strong>: 20ml.<\/p>\n<p><strong>Koostis<\/strong><\/p>\n<p>Aloe Barbadensis Leaf Water, 1,2-Hexanediol, Water, Carbomer, Tromethamine, Fragrance, Caprylyl Glycol, Sodium Hyaluronate, Panthenol, Allantoin, Ethylhexylglycerin, Xylitylglucoside, Butylene Glycol, Anhydroxylitol, Xylitol, Glucose, Thymus Vulgaris (Thyme) Extract, Salvia Officinalis (Sage) Leaf Extract, Rosmarinus Officinalis (Rosemary) Extract, Mentha Arvensis Leaf Extract, Lavandula Angustifolia (Lavender) Extract, Jasminum Officinale (Jasmine) Extract, Borago Officinalis Extract, Anthemis Nobilis Flower Extract<\/p>\n","protected":false},"excerpt":{"rendered":"<p>Multifunktsionaalne 96% aaloe geel, mis niisutab nahka, rahustab \u00e4rritusi, sobib p\u00e4ikesep\u00f5letuste leevendamiseks. Sisaldab lisaks h\u00fcaluroonhapet, pantenooli ja muid naturaalseid rahustavaid ja niisutavaid koostisosi. Tegemist on multifunktsionaalse tootega, mida v\u00f5ib kasutada n\u00e4ol, k\u00e4tel, jalgadel, kehal, juustel jne. Aaloe on alati olnud hinnas oma raviva toime p\u00e4rast. Seda on kasutatud nii kosmetoloogias kui ka meditsiinis erinevate haiguste [&hellip;]<\/p>\n","protected":false},"featured_media":2299,"comment_status":"open","ping_status":"closed","template":"","meta":{"_acf_changed":false},"product_brand":[],"product_cat":[],"product_tag":[],"class_list":{"0":"post-734","1":"product","2":"type-product","3":"status-publish","4":"has-post-thumbnail","6":"brand-beausta","8":"first","9":"instock","10":"taxable","11":"shipping-taxable","12":"purchasable","13":"product-type-simple"},"bundle_layout":"","bundled_by":[],"bundled_items":[],"acf":[],"_links":{"self":[{"href":"https:\/\/meon.theskinhouse.ee\/ru\/wp-json\/wp\/v2\/product\/734","targetHints":{"allow":["GET"]}}],"collection":[{"href":"https:\/\/meon.theskinhouse.ee\/ru\/wp-json\/wp\/v2\/product"}],"about":[{"href":"https:\/\/meon.theskinhouse.ee\/ru\/wp-json\/wp\/v2\/types\/product"}],"replies":[{"embeddable":true,"href":"https:\/\/meon.theskinhouse.ee\/ru\/wp-json\/wp\/v2\/comments?post=734"}],"wp:featuredmedia":[{"embeddable":true,"href":"https:\/\/meon.theskinhouse.ee\/ru\/wp-json\/wp\/v2\/media\/2299"}],"wp:attachment":[{"href":"https:\/\/meon.theskinhouse.ee\/ru\/wp-json\/wp\/v2\/media?parent=734"}],"wp:term":[{"taxonomy":"product_brand","embeddable":true,"href":"https:\/\/meon.theskinhouse.ee\/ru\/wp-json\/wp\/v2\/product_brand?post=734"},{"taxonomy":"product_cat","embeddable":true,"href":"https:\/\/meon.theskinhouse.ee\/ru\/wp-json\/wp\/v2\/product_cat?post=734"},{"taxonomy":"product_tag","embeddable":true,"href":"https:\/\/meon.theskinhouse.ee\/ru\/wp-json\/wp\/v2\/product_tag?post=734"}],"curies":[{"name":"wp","href":"https:\/\/api.w.org\/{rel}","templated":true}]}}