{"id":732,"date":"2020-04-02T14:15:06","date_gmt":"2020-04-02T11:15:06","guid":{"rendered":"https:\/\/meon.theskinhouse.ee\/toode\/beausta-blemish-clear-cream-2\/"},"modified":"2026-04-09T23:20:01","modified_gmt":"2026-04-09T20:20:01","slug":"beausta-blemish-clear-cream-2","status":"publish","type":"product","link":"https:\/\/meon.theskinhouse.ee\/ru\/toode\/beausta-blemish-clear-cream-2\/","title":{"rendered":"Beausta Blemish Clear Cream"},"content":{"rendered":"<p>Niisutav ja rahustav n\u00e4okreem. Sisaldab h\u00fcaluroonhapet, pantenooli ja muid naturaalseid niisutavaid ja \u00e4rritusi ja tundlikkust leevendavaid koostisosi.<\/p>\n<p><strong>Peamised koostisosad<\/strong><\/p>\n<ul>\n<li>Pantenool &#8212; rahustab \u00e4rritunud nahka, leevendab naha tundlikkust.<\/li>\n<li>H\u00fcaluroonhape &#8212;&nbsp;niisutav komponent, mis viib niiskuse s\u00fcgavale naha sisse ja hoiab naha niiskustaset pikaajaliselt k\u00f5rgel tasemel.<\/li>\n<li>Allantoiin &#8212; naturaalne komponent, mis on kuulus oma nahka regenereeriva toime poolest. Allantoiin kiirendab naha uuenemise protsesse, t\u00e4nu sellele paranevad kiiremini haavad, armid ja erinevad mikrokahjustused.&nbsp;<\/li>\n<li>Aasia vesinaba &#8212;&nbsp;tuntud ravimtaim, mida kasutatakse t\u00e4nap\u00e4eval laialdaselt kosmetoloogias. Aasia vesinaba on aastasadu kasutatud idamaade rahvameditsiinis. Ta on t\u00f5eliselt imelise toimega &#8212; parandab haavu, leevendab p\u00f5letikke ja \u00e4rritusi, toimib noorendavalt, sest stimuleerib kollageeni s\u00fcnteesi (nahk hakkab ise oma loomulikku kollageeni rohkem tootma). Aasia vesinaba on rahustava toimega, on tugev antioks\u00fcdant, taastab naha kaitsev\u00f5imet. Kui naha loomulik kaitsev\u00f5ime on erinevate kahjulike keskkonnam\u00f5jude t\u00f5ttu h\u00e4iritud, muutub nahk tundlikkus. Aasia vesinaba taastab naha kaitsev\u00f5imet ning seel\u00e4bi v\u00e4hendab naha tundlikkust. On leitud ka positiivne m\u00f5ju rosaatsia ja kuperoosa korral.<\/li>\n<\/ul>\n<p>\n<strong>Beausta eelised<\/strong><\/p>\n<ul>\n<li>Kompaktsed ja mugavad &#171;pouch&#187; t\u00fc\u00fcpi pakendid, mida on mugav kaasa v\u00f5tta.<\/li>\n<li>H\u00fcgieeniline pakend &#8212;&nbsp;tooted on pakendist&nbsp;h\u00f5lpsalt v\u00e4ljapigistatavad ja bakterid ei p\u00e4\u00e4se toote sisse, ei ole vajadust toodet s\u00f5rmega puudutada nagu kreemipurgi puhul.<\/li>\n<li>Trendikas ja kvaliteetne Korea kosmeetika taskukohase hinnaga.<\/li>\n<li>Beausta moto on: maksa&nbsp;toote, mitte pakendi eest! Ei ole m\u00f5tet kalli pakendi eest \u00fcle maksta.<\/li>\n<\/ul>\n<p>\n<strong>Kasutamine<\/strong><\/p>\n<p>Kandke m\u00f5\u00f5dukas kogus kreemi viimase n\u00e4ohooldusetapina, patsutage imendumiseni<\/p>\n<p><strong>Kogus<\/strong>: 15ml.&nbsp;<\/p>\n<p><strong>Koostis<\/strong><\/p>\n<p>Water, Glycerin, Butylene Glycol, Niacinamide, Pentylene Glycol, Hydrogenated Polydecene, 1,2-Hexanediol, Panthenol, Cyclopentasiloxane, Hydroxyethyl Acrylate\/Sodium Acryloyldimethyl Taurate Copolymer, Cetearyl Olivate, Acrylates\/C10-30 Alkyl Acrylate Crosspolymer, Sorbitan Olivate, Tromethamine, Hydroxyacetophenone, Caprylyl Glycol, Caprylyl Methicone, Dimethicone\/Vinyl Dimethicone Crosspolymer, Fragrance, Ethylhexylglycerin, Sodium Hyaluronate, Disodium EDTA, Polymethylsilsesquioxane, Glyceryl Acrylate\/Acrylic Acid Copolymer, Dimethiconol, PVM\/MA Copolymer, Allantoin, Centella Asiatica Extract, Madecassoside, Asiaticoside, Dextrin<\/p>\n","protected":false},"excerpt":{"rendered":"<p>Niisutav ja rahustav n\u00e4okreem. Sisaldab h\u00fcaluroonhapet, pantenooli ja muid naturaalseid niisutavaid ja \u00e4rritusi ja tundlikkust leevendavaid koostisosi. Peamised koostisosad Pantenool &#8212; rahustab \u00e4rritunud nahka, leevendab naha tundlikkust. H\u00fcaluroonhape &#8212;&nbsp;niisutav komponent, mis viib niiskuse s\u00fcgavale naha sisse ja hoiab naha niiskustaset pikaajaliselt k\u00f5rgel tasemel. Allantoiin &#8212; naturaalne komponent, mis on kuulus oma nahka regenereeriva toime poolest. [&hellip;]<\/p>\n","protected":false},"featured_media":2303,"comment_status":"open","ping_status":"closed","template":"","meta":{"_acf_changed":false},"product_brand":[],"product_cat":[],"product_tag":[],"class_list":{"0":"post-732","1":"product","2":"type-product","3":"status-publish","4":"has-post-thumbnail","6":"brand-beausta","8":"first","9":"instock","10":"taxable","11":"shipping-taxable","12":"purchasable","13":"product-type-simple"},"bundle_layout":"","bundled_by":[],"bundled_items":[],"acf":[],"_links":{"self":[{"href":"https:\/\/meon.theskinhouse.ee\/ru\/wp-json\/wp\/v2\/product\/732","targetHints":{"allow":["GET"]}}],"collection":[{"href":"https:\/\/meon.theskinhouse.ee\/ru\/wp-json\/wp\/v2\/product"}],"about":[{"href":"https:\/\/meon.theskinhouse.ee\/ru\/wp-json\/wp\/v2\/types\/product"}],"replies":[{"embeddable":true,"href":"https:\/\/meon.theskinhouse.ee\/ru\/wp-json\/wp\/v2\/comments?post=732"}],"wp:featuredmedia":[{"embeddable":true,"href":"https:\/\/meon.theskinhouse.ee\/ru\/wp-json\/wp\/v2\/media\/2303"}],"wp:attachment":[{"href":"https:\/\/meon.theskinhouse.ee\/ru\/wp-json\/wp\/v2\/media?parent=732"}],"wp:term":[{"taxonomy":"product_brand","embeddable":true,"href":"https:\/\/meon.theskinhouse.ee\/ru\/wp-json\/wp\/v2\/product_brand?post=732"},{"taxonomy":"product_cat","embeddable":true,"href":"https:\/\/meon.theskinhouse.ee\/ru\/wp-json\/wp\/v2\/product_cat?post=732"},{"taxonomy":"product_tag","embeddable":true,"href":"https:\/\/meon.theskinhouse.ee\/ru\/wp-json\/wp\/v2\/product_tag?post=732"}],"curies":[{"name":"wp","href":"https:\/\/api.w.org\/{rel}","templated":true}]}}