{"id":728,"date":"2020-04-02T14:15:06","date_gmt":"2020-04-02T11:15:06","guid":{"rendered":"https:\/\/meon.theskinhouse.ee\/toode\/beausta-gold-peel-off-mask-2\/"},"modified":"2026-04-09T23:20:01","modified_gmt":"2026-04-09T20:20:01","slug":"beausta-gold-peel-off-mask-2","status":"publish","type":"product","link":"https:\/\/meon.theskinhouse.ee\/ru\/toode\/beausta-gold-peel-off-mask-2\/","title":{"rendered":"Beausta Gold Peel Off Mask"},"content":{"rendered":"<p>Poore puhastav kilemask kullaga. Eemaldab pooridest mustust, liigset rasu ja ummistusi, teeb naha pehmeks ja puhtaks. Kuld on antibakteriaalse toimega. Kilemask on kiire ja efektiivne viis naha ja pooride puhastamiseks &#8212; kogu mustus j\u00e4\u00e4b maski sisepinnale. Mask sisaldab lisaks niisutavaid ja rahustavaid koostisosi, et v\u00e4ltida naha kuivamist ja tundlikkust.<\/p>\n<p><strong>Peamised koostisosad<\/strong><\/p>\n<ul>\n<li>Pantenool &#8212; rahustab \u00e4rritunud nahka, leevendab naha tundlikkust.<\/li>\n<li>Allantoiin &#8212; naturaalne komponent, mis on kuulus oma nahka regenereeriva toime poolest. Allantoiin kiirendab naha uuenemise protsesse, t\u00e4nu sellele paranevad kiiremini haavad, armid ja erinevad mikrokahjustused.&nbsp;<\/li>\n<li>24K kuld &#8212; looduslik antiseptik, antibakteriaalse toimega, sobib h\u00e4sti tundlikule nahale.<\/li>\n<li>Ravimtaimed (t\u00fc\u00fcmian, aedsalvei, rosmariin, lavendel, p\u00f5ldm\u00fcnt, jasmiin jne) &#8212; looduslikud vitamiinirikkad ekstraktid, mis toidavad nahka vitamiinidega, sisaldavad palju antioks\u00fcdante ja&nbsp;kasulikke mineraale.<\/li>\n<\/ul>\n<p>\n<strong>Beausta eelised<\/strong><\/p>\n<ul>\n<li>Kompaktsed ja mugavad &#171;pouch&#187; t\u00fc\u00fcpi pakendid, mida on mugav kaasa v\u00f5tta.<\/li>\n<li>H\u00fcgieeniline pakend &#8212;&nbsp;tooted on pakendist&nbsp;h\u00f5lpsalt v\u00e4ljapigistatavad ja bakterid ei p\u00e4\u00e4se toote sisse, ei ole vajadust toodet s\u00f5rmega puudutada nagu kreemipurgi puhul.<\/li>\n<li>Trendikas ja kvaliteetne Korea kosmeetika taskukohase hinnaga.<\/li>\n<li>Beausta moto on: maksa&nbsp;toote, mitte pakendi eest! Ei ole m\u00f5tet kalli pakendi eest \u00fcle maksta.<\/li>\n<\/ul>\n<p>\n<strong>Kasutamine<\/strong><\/p>\n<p>Kandke geel puhtale ja kuivale n\u00e4onahale ja hajutage, v\u00e4ltides suu ja silmade piirkonda, j\u00e4tke peale 20-30-ks minutiks. Kui mask on \u00e4ra kuivanud, t\u00f5mmake tekkinud kile ettevaatlikult \u00e4ra \u00fclevalt alla.&nbsp;Enne kasutamist soovitame avada poore sooja r\u00e4tiku v\u00f5i veeauru abil.<\/p>\n<p><strong>Kogus<\/strong>: 20ml.<\/p>\n<p><strong>Koostis<\/strong><\/p>\n<p>Water, Alcohol Denat., Polyvinyl Alcohol, PVP, Butylene Glycol, PEG-32, 1,2-Hexanediol, Glycerin, Cellulose Gum, Microcrystalline Cellulose, Synthetic Fluorphlogopite, Styrene\/Acrylates Copolymer, Fragrance, Titanium Dioxide, CI77491, Coco-glucoside, Disodium EDTA, Benzoic Acid, Tin Oxide, Silica, Panthenol, Allantoin, Honey Extract, Camellia Sinensis leaf Extract, Thymus Vulgaris (Thyme) Extract, Salvia Officinalis (Sage) Leaf Extract, Rosmarinus Officinalis (Rosemary) Extract, Mentha Arvensis Leaf Extract, Lavandula Angustifolia (Lavender) Extract, Jasminum Officinale (Jasmine) Extract, Borago Officinalis Extract, Anthemis Nobilis Flower Extract, Gold<\/p>\n<div>&nbsp;<\/div>\n","protected":false},"excerpt":{"rendered":"<p>Poore puhastav kilemask kullaga. Eemaldab pooridest mustust, liigset rasu ja ummistusi, teeb naha pehmeks ja puhtaks. Kuld on antibakteriaalse toimega. Kilemask on kiire ja efektiivne viis naha ja pooride puhastamiseks &#8212; kogu mustus j\u00e4\u00e4b maski sisepinnale. Mask sisaldab lisaks niisutavaid ja rahustavaid koostisosi, et v\u00e4ltida naha kuivamist ja tundlikkust. Peamised koostisosad Pantenool &#8212; rahustab \u00e4rritunud [&hellip;]<\/p>\n","protected":false},"featured_media":2307,"comment_status":"open","ping_status":"closed","template":"","meta":{"_acf_changed":false},"product_brand":[],"product_cat":[],"product_tag":[],"class_list":{"0":"post-728","1":"product","2":"type-product","3":"status-publish","4":"has-post-thumbnail","6":"brand-beausta","8":"first","9":"instock","10":"taxable","11":"shipping-taxable","12":"purchasable","13":"product-type-simple"},"bundle_layout":"","bundled_by":[],"bundled_items":[],"acf":[],"_links":{"self":[{"href":"https:\/\/meon.theskinhouse.ee\/ru\/wp-json\/wp\/v2\/product\/728","targetHints":{"allow":["GET"]}}],"collection":[{"href":"https:\/\/meon.theskinhouse.ee\/ru\/wp-json\/wp\/v2\/product"}],"about":[{"href":"https:\/\/meon.theskinhouse.ee\/ru\/wp-json\/wp\/v2\/types\/product"}],"replies":[{"embeddable":true,"href":"https:\/\/meon.theskinhouse.ee\/ru\/wp-json\/wp\/v2\/comments?post=728"}],"wp:featuredmedia":[{"embeddable":true,"href":"https:\/\/meon.theskinhouse.ee\/ru\/wp-json\/wp\/v2\/media\/2307"}],"wp:attachment":[{"href":"https:\/\/meon.theskinhouse.ee\/ru\/wp-json\/wp\/v2\/media?parent=728"}],"wp:term":[{"taxonomy":"product_brand","embeddable":true,"href":"https:\/\/meon.theskinhouse.ee\/ru\/wp-json\/wp\/v2\/product_brand?post=728"},{"taxonomy":"product_cat","embeddable":true,"href":"https:\/\/meon.theskinhouse.ee\/ru\/wp-json\/wp\/v2\/product_cat?post=728"},{"taxonomy":"product_tag","embeddable":true,"href":"https:\/\/meon.theskinhouse.ee\/ru\/wp-json\/wp\/v2\/product_tag?post=728"}],"curies":[{"name":"wp","href":"https:\/\/api.w.org\/{rel}","templated":true}]}}