{"id":724,"date":"2020-04-02T14:15:05","date_gmt":"2020-04-02T11:15:05","guid":{"rendered":"https:\/\/meon.theskinhouse.ee\/toode\/beausta-blackhead-nose-mask-2\/"},"modified":"2026-04-09T23:20:01","modified_gmt":"2026-04-09T20:20:01","slug":"beausta-blackhead-nose-mask-2","status":"publish","type":"product","link":"https:\/\/meon.theskinhouse.ee\/ru\/toode\/beausta-blackhead-nose-mask-2\/","title":{"rendered":"Beausta Blackhead Nose Mask"},"content":{"rendered":"<p>Must kilemask ninale ja nina\u00fcmbrusele pooride puhastamiseks. T\u00f5mbab pooridest v\u00e4lja mustuse, liigse rasu, ummistused. Teeb naha puhtaks ja siledaks. Eemaldab efektiivselt nii avatud kui ka suletud komedoone, samuti surnud naharakke ja liigset rasu ninapiirkonnast.<\/p>\n<p><strong>Beausta eelised<\/strong><\/p>\n<ul>\n<li>Kompaktsed ja mugavad &#171;pouch&#187; t\u00fc\u00fcpi pakendid, mida on mugav kaasa v\u00f5tta.<\/li>\n<li>H\u00fcgieeniline pakend &#8212;&nbsp;tooted on pakendist&nbsp;h\u00f5lpsalt v\u00e4ljapigistatavad ja bakterid ei p\u00e4\u00e4se toote sisse, ei ole vajadust toodet s\u00f5rmega puudutada nagu kreemipurgi puhul.<\/li>\n<li>Trendikas ja kvaliteetne Korea kosmeetika taskukohase hinnaga.<\/li>\n<li>Beausta moto on: maksa&nbsp;toote, mitte pakendi eest! Ei ole m\u00f5tet kalli pakendi eest \u00fcle maksta.<\/li>\n<\/ul>\n<p>\n<strong>Kasutamine<\/strong><\/p>\n<p>Kandke geel puhtale ja kuivale nahale ninale ja nina \u00fcmber pooridele, hajutage, j\u00e4tke peale 20-30-ks minutiks. Kui mask on \u00e4ra kuivanud, t\u00f5mmake tekkinud kile ettevaatlikult \u00e4ra \u00fclevalt alla. Kasutage 1-2 korda n\u00e4dalas.<\/p>\n<p><strong>Kogus<\/strong>: 15ml.&nbsp;<\/p>\n<p><strong>Koostis<\/strong><\/p>\n<p>Water, PVP, Alcohol Denat., Polyvinyl Alcohol, Butylene Glycol, PEG-32, 1,2-Hexanediol, Glycerin, Bentonite, Carbon Black, Charcoal Powder, Cellulose Gum, Propylene glycol, Fragrance, Ceteth-20, PEG-60 Hydrogenated castor Oil, Disodium EDTA, Silica, Panthenol, Allantoin, Aloe Barbadensis Leaf Water, Camellia Sinensis leaf Extract, Thymus Vulgaris (Thyme) Extract, Salvia Officinalis (Sage) Leaf Extract, Rosmarinus Officinalis (Rosemary) Extract, Mentha Arvensis Leaf Extract, Lavandula Angustifolia (Lavender) Extract, Jasminum Officinale (Jasmine) Extract, Borago Officinalis Extract, Anthemis Nobilis Flower Extract, Caprylyl Glycol<\/p>\n","protected":false},"excerpt":{"rendered":"<p>Must kilemask ninale ja nina\u00fcmbrusele pooride puhastamiseks. T\u00f5mbab pooridest v\u00e4lja mustuse, liigse rasu, ummistused. Teeb naha puhtaks ja siledaks. Eemaldab efektiivselt nii avatud kui ka suletud komedoone, samuti surnud naharakke ja liigset rasu ninapiirkonnast. Beausta eelised Kompaktsed ja mugavad &#171;pouch&#187; t\u00fc\u00fcpi pakendid, mida on mugav kaasa v\u00f5tta. H\u00fcgieeniline pakend &#8212;&nbsp;tooted on pakendist&nbsp;h\u00f5lpsalt v\u00e4ljapigistatavad ja bakterid [&hellip;]<\/p>\n","protected":false},"featured_media":2319,"comment_status":"open","ping_status":"closed","template":"","meta":{"_acf_changed":false},"product_brand":[],"product_cat":[],"product_tag":[],"class_list":{"0":"post-724","1":"product","2":"type-product","3":"status-publish","4":"has-post-thumbnail","6":"brand-beausta","8":"first","9":"instock","10":"taxable","11":"shipping-taxable","12":"purchasable","13":"product-type-simple"},"bundle_layout":"","bundled_by":[],"bundled_items":[],"acf":[],"_links":{"self":[{"href":"https:\/\/meon.theskinhouse.ee\/ru\/wp-json\/wp\/v2\/product\/724","targetHints":{"allow":["GET"]}}],"collection":[{"href":"https:\/\/meon.theskinhouse.ee\/ru\/wp-json\/wp\/v2\/product"}],"about":[{"href":"https:\/\/meon.theskinhouse.ee\/ru\/wp-json\/wp\/v2\/types\/product"}],"replies":[{"embeddable":true,"href":"https:\/\/meon.theskinhouse.ee\/ru\/wp-json\/wp\/v2\/comments?post=724"}],"wp:featuredmedia":[{"embeddable":true,"href":"https:\/\/meon.theskinhouse.ee\/ru\/wp-json\/wp\/v2\/media\/2319"}],"wp:attachment":[{"href":"https:\/\/meon.theskinhouse.ee\/ru\/wp-json\/wp\/v2\/media?parent=724"}],"wp:term":[{"taxonomy":"product_brand","embeddable":true,"href":"https:\/\/meon.theskinhouse.ee\/ru\/wp-json\/wp\/v2\/product_brand?post=724"},{"taxonomy":"product_cat","embeddable":true,"href":"https:\/\/meon.theskinhouse.ee\/ru\/wp-json\/wp\/v2\/product_cat?post=724"},{"taxonomy":"product_tag","embeddable":true,"href":"https:\/\/meon.theskinhouse.ee\/ru\/wp-json\/wp\/v2\/product_tag?post=724"}],"curies":[{"name":"wp","href":"https:\/\/api.w.org\/{rel}","templated":true}]}}