{"id":722,"date":"2020-04-02T14:15:05","date_gmt":"2020-04-02T11:15:05","guid":{"rendered":"https:\/\/meon.theskinhouse.ee\/toode\/beausta-pink-tone-up-cream-2\/"},"modified":"2026-04-09T23:20:02","modified_gmt":"2026-04-09T20:20:02","slug":"beausta-pink-tone-up-cream-2","status":"publish","type":"product","link":"https:\/\/meon.theskinhouse.ee\/ru\/toode\/beausta-pink-tone-up-cream-2\/","title":{"rendered":"Beausta Pink Tone Up Cream"},"content":{"rendered":"<p>Toniseeriv, v\u00e4rskendav, niisutav ja nahatooni \u00fchtlustav roosakat tooni n\u00e4okreem v\u00e4sinud, tuhmunud ja stressis nahale, annab nahale s\u00e4ra ja helestab pigmendilaike.&nbsp;Kreem sisaldab niatsiinamiidi (vitamiin B3), mis aitab naharakke uuendada ja kaitsta kahjulike v\u00e4lism\u00f5jude eest. Niatsiinamiid \u00fchtlustab nahatooni, teeb naha v\u00e4rskemaks, kirgastab tuhmi nahka, aitab pigmendilaikude korral. Samuti aitab leevendada tundlikku nahka. Uuringud on n\u00e4idanud, et niatsiinamiid on efektiivne rosaatsea ja kuperoosa korral.<\/p>\n<p><strong>Beausta eelised<\/strong><\/p>\n<ul>\n<li>Kompaktsed ja mugavad &#171;pouch&#187; t\u00fc\u00fcpi pakendid, mida on mugav kaasa v\u00f5tta.<\/li>\n<li>H\u00fcgieeniline pakend &#8212;&nbsp;tooted on pakendist&nbsp;h\u00f5lpsalt v\u00e4ljapigistatavad ja bakterid ei p\u00e4\u00e4se toote sisse, ei ole vajadust toodet s\u00f5rmega puudutada nagu kreemipurgi puhul.<\/li>\n<li>Trendikas ja kvaliteetne Korea kosmeetika taskukohase hinnaga.<\/li>\n<li>Beausta moto on: maksa&nbsp;toote, mitte pakendi eest! Ei ole m\u00f5tet kalli pakendi eest \u00fcle maksta.<\/li>\n<\/ul>\n<p>\n<strong>Kasutamine<\/strong><\/p>\n<p>Kandke m\u00f5\u00f5dukas kogus kreemi viimase n\u00e4ohooldusetapina, patsutage imendumiseni.<\/p>\n<p><strong>Kogus<\/strong>: 15ml.<\/p>\n<p><strong>Koostis<\/strong><\/p>\n<p>Water, Glycerin, Dipropylene Glycol, Cyclopentasiloxane, PEG\/PPG-17\/6 Copolymer, Titanium Dioxide, Niacinamide, Bis-PEG-18 Methyl Ether Dimethyl Silane, Cyclohexasiloxane, 1,2-Hexanediol, Sodium Acrylate\/Sodium Acryloyldimethyl Taurate Copolymer, Dimethicone\/Vinyl Dimethicone Crosspolymer, Dimethicone, Isohexadecane, Hydroxyethyl Acrylate\/Sodium Acryloyldimethyl Taurate Copolymer, Sodium Polyacrylate, Polysorbate 80, Hydroxyacetophenone, Caprylyl Glycol, Fragrance, Aluminum Hydroxide, Ethylhexylglycerin, Triethoxycaprylylsilane, Dimethiconol, Disodium EDTA, Iron Oxide Red(CI 77491), Phenyl Trimethicone, Tripropylene Glycol, Panthenol, Prunus Serrulata Flower Extract, Propylene Glycol, Xylitylglucoside, Butylene Glycol, Anhydroxylitol, Paeonia Albiflora Flower Extract, Magnolia Liliflora Bud Extract, Lilium Candidum Flower Extract, Xylitol, CI 16185, Glucose<\/p>\n","protected":false},"excerpt":{"rendered":"<p>Toniseeriv, v\u00e4rskendav, niisutav ja nahatooni \u00fchtlustav roosakat tooni n\u00e4okreem v\u00e4sinud, tuhmunud ja stressis nahale, annab nahale s\u00e4ra ja helestab pigmendilaike.&nbsp;Kreem sisaldab niatsiinamiidi (vitamiin B3), mis aitab naharakke uuendada ja kaitsta kahjulike v\u00e4lism\u00f5jude eest. Niatsiinamiid \u00fchtlustab nahatooni, teeb naha v\u00e4rskemaks, kirgastab tuhmi nahka, aitab pigmendilaikude korral. Samuti aitab leevendada tundlikku nahka. Uuringud on n\u00e4idanud, et niatsiinamiid [&hellip;]<\/p>\n","protected":false},"featured_media":2271,"comment_status":"open","ping_status":"closed","template":"","meta":{"_acf_changed":false},"product_brand":[],"product_cat":[],"product_tag":[],"class_list":{"0":"post-722","1":"product","2":"type-product","3":"status-publish","4":"has-post-thumbnail","6":"brand-beausta","8":"first","9":"instock","10":"taxable","11":"shipping-taxable","12":"purchasable","13":"product-type-simple"},"bundle_layout":"","bundled_by":[],"bundled_items":[],"acf":[],"_links":{"self":[{"href":"https:\/\/meon.theskinhouse.ee\/ru\/wp-json\/wp\/v2\/product\/722","targetHints":{"allow":["GET"]}}],"collection":[{"href":"https:\/\/meon.theskinhouse.ee\/ru\/wp-json\/wp\/v2\/product"}],"about":[{"href":"https:\/\/meon.theskinhouse.ee\/ru\/wp-json\/wp\/v2\/types\/product"}],"replies":[{"embeddable":true,"href":"https:\/\/meon.theskinhouse.ee\/ru\/wp-json\/wp\/v2\/comments?post=722"}],"wp:featuredmedia":[{"embeddable":true,"href":"https:\/\/meon.theskinhouse.ee\/ru\/wp-json\/wp\/v2\/media\/2271"}],"wp:attachment":[{"href":"https:\/\/meon.theskinhouse.ee\/ru\/wp-json\/wp\/v2\/media?parent=722"}],"wp:term":[{"taxonomy":"product_brand","embeddable":true,"href":"https:\/\/meon.theskinhouse.ee\/ru\/wp-json\/wp\/v2\/product_brand?post=722"},{"taxonomy":"product_cat","embeddable":true,"href":"https:\/\/meon.theskinhouse.ee\/ru\/wp-json\/wp\/v2\/product_cat?post=722"},{"taxonomy":"product_tag","embeddable":true,"href":"https:\/\/meon.theskinhouse.ee\/ru\/wp-json\/wp\/v2\/product_tag?post=722"}],"curies":[{"name":"wp","href":"https:\/\/api.w.org\/{rel}","templated":true}]}}