{"id":720,"date":"2020-04-02T14:14:55","date_gmt":"2020-04-02T11:14:55","guid":{"rendered":"https:\/\/meon.theskinhouse.ee\/toode\/beausta-o2-bubble-mask-2\/"},"modified":"2026-04-09T23:20:01","modified_gmt":"2026-04-09T20:20:01","slug":"beausta-o2-bubble-mask-2","status":"publish","type":"product","link":"https:\/\/meon.theskinhouse.ee\/ru\/toode\/beausta-o2-bubble-mask-2\/","title":{"rendered":"Beausta O2 Bubble Mask"},"content":{"rendered":"<p>Vahutav s\u00fcgavpuhastav hapnikumask, mis s\u00fcgavpuhastab nahka ja puhastab poore. Teeb nahka ideaalselt puhtaks, pehmeks ja siledaks. P\u00e4rast maski asetamist n\u00e4ole hakkavad tekkima tihked, ent pehmed, mullid, mis eemaldavad efektiivselt s\u00fcgavale pooridesse tunginud mustust, seejuures nahka \u00e4rritamata. Mullitav efekt on kasulik vereringele ja toimib nagu mikromassaa\u017e. Mask sisaldab lisaks niisutavaid ja rahustavaid koostisosi, t\u00e4nu sellele mask ei kuivata ega \u00e4rrita nahka.<\/p>\n<p><strong>Beausta eelised<\/strong><\/p>\n<ul>\n<li>Kompaktsed ja mugavad &#171;pouch&#187; t\u00fc\u00fcpi pakendid, mida on mugav kaasa v\u00f5tta.<\/li>\n<li>H\u00fcgieeniline pakend &#8212;&nbsp;tooted on pakendist&nbsp;h\u00f5lpsalt v\u00e4ljapigistatavad ja bakterid ei p\u00e4\u00e4se toote sisse, ei ole vajadust toodet s\u00f5rmega puudutada nagu kreemipurgi puhul.<\/li>\n<li>Trendikas ja kvaliteetne Korea kosmeetika taskukohase hinnaga.<\/li>\n<li>Beausta moto on: maksa&nbsp;toote, mitte pakendi eest! Ei ole m\u00f5tet kalli pakendi eest \u00fcle maksta.<\/li>\n<\/ul>\n<p>\n<strong>Kasutamine<\/strong><\/p>\n<p>Kandke sobiv kogus maski kuivale n\u00e4onahale, v\u00e4ltides silmade piirkonda. Laske maskil m\u00f5juda, et tekiks vaht. Masseerige tekkinud vahuga \u00f5rnalt n\u00e4onahka, loputage leige veega.<\/p>\n<p><strong>Kogus<\/strong>: 20ml.<\/p>\n<p><strong>Koostis<\/strong><\/p>\n<p>Water, Cocamidopropyl Betaine, Methyl Perfluoroisobutyl Ether, Methyl Perfluorobutyl Ether, Butylene Glycol, Sodium C14-16 Olefin Sulfonate, Acrylates Copolymer, Sodium Chloride, Cocamide Methyl MEA, 1,2-Hexanediol, Potassium Hydroxide, Xanthan Gum, Hydroxyacetophenone, Caprylyl Glycol, Fragrance, Citric Acid, Glycerin, Tetradecene, Hexadecene, Ethylhexylglycerin, Sodium Sulfate, Disodium EDTA, Allantoin, Prunus Serrulata Flower Extract, Xylitylglucoside, Anhydroxylitol, Xylitol, Olea Europaea (olive) Fruit Oil, Macadamia Ternifolia Seed Oil, Helianthus Annuus (Sunflower) Seed Oil, Glucose, Sodium Hyaluronate&nbsp;<\/p>\n","protected":false},"excerpt":{"rendered":"<p>Vahutav s\u00fcgavpuhastav hapnikumask, mis s\u00fcgavpuhastab nahka ja puhastab poore. Teeb nahka ideaalselt puhtaks, pehmeks ja siledaks. P\u00e4rast maski asetamist n\u00e4ole hakkavad tekkima tihked, ent pehmed, mullid, mis eemaldavad efektiivselt s\u00fcgavale pooridesse tunginud mustust, seejuures nahka \u00e4rritamata. Mullitav efekt on kasulik vereringele ja toimib nagu mikromassaa\u017e. Mask sisaldab lisaks niisutavaid ja rahustavaid koostisosi, t\u00e4nu sellele mask [&hellip;]<\/p>\n","protected":false},"featured_media":2311,"comment_status":"open","ping_status":"closed","template":"","meta":{"_acf_changed":false},"product_brand":[],"product_cat":[],"product_tag":[],"class_list":{"0":"post-720","1":"product","2":"type-product","3":"status-publish","4":"has-post-thumbnail","6":"brand-beausta","8":"first","9":"instock","10":"taxable","11":"shipping-taxable","12":"purchasable","13":"product-type-simple"},"bundle_layout":"","bundled_by":[],"bundled_items":[],"acf":[],"_links":{"self":[{"href":"https:\/\/meon.theskinhouse.ee\/ru\/wp-json\/wp\/v2\/product\/720","targetHints":{"allow":["GET"]}}],"collection":[{"href":"https:\/\/meon.theskinhouse.ee\/ru\/wp-json\/wp\/v2\/product"}],"about":[{"href":"https:\/\/meon.theskinhouse.ee\/ru\/wp-json\/wp\/v2\/types\/product"}],"replies":[{"embeddable":true,"href":"https:\/\/meon.theskinhouse.ee\/ru\/wp-json\/wp\/v2\/comments?post=720"}],"wp:featuredmedia":[{"embeddable":true,"href":"https:\/\/meon.theskinhouse.ee\/ru\/wp-json\/wp\/v2\/media\/2311"}],"wp:attachment":[{"href":"https:\/\/meon.theskinhouse.ee\/ru\/wp-json\/wp\/v2\/media?parent=720"}],"wp:term":[{"taxonomy":"product_brand","embeddable":true,"href":"https:\/\/meon.theskinhouse.ee\/ru\/wp-json\/wp\/v2\/product_brand?post=720"},{"taxonomy":"product_cat","embeddable":true,"href":"https:\/\/meon.theskinhouse.ee\/ru\/wp-json\/wp\/v2\/product_cat?post=720"},{"taxonomy":"product_tag","embeddable":true,"href":"https:\/\/meon.theskinhouse.ee\/ru\/wp-json\/wp\/v2\/product_tag?post=720"}],"curies":[{"name":"wp","href":"https:\/\/api.w.org\/{rel}","templated":true}]}}