{"id":718,"date":"2020-04-02T14:14:55","date_gmt":"2020-04-02T11:14:55","guid":{"rendered":"https:\/\/meon.theskinhouse.ee\/toode\/beausta-all-in-one-moisturizer-2\/"},"modified":"2026-04-09T23:20:01","modified_gmt":"2026-04-09T20:20:01","slug":"beausta-all-in-one-moisturizer-2","status":"publish","type":"product","link":"https:\/\/meon.theskinhouse.ee\/ru\/toode\/beausta-all-in-one-moisturizer-2\/","title":{"rendered":"Beausta All In One Moisturizer"},"content":{"rendered":"<p>Multifunktsionaalne niisutav n\u00e4okreem, mis asendab toonikut, losjooni ja seerumit. Niisutab efektiivselt nahka, v\u00f5itleb kortsudega, pinguldab nahka ja toidab vitamiinidega.<\/p>\n<p><strong>Peamised koostisosad<\/strong><\/p>\n<ul>\n<li>Niatsiinamiid (vitamiin B3) \u2013 aktiivne komponent, mis aitab naharakke uuendada ja kaitsta kahjulike v\u00e4lism\u00f5jude eest. Niatsiinamiid \u00fchtlustab nahatooni, teeb naha v\u00e4rskemaks, kirgastab tuhmi nahka, aitab pigmendilaikude korral. Samuti aitab leevendada tundlikku nahka. Uuringud on n\u00e4idanud, et niatsiinamiid on efektiivne rosaatsea ja kuperoosa korral.<\/li>\n<li>H\u00fcaluroonhape &#8212;&nbsp;niisutav komponent, mis viib niiskuse s\u00fcgavale naha sisse ja hoiab naha niiskustaset pikaajaliselt k\u00f5rgel tasemel.<\/li>\n<li>Adenosiin \u2013 nukleosiid, mis moodustub naharakkudes ja mis stimuleerib kollageeni ja elastiini s\u00fcnteesi.<\/li>\n<li>Allantoiin &#8212; naturaalne komponent, mis on kuulus oma nahka regenereeriva toime poolest. Allantoiin kiirendab naha uuenemise protsesse, t\u00e4nu sellele paranevad kiiremini haavad, armid ja erinevad mikrokahjustused.&nbsp;<\/li>\n<li>Aasia vesinaba &#8212;&nbsp;tuntud ravimtaim, mida kasutatakse t\u00e4nap\u00e4eval laialdaselt kosmetoloogias. Aasia vesinaba on aastasadu kasutatud idamaade rahvameditsiinis. Ta on t\u00f5eliselt imelise toimega &#8212; parandab haavu, leevendab p\u00f5letikke ja \u00e4rritusi, toimib noorendavalt, sest stimuleerib kollageeni s\u00fcnteesi (nahk hakkab ise oma loomulikku kollageeni rohkem tootma). Aasia vesinaba on rahustava toimega, on tugev antioks\u00fcdant, taastab naha kaitsev\u00f5imet. Kui naha loomulik kaitsev\u00f5ime on erinevate kahjulike keskkonnam\u00f5jude t\u00f5ttu h\u00e4iritud, muutub nahk tundlikkus. Aasia vesinaba taastab naha kaitsev\u00f5imet ning seel\u00e4bi v\u00e4hendab naha tundlikkust. On leitud ka positiivne m\u00f5ju rosaatsia ja kuperoosa korral.<\/li>\n<\/ul>\n<p>\n<strong>Beausta eelised<\/strong><\/p>\n<ul>\n<li>Kompaktsed ja mugavad &#171;pouch&#187; t\u00fc\u00fcpi pakendid, mida on mugav kaasa v\u00f5tta.<\/li>\n<li>H\u00fcgieeniline pakend &#8212;&nbsp;tooted on pakendist&nbsp;h\u00f5lpsalt v\u00e4ljapigistatavad ja bakterid ei p\u00e4\u00e4se toote sisse, ei ole vajadust toodet s\u00f5rmega puudutada nagu kreemipurgi puhul.<\/li>\n<li>Trendikas ja kvaliteetne Korea kosmeetika taskukohase hinnaga.<\/li>\n<li>Beausta moto on: maksa&nbsp;toote, mitte pakendi eest! Ei ole m\u00f5tet kalli pakendi eest \u00fcle maksta.<\/li>\n<\/ul>\n<p>\n<strong>Kasutamine<\/strong><\/p>\n<p>Kandke m\u00f5\u00f5dukas kogus kreemi viimase n\u00e4ohooldusetapina, patsutage imendumiseni.<\/p>\n<p><strong>Kogus<\/strong>: 15ml.&nbsp;<\/p>\n<p><strong>Koostis<\/strong><\/p>\n<p>Water, Butylene Glycol, Dimethicone, Dipropylene Glycol, Niacinamide, Cetyl EthylHexanoate, Caprylic\/Capric Triglyceride, Cetearyl Alcohol, Hydrogenated Polydecene, Beeswax, Glyceryl Stearate, Polysorbate 60, Betaine, 1,2-Hexanediol, Polyacrylate-13, Polyisobutene, Pelargonium Graveolens Flower Oil, PEG-100 Stearate, Hydroxyacetophenone, Caprylyl Glycol, Carbomer, Sodium Hyaluronate, Ethylhexylglycerin, Xanthan Gum, Tromethamine, Sorbitan Isostearate, Polysorbate 20, Adenosine, Tocopheryl Acetate, Disodium EDTA, Fragrance, Citrus Aurantium Bergamia (Bergamot) Fruit Oil, Tripropylene Glycol, Pinus Sylvestris Leaf Oil, Helianthus Annuus (Sunflower) Seed Oil, Allantoin, Centella Asiatica Extract, Propylene Glycol<\/p>\n","protected":false},"excerpt":{"rendered":"<p>Multifunktsionaalne niisutav n\u00e4okreem, mis asendab toonikut, losjooni ja seerumit. Niisutab efektiivselt nahka, v\u00f5itleb kortsudega, pinguldab nahka ja toidab vitamiinidega. Peamised koostisosad Niatsiinamiid (vitamiin B3) \u2013 aktiivne komponent, mis aitab naharakke uuendada ja kaitsta kahjulike v\u00e4lism\u00f5jude eest. Niatsiinamiid \u00fchtlustab nahatooni, teeb naha v\u00e4rskemaks, kirgastab tuhmi nahka, aitab pigmendilaikude korral. Samuti aitab leevendada tundlikku nahka. Uuringud on [&hellip;]<\/p>\n","protected":false},"featured_media":2267,"comment_status":"open","ping_status":"closed","template":"","meta":{"_acf_changed":false},"product_brand":[],"product_cat":[],"product_tag":[],"class_list":{"0":"post-718","1":"product","2":"type-product","3":"status-publish","4":"has-post-thumbnail","6":"brand-beausta","8":"first","9":"instock","10":"taxable","11":"shipping-taxable","12":"purchasable","13":"product-type-simple"},"bundle_layout":"","bundled_by":[],"bundled_items":[],"acf":[],"_links":{"self":[{"href":"https:\/\/meon.theskinhouse.ee\/ru\/wp-json\/wp\/v2\/product\/718","targetHints":{"allow":["GET"]}}],"collection":[{"href":"https:\/\/meon.theskinhouse.ee\/ru\/wp-json\/wp\/v2\/product"}],"about":[{"href":"https:\/\/meon.theskinhouse.ee\/ru\/wp-json\/wp\/v2\/types\/product"}],"replies":[{"embeddable":true,"href":"https:\/\/meon.theskinhouse.ee\/ru\/wp-json\/wp\/v2\/comments?post=718"}],"wp:featuredmedia":[{"embeddable":true,"href":"https:\/\/meon.theskinhouse.ee\/ru\/wp-json\/wp\/v2\/media\/2267"}],"wp:attachment":[{"href":"https:\/\/meon.theskinhouse.ee\/ru\/wp-json\/wp\/v2\/media?parent=718"}],"wp:term":[{"taxonomy":"product_brand","embeddable":true,"href":"https:\/\/meon.theskinhouse.ee\/ru\/wp-json\/wp\/v2\/product_brand?post=718"},{"taxonomy":"product_cat","embeddable":true,"href":"https:\/\/meon.theskinhouse.ee\/ru\/wp-json\/wp\/v2\/product_cat?post=718"},{"taxonomy":"product_tag","embeddable":true,"href":"https:\/\/meon.theskinhouse.ee\/ru\/wp-json\/wp\/v2\/product_tag?post=718"}],"curies":[{"name":"wp","href":"https:\/\/api.w.org\/{rel}","templated":true}]}}