{"id":716,"date":"2020-04-02T14:14:55","date_gmt":"2020-04-02T11:14:55","guid":{"rendered":"https:\/\/meon.theskinhouse.ee\/toode\/beausta-aqua-sleeping-mask-2\/"},"modified":"2026-04-09T23:20:02","modified_gmt":"2026-04-09T20:20:02","slug":"beausta-aqua-sleeping-mask-2","status":"publish","type":"product","link":"https:\/\/meon.theskinhouse.ee\/ru\/toode\/beausta-aqua-sleeping-mask-2\/","title":{"rendered":"Beausta Aqua Sleeping Mask"},"content":{"rendered":"<p>\u00d6\u00f6mask (\u00f6\u00f6kreem) keramiididega, mis taastab ja niisutab nahka sel ajal, kui te magate. Sisaldab vitamiinirikkaid taimseid ekstrakte ja h\u00fcaluroonhapet. H\u00fcaluroonhape viib niiskuse s\u00fcgavale naha sisse ja keramiidid tekitavad nahale n\u00e4htamatu kaitsekihi, mis ei lase nahal kuivada. T\u00e4nu sellele j\u00e4\u00e4b nahk niisutatud pikaks ajaks. \u00d6\u00f6mask toimib terve \u00f6\u00f6 jooksul. Kuna \u00f6\u00f6sel toimivad naha taastumisprotsessid paremini, suudab \u00f6\u00f6mask efektiivselt naha seisukorda parandada.&nbsp;Hommikuks on nahk v\u00e4rskem, pehmem, tervem ja niisutatud.&nbsp;<\/p>\n<p><strong>Beausta eelised<\/strong><\/p>\n<ul>\n<li>Kompaktsed ja mugavad &#171;pouch&#187; t\u00fc\u00fcpi pakendid, mida on mugav kaasa v\u00f5tta.<\/li>\n<li>H\u00fcgieeniline pakend &#8212;&nbsp;tooted on pakendist&nbsp;h\u00f5lpsalt v\u00e4ljapigistatavad ja bakterid ei p\u00e4\u00e4se toote sisse, ei ole vajadust toodet s\u00f5rmega puudutada nagu kreemipurgi puhul.<\/li>\n<li>Trendikas ja kvaliteetne Korea kosmeetika taskukohase hinnaga.<\/li>\n<li>Beausta moto on: maksa&nbsp;toote, mitte pakendi eest! Ei ole m\u00f5tet kalli pakendi eest \u00fcle maksta.<\/li>\n<\/ul>\n<p>\n<strong>Kasutamine<\/strong><\/p>\n<p>Kasutage enne magamaminekut viimase nahahoolduse etapina. Kandke m\u00f5\u00f5dukas kogus \u00f6\u00f6maski n\u00e4ole ja kaelale ja j\u00e4tke peale. Hommikul peske n\u00e4gu.<\/p>\n<p><strong>Kogus<\/strong>: 20ml<\/p>\n<p><strong>Koostis<\/strong><\/p>\n<p>Water, Butylene Glycol, Cyclopentasiloxane, Trehalose, Glycerin, Cyclohexasiloxane, Dimethicone, Polysorbate 20, Propanediol, Carbomer, 1,2-Hexanediol, Tromethamine, Dimethicone\/Vinyl Dimethicone Crosspolymer, Hydroxyacetophenone, Caprylyl Glycol, Ethylhexylglycerin, Ammonium Acryloyldimethyltaurate\/VP copolymer, Fragrance, Disodium EDTA, Sodium Hyaluronate, Panthenol, Honey Extract, Cananga Odorata Flower Oil, Pelargonium Graveolens Flower Oil, Ceramide NP, Citrus Aurantium Amara (Bitter Orange) Flower Oil<\/p>\n","protected":false},"excerpt":{"rendered":"<p>\u00d6\u00f6mask (\u00f6\u00f6kreem) keramiididega, mis taastab ja niisutab nahka sel ajal, kui te magate. Sisaldab vitamiinirikkaid taimseid ekstrakte ja h\u00fcaluroonhapet. H\u00fcaluroonhape viib niiskuse s\u00fcgavale naha sisse ja keramiidid tekitavad nahale n\u00e4htamatu kaitsekihi, mis ei lase nahal kuivada. T\u00e4nu sellele j\u00e4\u00e4b nahk niisutatud pikaks ajaks. \u00d6\u00f6mask toimib terve \u00f6\u00f6 jooksul. Kuna \u00f6\u00f6sel toimivad naha taastumisprotsessid paremini, suudab [&hellip;]<\/p>\n","protected":false},"featured_media":2225,"comment_status":"open","ping_status":"closed","template":"","meta":{"_acf_changed":false},"product_brand":[],"product_cat":[],"product_tag":[],"class_list":{"0":"post-716","1":"product","2":"type-product","3":"status-publish","4":"has-post-thumbnail","6":"brand-beausta","8":"first","9":"instock","10":"taxable","11":"shipping-taxable","12":"purchasable","13":"product-type-simple"},"bundle_layout":"","bundled_by":[],"bundled_items":[],"acf":[],"_links":{"self":[{"href":"https:\/\/meon.theskinhouse.ee\/ru\/wp-json\/wp\/v2\/product\/716","targetHints":{"allow":["GET"]}}],"collection":[{"href":"https:\/\/meon.theskinhouse.ee\/ru\/wp-json\/wp\/v2\/product"}],"about":[{"href":"https:\/\/meon.theskinhouse.ee\/ru\/wp-json\/wp\/v2\/types\/product"}],"replies":[{"embeddable":true,"href":"https:\/\/meon.theskinhouse.ee\/ru\/wp-json\/wp\/v2\/comments?post=716"}],"wp:featuredmedia":[{"embeddable":true,"href":"https:\/\/meon.theskinhouse.ee\/ru\/wp-json\/wp\/v2\/media\/2225"}],"wp:attachment":[{"href":"https:\/\/meon.theskinhouse.ee\/ru\/wp-json\/wp\/v2\/media?parent=716"}],"wp:term":[{"taxonomy":"product_brand","embeddable":true,"href":"https:\/\/meon.theskinhouse.ee\/ru\/wp-json\/wp\/v2\/product_brand?post=716"},{"taxonomy":"product_cat","embeddable":true,"href":"https:\/\/meon.theskinhouse.ee\/ru\/wp-json\/wp\/v2\/product_cat?post=716"},{"taxonomy":"product_tag","embeddable":true,"href":"https:\/\/meon.theskinhouse.ee\/ru\/wp-json\/wp\/v2\/product_tag?post=716"}],"curies":[{"name":"wp","href":"https:\/\/api.w.org\/{rel}","templated":true}]}}