{"id":712,"date":"2020-04-02T14:14:55","date_gmt":"2020-04-02T11:14:55","guid":{"rendered":"https:\/\/meon.theskinhouse.ee\/toode\/beausta-deep-clean-cleansing-oil-2\/"},"modified":"2026-04-09T23:20:02","modified_gmt":"2026-04-09T20:20:02","slug":"beausta-deep-clean-cleansing-oil-2","status":"publish","type":"product","link":"https:\/\/meon.theskinhouse.ee\/ru\/toode\/beausta-deep-clean-cleansing-oil-2\/","title":{"rendered":"Beausta Deep Clean Cleansing Oil"},"content":{"rendered":"<p>S\u00fcgavpuhastava toimega h\u00fcdrofiilne (vees lahustuv) meigieemaldus\u00f5li oliivi\u00f5li baasil. Veega kokkupuutel muutub pehmeks piimjaks vedelikuks, mis lahustab efektiivselt ka k\u00f5ige kindlamat kosmeetikat, kuid ei j\u00e4ta nahka \u00f5liseks ega kleepuvaks, seet\u00f5ttu sobib igale nahale, ka rasusele. Ei ummista poore ja sobib ka tundlikule nahale.&nbsp;H\u00fcdrofiilset \u00f5li peetakse k\u00f5ige efektiivsemaks meigieemaldusvahendiks, sest ta lahustab kosmeetikat \u2013 ka seda, mis on sattunud pooridesse.&nbsp;\u00d5li suudab lahustada meigij\u00e4\u00e4ke, mustust ja komedoone ka s\u00fcgavalt pooride seest, t\u00e4nu millele muutuvad poorid puhtamaks ja visuaalselt v\u00e4iksemaks.<\/p>\n<p><strong>Beausta eelised<\/strong><\/p>\n<ul>\n<li>Kompaktsed ja mugavad &#171;pouch&#187; t\u00fc\u00fcpi pakendid, mida on mugav kaasa v\u00f5tta.<\/li>\n<li>H\u00fcgieeniline pakend &#8212;&nbsp;tooted on pakendist&nbsp;h\u00f5lpsalt v\u00e4ljapigistatavad ja bakterid ei p\u00e4\u00e4se toote sisse, ei ole vajadust toodet s\u00f5rmega puudutada nagu kreemipurgi puhul.<\/li>\n<li>Trendikas ja kvaliteetne Korea kosmeetika taskukohase hinnaga.<\/li>\n<li>Beausta moto on: maksa&nbsp;toote, mitte pakendi eest! Ei ole m\u00f5tet kalli pakendi eest \u00fcle maksta.<\/li>\n<\/ul>\n<p>\n<strong>Kasutamine<\/strong><\/p>\n<p>Kandke \u00f5li kuivale n\u00e4onahale, masseerige ringliigutustega u. 20-30 sekundi v\u00e4ltel. Seej\u00e4rel lisage veidi vett ja masseerige veel, et \u00f5li muutuks emulsiooniks. Loputage leige veega.&nbsp;<\/p>\n<p><strong>Kogus<\/strong>: 15ml<\/p>\n<p><strong>Koostis<\/strong><\/p>\n<p>Olea Europaea (olive) Fruit Oil, Mineral Oil, Caprylic\/Capric Triglyceride,&nbsp;Sorbeth-30 Tetraoleate, Fragrance, Tocopheryl Acetate, Hippophae Rhamnoides Fruit&nbsp;Oil, Origanum Majorana Leaf Oil<\/p>\n","protected":false},"excerpt":{"rendered":"<p>S\u00fcgavpuhastava toimega h\u00fcdrofiilne (vees lahustuv) meigieemaldus\u00f5li oliivi\u00f5li baasil. Veega kokkupuutel muutub pehmeks piimjaks vedelikuks, mis lahustab efektiivselt ka k\u00f5ige kindlamat kosmeetikat, kuid ei j\u00e4ta nahka \u00f5liseks ega kleepuvaks, seet\u00f5ttu sobib igale nahale, ka rasusele. Ei ummista poore ja sobib ka tundlikule nahale.&nbsp;H\u00fcdrofiilset \u00f5li peetakse k\u00f5ige efektiivsemaks meigieemaldusvahendiks, sest ta lahustab kosmeetikat \u2013 ka seda, mis [&hellip;]<\/p>\n","protected":false},"featured_media":2233,"comment_status":"open","ping_status":"closed","template":"","meta":{"_acf_changed":false},"product_brand":[],"product_cat":[],"product_tag":[],"class_list":{"0":"post-712","1":"product","2":"type-product","3":"status-publish","4":"has-post-thumbnail","6":"brand-beausta","8":"first","9":"instock","10":"taxable","11":"shipping-taxable","12":"purchasable","13":"product-type-simple"},"bundle_layout":"","bundled_by":[],"bundled_items":[],"acf":[],"_links":{"self":[{"href":"https:\/\/meon.theskinhouse.ee\/ru\/wp-json\/wp\/v2\/product\/712","targetHints":{"allow":["GET"]}}],"collection":[{"href":"https:\/\/meon.theskinhouse.ee\/ru\/wp-json\/wp\/v2\/product"}],"about":[{"href":"https:\/\/meon.theskinhouse.ee\/ru\/wp-json\/wp\/v2\/types\/product"}],"replies":[{"embeddable":true,"href":"https:\/\/meon.theskinhouse.ee\/ru\/wp-json\/wp\/v2\/comments?post=712"}],"wp:featuredmedia":[{"embeddable":true,"href":"https:\/\/meon.theskinhouse.ee\/ru\/wp-json\/wp\/v2\/media\/2233"}],"wp:attachment":[{"href":"https:\/\/meon.theskinhouse.ee\/ru\/wp-json\/wp\/v2\/media?parent=712"}],"wp:term":[{"taxonomy":"product_brand","embeddable":true,"href":"https:\/\/meon.theskinhouse.ee\/ru\/wp-json\/wp\/v2\/product_brand?post=712"},{"taxonomy":"product_cat","embeddable":true,"href":"https:\/\/meon.theskinhouse.ee\/ru\/wp-json\/wp\/v2\/product_cat?post=712"},{"taxonomy":"product_tag","embeddable":true,"href":"https:\/\/meon.theskinhouse.ee\/ru\/wp-json\/wp\/v2\/product_tag?post=712"}],"curies":[{"name":"wp","href":"https:\/\/api.w.org\/{rel}","templated":true}]}}