{"id":702,"date":"2020-04-02T14:14:54","date_gmt":"2020-04-02T11:14:54","guid":{"rendered":"https:\/\/meon.theskinhouse.ee\/toode\/beausta-uv-protector-suncream-2\/"},"modified":"2026-04-09T23:20:01","modified_gmt":"2026-04-09T20:20:01","slug":"beausta-uv-protector-suncream-2","status":"publish","type":"product","link":"https:\/\/meon.theskinhouse.ee\/ru\/toode\/beausta-uv-protector-suncream-2\/","title":{"rendered":"Beausta UV Protector Suncream"},"content":{"rendered":"<p>Pikatoimeline niisutav p\u00e4ikesekaitsekreem&nbsp;p\u00e4ikesekaitsefaktoriga SPF50+ \/ PA++++ n\u00e4ole ja kehale, mis kaitseb UV-kiirte eest samal ajal nahka niisutades. Tegu on 2in1 tootega &#8212; kreem kaitseb p\u00e4ikese eest ja samal ajal hooldab ja niisutab nahka.<br \/>\nKreem on suurep\u00e4rase imendumisega, ei j\u00e4ta kleepuvat valget kihti ja imendub suurep\u00e4raselt ka niiske&nbsp;nahaga. Sobib nii n\u00e4ole kui ka kehale.<\/p>\n<p><strong>Peamised koostisosad<\/strong><\/p>\n<ul>\n<li>Niatsiinamiid (vitamiin B3) \u2013 aktiivne komponent, mis aitab naharakke uuendada ja kaitsta kahjulike v\u00e4lism\u00f5jude eest. Niatsiinamiid \u00fchtlustab nahatooni, teeb naha v\u00e4rskemaks, kirgastab tuhmi nahka, aitab pigmendilaikude korral. Samuti aitab leevendada tundlikku nahka. Uuringud on n\u00e4idanud, et niatsiinamiid on efektiivne rosaatsea ja kuperoosa korral.<\/li>\n<li>Aasia vesinaba on tuntud ravimtaim, mida kasutatakse t\u00e4nap\u00e4eval laialdaselt kosmetoloogias. Aasia vesinaba on aastasadu kasutatud idamaade rahvameditsiinis. Ta on t\u00f5eliselt imelise toimega &#8212; parandab haavu, leevendab p\u00f5letikke ja \u00e4rritusi, toimib noorendavalt, sest stimuleerib kollageeni s\u00fcnteesi (nahk hakkab ise oma loomulikku kollageeni rohkem tootma). Aasia vesinaba on rahustava toimega, on tugev antioks\u00fcdant, taastab naha kaitsev\u00f5imet. Kui naha loomulik kaitsev\u00f5ime on erinevate kahjulike keskkonnam\u00f5jude t\u00f5ttu h\u00e4iritud, muutub nahk tundlikkus. Aasia vesinaba taastab naha kaitsev\u00f5imet ning seel\u00e4bi v\u00e4hendab naha tundlikkust. On leitud ka positiivne m\u00f5ju rosaatsia ja kuperoosa korral.<\/li>\n<li>Adenosiin \u2013 nukleosiid, mis moodustub naharakkudes ja mis stimuleerib kollageeni ja elastiini s\u00fcnteesi.<\/li>\n<li>Keramiidid &#8212; niisutavad nahka, tekitavad nahale n\u00e4htamatu kaitsekihi, mis ei lase nahal kuivada.<\/li>\n<li>Taimsed ekstraktid (n\u00f5iapuu, p\u00e4evalill, portulak) &#8212; rahustavad nahka ja toidavad vitamiinidega.<\/li>\n<\/ul>\n<p>\n<strong>Beausta eelised<\/strong><\/p>\n<ul>\n<li>Kompaktsed ja mugavad &#171;pouch&#187; t\u00fc\u00fcpi pakendid, mida on mugav kaasa v\u00f5tta.<\/li>\n<li>H\u00fcgieeniline pakend &#8212;&nbsp;tooted on pakendist&nbsp;h\u00f5lpsalt v\u00e4ljapigistatavad ja bakterid ei p\u00e4\u00e4se toote sisse, ei ole vajadust toodet s\u00f5rmega puudutada nagu kreemipurgi puhul.<\/li>\n<li>Trendikas ja kvaliteetne Korea kosmeetika taskukohase hinnaga.<\/li>\n<li>Beausta moto on: maksa&nbsp;toote, mitte pakendi eest! Ei ole m\u00f5tet kalli pakendi eest \u00fcle maksta.<\/li>\n<\/ul>\n<p>\n<strong>Kasutamine<\/strong><\/p>\n<p>Kandke toode \u00fchtlaselt nahale, mis puutub otseselt kokku UV-kiirtega (nt n\u00e4gu ja k\u00e4ed) ning laske tootel imenduda.&nbsp;<\/p>\n<p><strong>Kogus<\/strong>: 15ml.&nbsp;<\/p>\n<p><strong>Koostis<\/strong><\/p>\n<p>Water, Ethylhexyl Methoxycinnamate, Octocrylene, Alcohol, Butyl Methoxy dibenzoylmethane, Dibutyl Adipate, Polymethylsilsesquioxane, 1,2-Hexanediol, Niacinamide, Ceteth-10, Acrylates\/Beheneth-25 Methacrylate Copolymer, Potassium Hydroxide,Fragrance, Ethylhexylglycerin, Hamamelis Virginiana (Witch Hazel) Water, Houttuynia&nbsp;Cordata Extract, Adenosine, Laureth-9, Disodium EDTA, Glycerin, Helianthus Annuus (Sunflower) Seed Oil, Sodium Laureth Sulfate, BHT, Butylene Glycol, Caprylic\/Capric&nbsp;Triglyceride, Ceramide NP, Centella Asiatica Extract, Portulaca Oleracea Extract, Hydrogenated Lecithin&nbsp;<\/p>\n","protected":false},"excerpt":{"rendered":"<p>Pikatoimeline niisutav p\u00e4ikesekaitsekreem&nbsp;p\u00e4ikesekaitsefaktoriga SPF50+ \/ PA++++ n\u00e4ole ja kehale, mis kaitseb UV-kiirte eest samal ajal nahka niisutades. Tegu on 2in1 tootega &#8212; kreem kaitseb p\u00e4ikese eest ja samal ajal hooldab ja niisutab nahka. Kreem on suurep\u00e4rase imendumisega, ei j\u00e4ta kleepuvat valget kihti ja imendub suurep\u00e4raselt ka niiske&nbsp;nahaga. Sobib nii n\u00e4ole kui ka kehale. Peamised koostisosad [&hellip;]<\/p>\n","protected":false},"featured_media":2263,"comment_status":"open","ping_status":"closed","template":"","meta":{"_acf_changed":false},"product_brand":[],"product_cat":[],"product_tag":[],"class_list":{"0":"post-702","1":"product","2":"type-product","3":"status-publish","4":"has-post-thumbnail","6":"brand-beausta","8":"first","9":"outofstock","10":"taxable","11":"shipping-taxable","12":"purchasable","13":"product-type-simple"},"bundle_layout":"","bundled_by":[],"bundled_items":[],"acf":[],"_links":{"self":[{"href":"https:\/\/meon.theskinhouse.ee\/ru\/wp-json\/wp\/v2\/product\/702","targetHints":{"allow":["GET"]}}],"collection":[{"href":"https:\/\/meon.theskinhouse.ee\/ru\/wp-json\/wp\/v2\/product"}],"about":[{"href":"https:\/\/meon.theskinhouse.ee\/ru\/wp-json\/wp\/v2\/types\/product"}],"replies":[{"embeddable":true,"href":"https:\/\/meon.theskinhouse.ee\/ru\/wp-json\/wp\/v2\/comments?post=702"}],"wp:featuredmedia":[{"embeddable":true,"href":"https:\/\/meon.theskinhouse.ee\/ru\/wp-json\/wp\/v2\/media\/2263"}],"wp:attachment":[{"href":"https:\/\/meon.theskinhouse.ee\/ru\/wp-json\/wp\/v2\/media?parent=702"}],"wp:term":[{"taxonomy":"product_brand","embeddable":true,"href":"https:\/\/meon.theskinhouse.ee\/ru\/wp-json\/wp\/v2\/product_brand?post=702"},{"taxonomy":"product_cat","embeddable":true,"href":"https:\/\/meon.theskinhouse.ee\/ru\/wp-json\/wp\/v2\/product_cat?post=702"},{"taxonomy":"product_tag","embeddable":true,"href":"https:\/\/meon.theskinhouse.ee\/ru\/wp-json\/wp\/v2\/product_tag?post=702"}],"curies":[{"name":"wp","href":"https:\/\/api.w.org\/{rel}","templated":true}]}}