{"id":698,"date":"2020-04-02T14:14:54","date_gmt":"2020-04-02T11:14:54","guid":{"rendered":"https:\/\/meon.theskinhouse.ee\/toode\/mizon-hyaluronic-acid-eye-gel-patch-2\/"},"modified":"2026-04-09T23:20:02","modified_gmt":"2026-04-09T20:20:02","slug":"mizon-hyaluronic-acid-eye-gel-patch-2","status":"publish","type":"product","link":"https:\/\/meon.theskinhouse.ee\/ru\/toode\/mizon-hyaluronic-acid-eye-gel-patch-2\/","title":{"rendered":"Mizon Hyaluronic Acid Eye Gel Patch"},"content":{"rendered":"<p>H\u00fcdrogeelsed silmapadjakesed h\u00fcaluroonhappega. Annavad \u00f5rnale nahale silmade \u00fcmber niisutatuse pikaks ajaks ja kaitsevad nahka kuivamise eest. V\u00f5tavad \u00e4ra paistetused ja teevad silmad v\u00e4rskemaks ja tervemaks. Kiire ja intensiivne hooldus, mille tulemust on n\u00e4ha kohe p\u00e4rast kasutamist, v\u00e4sinud silmadele, kuivale nahale ja stressi puhul. Dermatoloogiliselt testitud!<\/p>\n<p><strong>Kasutamine<\/strong><\/p>\n<p>P\u00e4rast naha puhastamist ja soovitavalt tooniku kasutamist kandke silmapadjakesed kaasasoleva spaatli abil silmaalustele ning j\u00e4tke 20-30-ks minutiks. Seej\u00e4rel eemaldage padjakesed ning masseerige v\u00f5i patsutage \u00f5rnalt alles j\u00e4\u00e4nud vedelik naha sisse. V\u00f5ib esineda kerge torkiv tunne v\u00f5i soojendav efekt, see on normaalne ja on tingitud sellest, et silmapadjakesed kiirendavad vereringet.<\/p>\n<p><strong>Kogus<\/strong>: 60 padjakest, 90g.<\/p>\n<p><strong>Koostis<\/strong><br \/>\nAqua, Glycerin, Chondrus Crispus (Carrageenan) Extract, Ceratonia Siliqua Gum, Cellulose Gum, Hydroxyacetophenone, 1,2-Hexanediol, Sucrose, Potassium Chloride, Allantoin, Xanthan Gum, Ethylhexylglycerin, Calcium Aluminum Borosilicate, Adenosine, Bis-PEG-15 Methyl Ether Dimethicone, Butylene Glycol, Disodium EDTA, Calcium Lactate, Titanium Dioxide (CI 77891), Silica, Mica (CI 77019), Sodium Hyaluronate, Sodium Polyacryloyldimethyl Taurate, Dipotassium Glycyrrhizate, Polyglyceryl-6 Caprylate, Polyglyceryl-4 Caprate, PEG-60 Hydrogenated Castor Oil, Phenoxyethanol, Sargassum Fusiforme Extract, Undaria Pinnatifida Extract,<br \/>\nGelidium Cartilagineum Extract, Enteromorpha Compressa Extract, Laminaria Japonica Extract, Tin Oxide (CI 77861), Parfum, Blue 1 (CI 42090), Tocopherol, Yellow 5 (CI 19140), Hyaluronic Acid, Hydrolyzed Hyaluronic Acid<\/p>\n","protected":false},"excerpt":{"rendered":"<p>H\u00fcdrogeelsed silmapadjakesed h\u00fcaluroonhappega. Annavad \u00f5rnale nahale silmade \u00fcmber niisutatuse pikaks ajaks ja kaitsevad nahka kuivamise eest. V\u00f5tavad \u00e4ra paistetused ja teevad silmad v\u00e4rskemaks ja tervemaks. Kiire ja intensiivne hooldus, mille tulemust on n\u00e4ha kohe p\u00e4rast kasutamist, v\u00e4sinud silmadele, kuivale nahale ja stressi puhul. Dermatoloogiliselt testitud! Kasutamine P\u00e4rast naha puhastamist ja soovitavalt tooniku kasutamist kandke silmapadjakesed [&hellip;]<\/p>\n","protected":false},"featured_media":1214,"comment_status":"open","ping_status":"closed","template":"","meta":{"_acf_changed":false},"product_brand":[],"product_cat":[],"product_tag":[],"class_list":{"0":"post-698","1":"product","2":"type-product","3":"status-publish","4":"has-post-thumbnail","6":"brand-mizon","8":"first","9":"instock","10":"taxable","11":"shipping-taxable","12":"purchasable","13":"product-type-simple"},"bundle_layout":"","bundled_by":[],"bundled_items":[],"acf":[],"_links":{"self":[{"href":"https:\/\/meon.theskinhouse.ee\/ru\/wp-json\/wp\/v2\/product\/698","targetHints":{"allow":["GET"]}}],"collection":[{"href":"https:\/\/meon.theskinhouse.ee\/ru\/wp-json\/wp\/v2\/product"}],"about":[{"href":"https:\/\/meon.theskinhouse.ee\/ru\/wp-json\/wp\/v2\/types\/product"}],"replies":[{"embeddable":true,"href":"https:\/\/meon.theskinhouse.ee\/ru\/wp-json\/wp\/v2\/comments?post=698"}],"wp:featuredmedia":[{"embeddable":true,"href":"https:\/\/meon.theskinhouse.ee\/ru\/wp-json\/wp\/v2\/media\/1214"}],"wp:attachment":[{"href":"https:\/\/meon.theskinhouse.ee\/ru\/wp-json\/wp\/v2\/media?parent=698"}],"wp:term":[{"taxonomy":"product_brand","embeddable":true,"href":"https:\/\/meon.theskinhouse.ee\/ru\/wp-json\/wp\/v2\/product_brand?post=698"},{"taxonomy":"product_cat","embeddable":true,"href":"https:\/\/meon.theskinhouse.ee\/ru\/wp-json\/wp\/v2\/product_cat?post=698"},{"taxonomy":"product_tag","embeddable":true,"href":"https:\/\/meon.theskinhouse.ee\/ru\/wp-json\/wp\/v2\/product_tag?post=698"}],"curies":[{"name":"wp","href":"https:\/\/api.w.org\/{rel}","templated":true}]}}