{"id":696,"date":"2020-04-02T14:14:53","date_gmt":"2020-04-02T11:14:53","guid":{"rendered":"https:\/\/meon.theskinhouse.ee\/toode\/coxir-black-snail-collagen-cream-2\/"},"modified":"2026-04-10T00:10:03","modified_gmt":"2026-04-09T21:10:03","slug":"coxir-black-snail-collagen-cream-2","status":"publish","type":"product","link":"https:\/\/meon.theskinhouse.ee\/ru\/toode\/coxir-black-snail-collagen-cream-2\/","title":{"rendered":"Coxir Black Snail Collagen Cream"},"content":{"rendered":"<p><strong>Black Snail Collagen Cream<\/strong>&nbsp;\u2013 niisutav ja kortsuvastane n\u00e4okreem<\/p>\n<p>Kortsudevastane n\u00e4okreem, mis taastab naha elastsuse ja vitaalsuse ning mis sisaldab teolima ekstrakti, kollageeni, peptiide ja musta sojaoa ekstrakti ning suures koguses ka teisi looduslikke kortsudevastaste omadustega koostisaineid. Kollageen, peptiidid ning musta sojaoa ja teolima ekstraktid tugevdavad nahka seesmiselt ning muudavad selle beebipehmeks, muudavad naha nooruslikumaks ning taastavad selle terve v\u00e4limuse ja elastsuse. Samuti kaitseb selle pehme tekstuuriga ja rikkalikult niisutav koostis naha n\u00f5rgenenud kaitsebarj\u00e4\u00e4ri ning moodustab nahale kaitsva kihi, aidates v\u00e4ltida kahjustusi ning hoides nahas niiskust. Kreem on veniva tekstuuriga, sest sisaldab kontsentreeritud ja eriti puhtal kujul teolima, t\u00e4nu sellele on kreem v\u00e4ga efektiivne.<\/p>\n<p>N\u00e4okreem, erinevalt teistest vahenditest (toonik, seerum, emulsioon), sisaldab rohkem kaitsvaid ja toitvaid toimeaineid ja m\u00f5jutab efektiivsemalt naha pindmist kihti. N\u00e4okreemi v\u00f5ib kasutada kas emulsiooni asemel v\u00f5i p\u00e4rast emulsiooni s\u00f5ltuvalt naha seisukorrast ja toitmise ning naha kaitsmise vajadusest. Enne n\u00e4okreemi on soovitatav kasutada seerumit, mis m\u00f5jutab naha s\u00fcgavamaid kihte.<\/p>\n<p><strong>Peamised koostisosad:<\/strong><\/p>\n<ul>\n<li><strong>Teolima&nbsp;<\/strong>&#8212; tugeva nahka uuendava toimega. Teolima sisaldab allantoiini, mis kiirendab naha regeneratsiooni, on tugeva kortsuvastase ja niisutava toimega, sobib tundliku naha rahustamiseks, aitab parandada akne arme ja muid nahakahjustusi.<\/li>\n<li><strong>Kollageen<\/strong>&nbsp;\u2013 Alates 25. eluaastast hakkab naha enda kollageeni tootmine j\u00e4rsult v\u00e4henema, seet\u00f5ttu soovitavad kosmetoloogid hakata nahka toitma kollageeniga alates 25. a, et ennetada kortsude teket. Kollageen teeb naha tugevamaks ja elastsemaks. Kasutatakse mere kollageeni, sest see on inimese enda kollageeniga struktuuri poolest k\u00f5ige sarnasem, seet\u00f5ttu omastab inimese nahk mere kollageeni k\u00f5ige paremini.<\/li>\n<li><strong>Peptiidid<\/strong>&nbsp;\u2013 parandavad naharaku aktiivsustaset, kiirendavad metabolismi. T\u00e4nu sellele on naharakud paremini kaitstud, rakkudevahelised sidemed on tugevamad, rakud saavad piisavalt energiat ja hapnikku. Peptiidide molekulid on v\u00e4ga v\u00e4ikesed, seet\u00f5ttu p\u00e4\u00e4sevad nad s\u00fcgavale naha sisse. Peptiidid stimuleerivad kollageeni ja elastiini tootmist, samuti aitavad v\u00f5idelda p\u00f5letikega. Peptiidid on t\u00e4nap\u00e4eva kosmeetikas \u00fcks tugevamaid komponente, mis aitab kortsude korral.<\/li>\n<li><strong>Adenosiin<\/strong>&nbsp;\u2013 nukleosiid, mis moodustub naharakkudes ja mis stimuleerib kollageeni ja elastiini s\u00fcnteesi.<\/li>\n<li><strong>Taimsed ekstraktid&nbsp;<\/strong>&#8212; sisaldab suures koguses erinevaid taimseid ekstrakte (\u017een\u0161enn, must uba, aaloe, riis, kakao jt), mis sisaldavad palju vitamiine, rahustavad, niisutavad ja toidavad nahka, sisaldavad antioks\u00fcdante.<\/li>\n<\/ul>\n<p><strong>Kasutamine:&nbsp;<\/strong>P\u00e4rast naha puhastamist ja soovitavalt tooniku ja seerumi kasutamist kandke m\u00f5\u00f5dukas kogus kreemi kogu n\u00e4ole kergete patsutavate liigutustega kuni imendumiseni.<\/p>\n<p><strong>Kogus<\/strong>: 50ml<\/p>\n<p><strong>Sobib<\/strong>: k\u00f5ik nahat\u00fc\u00fcbid, kortsude ennetamine ja silumine.<\/p>\n<p><strong>Koostis<\/strong><br \/>\nWater,&nbsp;Aloe Barbadensis Leaf Extract,&nbsp;Butylene glycol,&nbsp;Dipropylene Glycol&nbsp; ,&nbsp;Propylene Glycol,&nbsp;Caprylic\/Capric Triglyceride,&nbsp;Olivoyl Hydrolyzed Wheat Protein&nbsp; ,&nbsp;Cetearyl Alcohol,&nbsp;Glyceryl Oleate&nbsp; ,&nbsp;Glyceryl Stearate,&nbsp;Glycereth-26,&nbsp;Orbignya Oleifera Seed Oil&nbsp; ,&nbsp;Hydrogenated Polydecene,&nbsp;Hydroxyethylcellulose,&nbsp;Betaine,&nbsp;Dimethicone,&nbsp;Triethanolamine&nbsp; ,&nbsp;PEG-90M,&nbsp;Rosa Canina Fruit Oil ,&nbsp;Panax Ginseng Root Extract,&nbsp;Camellia Sinensis Leaf Extract,&nbsp;Honey,&nbsp;Rosa Multiflora Fruit Extract,&nbsp;Gardenia Florida Fruit Extract,&nbsp;Scutellaria Baicalensis Root Extract,&nbsp;Ligustrum Japonicum Fruit Extract,&nbsp;Acanthopanax Senticosus (Eleuthero) Root Extract,&nbsp;Punica Granatum Fruit Extract,&nbsp;Carthamus Tinctorius (Safflower) Flower Extract,&nbsp;Black Soybean Extract,&nbsp;Sesamum Indicum (Sesame) Seed Extract,&nbsp;Oryza Sativa (Rice) Extract&nbsp; ,&nbsp;Theobroma Cacao (Cocoa) Extract,&nbsp;Panax Ginseng Berry Extract,&nbsp;Snail Secretion Filtrate,&nbsp;Hydrolyzed Collagen,&nbsp;Copper Tripeptide-1,&nbsp;Adenosine,&nbsp;Leontopodium alpinum extract,&nbsp;Thymus Vulgaris (Thyme) Extract,&nbsp;Malva Sylvestris (Mallow) Flower Extract&nbsp; ,&nbsp;Bambusa Vulgaris Leaf\/Stem Extract,&nbsp;Carbomer,&nbsp;Phenoxyethanol,&nbsp;Ethylhexylglycerin,&nbsp;Parfum<br \/>\n&nbsp;<\/p>\n","protected":false},"excerpt":{"rendered":"<p>Black Snail Collagen Cream&nbsp;\u2013 niisutav ja kortsuvastane n\u00e4okreem Kortsudevastane n\u00e4okreem, mis taastab naha elastsuse ja vitaalsuse ning mis sisaldab teolima ekstrakti, kollageeni, peptiide ja musta sojaoa ekstrakti ning suures koguses ka teisi looduslikke kortsudevastaste omadustega koostisaineid. Kollageen, peptiidid ning musta sojaoa ja teolima ekstraktid tugevdavad nahka seesmiselt ning muudavad selle beebipehmeks, muudavad naha nooruslikumaks ning [&hellip;]<\/p>\n","protected":false},"featured_media":2346,"comment_status":"open","ping_status":"closed","template":"","meta":{"_acf_changed":false},"product_brand":[],"product_cat":[],"product_tag":[],"class_list":{"0":"post-696","1":"product","2":"type-product","3":"status-publish","4":"has-post-thumbnail","6":"brand-coxir","8":"first","9":"instock","10":"taxable","11":"shipping-taxable","12":"purchasable","13":"product-type-simple"},"bundle_layout":"","bundled_by":[],"bundled_items":[],"acf":[],"_links":{"self":[{"href":"https:\/\/meon.theskinhouse.ee\/ru\/wp-json\/wp\/v2\/product\/696","targetHints":{"allow":["GET"]}}],"collection":[{"href":"https:\/\/meon.theskinhouse.ee\/ru\/wp-json\/wp\/v2\/product"}],"about":[{"href":"https:\/\/meon.theskinhouse.ee\/ru\/wp-json\/wp\/v2\/types\/product"}],"replies":[{"embeddable":true,"href":"https:\/\/meon.theskinhouse.ee\/ru\/wp-json\/wp\/v2\/comments?post=696"}],"wp:featuredmedia":[{"embeddable":true,"href":"https:\/\/meon.theskinhouse.ee\/ru\/wp-json\/wp\/v2\/media\/2346"}],"wp:attachment":[{"href":"https:\/\/meon.theskinhouse.ee\/ru\/wp-json\/wp\/v2\/media?parent=696"}],"wp:term":[{"taxonomy":"product_brand","embeddable":true,"href":"https:\/\/meon.theskinhouse.ee\/ru\/wp-json\/wp\/v2\/product_brand?post=696"},{"taxonomy":"product_cat","embeddable":true,"href":"https:\/\/meon.theskinhouse.ee\/ru\/wp-json\/wp\/v2\/product_cat?post=696"},{"taxonomy":"product_tag","embeddable":true,"href":"https:\/\/meon.theskinhouse.ee\/ru\/wp-json\/wp\/v2\/product_tag?post=696"}],"curies":[{"name":"wp","href":"https:\/\/api.w.org\/{rel}","templated":true}]}}