{"id":692,"date":"2020-04-02T14:14:53","date_gmt":"2020-04-02T11:14:53","guid":{"rendered":"https:\/\/meon.theskinhouse.ee\/toode\/coxir-black-snail-collagen-emulsion-2\/"},"modified":"2026-04-10T05:50:03","modified_gmt":"2026-04-10T02:50:03","slug":"coxir-black-snail-collagen-emulsion-2","status":"publish","type":"product","link":"https:\/\/meon.theskinhouse.ee\/ru\/toode\/coxir-black-snail-collagen-emulsion-2\/","title":{"rendered":"Coxir Black Snail Collagen Emulsion"},"content":{"rendered":"<p><strong>Black Snail Collagen Emulsion<\/strong>&nbsp;\u2013 niisutav ja kortsuvastane emulsioon<\/p>\n<p>Niisutav ja pehme emulsioon, millel on tugev kortsuvastane toime. Moodustab nahale kaitsva kihi aidates v\u00e4ltida nahakahjustusi ning muutes naha siledaks ja s\u00e4ravaks. Tegemist on mitmeotstarbelise emulsiooniga, millel on 5 toimet: rahustab, parandab elastsust, silub naha tekstuuri, niisutab ja tasakaalustab rasueritust ja niiskust. Kollageeni, teolima, adenosiini ja peptiidide kompleks on v\u00f5imsa kortsuvastase ja nahka uuendava toimega. H\u00fcaluroonhape niisutab nahka.<\/p>\n<p>Emulsioon on oma olemuselt v\u00e4ga kerge kreem, mis on palju kergema tekstuuriga kui tavaline n\u00e4okreem ja p\u00e4\u00e4seb s\u00fcgavamale naha sisse ning m\u00f5jutab naha s\u00fcgavamaid kihte. Emulsiooni v\u00f5ib kasutada siis, kui nahale ei sobi raskemad ja rasvasemad vahendid. Emulsiooni v\u00f5ib panna ka kreemi alla.<\/p>\n<p><strong>Peamised koostisosad:<\/strong><\/p>\n<ul>\n<li><strong>Teolima&nbsp;<\/strong>&#8212; tugeva nahka uuendava toimega. Teolima sisaldab allantoiini, mis kiirendab naha regeneratsiooni, on tugeva kortsuvastase ja niisutava toimega, sobib tundliku naha rahustamiseks, aitab parandada akne arme ja muid nahakahjustusi.<\/li>\n<li><strong>H\u00fcaluroonhape<\/strong>&nbsp;\u2013 niisutav komponent, mis viib niiskuse s\u00fcgavale naha sisse ja hoiab naha niiskustaset pikaajaliselt k\u00f5rgel tasemel. Kasutatakse madala molekulmassiga h\u00fcaluroonhapet, millel on v\u00e4iksemad molekulid ja mis imenduvad paremini.<\/li>\n<li><strong>Kollageen<\/strong>&nbsp;\u2013 Alates 25. eluaastast hakkab naha enda kollageeni tootmine j\u00e4rsult v\u00e4henema, seet\u00f5ttu soovitavad kosmetoloogid hakata nahka toitma kollageeniga alates 25. a, et ennetada kortsude teket. Kollageen teeb naha tugevamaks ja elastsemaks. Kasutatakse mere kollageeni, sest see on inimese enda kollageeniga struktuuri poolest k\u00f5ige sarnasem, seet\u00f5ttu omastab inimese nahk mere kollageeni k\u00f5ige paremini.<\/li>\n<li><strong>Peptiidid<\/strong>&nbsp;\u2013 parandavad naharaku aktiivsustaset, kiirendavad metabolismi. T\u00e4nu sellele on naharakud paremini kaitstud, rakkudevahelised sidemed on tugevamad, rakud saavad piisavalt energiat ja hapnikku. Peptiidide molekulid on v\u00e4ga v\u00e4ikesed, seet\u00f5ttu p\u00e4\u00e4sevad nad s\u00fcgavale naha sisse. Peptiidid stimuleerivad kollageeni ja elastiini tootmist, samuti aitavad v\u00f5idelda p\u00f5letikega. Peptiidid on t\u00e4nap\u00e4eva kosmeetikas \u00fcks tugevamaid komponente, mis aitab kortsude korral.<\/li>\n<li><strong>Adenosiin<\/strong>&nbsp;\u2013 nukleosiid, mis moodustub naharakkudes ja mis stimuleerib kollageeni ja elastiini s\u00fcnteesi.<\/li>\n<li><strong>Galactomyses p\u00e4rmseene ekstrakt<\/strong>&nbsp;&#8212; uus trend kosmetoloogias, tuntud v\u00e4ga v\u00f5imsa noorendava toime poolest. Galactomyses p\u00e4rmseenes on v\u00e4ga palju antioks\u00fcdante, mineraale ja vitamiine. Uuringud on n\u00e4idanud, et Galactomyses stimuleerib naha enda h\u00fcaluroonhappe, kollageeni ja elastiini tootmist. Samuti on tal tugev nahka kaitsev toime t\u00e4nu antioks\u00fcdantidele. Sisaldab suures koguses PP, C ja B vitamiine, mis on nahale v\u00e4ga kasulikud.<\/li>\n<li><strong>Taimsed ekstraktid&nbsp;<\/strong>&#8212; sisaldab suures koguses erinevaid taimseid ekstrakte (\u017een\u0161enn, must uba, riis, kakao jt), mis sisaldavad palju vitamiine, rahustavad, niisutavad ja toidavad nahka, sisaldavad antioks\u00fcdante.<\/li>\n<\/ul>\n<p><strong>Kasutamine:&nbsp;<\/strong>P\u00e4rast tooniku ja soovitavalt seerumi kasutamist kandke n\u00e4ole m\u00f5\u00f5dukas kogus emulsiooni kergete patsuvate liigutustega kuni imendumiseni.<\/p>\n<p><strong>Kogus<\/strong>: 100ml<\/p>\n<p><strong>Sobib<\/strong>: k\u00f5ik nahat\u00fc\u00fcbid, kortsude ennetamine ja silumine.<\/p>\n<p><strong>Koostis<\/strong><br \/>\nWater,&nbsp;Betula Alba Juice&nbsp; ,&nbsp;Butylene glycol,&nbsp;Sodium Hyaluronate,&nbsp;Glycerin&nbsp; ,&nbsp;Glycoproteins,&nbsp;Betaine,&nbsp;Yeast Extract,&nbsp;1,2-Hexanediol&nbsp; ,&nbsp;Glyceryl Acrylate\/Acrylic Acid Copolymer,&nbsp;Propylene Glycol,&nbsp;Glyceryl Stearate,&nbsp;PEG-100 Stearate,&nbsp;Sea Water,&nbsp;Cetearyl Alcohol,&nbsp;Cetyl Ethylhexanoate,&nbsp;Isohexadecane,&nbsp;Galactomyces Ferment Filtrate&nbsp; ,&nbsp;Viola Mandshurica Flower Extract,&nbsp;Morus Alba Fruit Extract ,&nbsp;Black Soybean Extract,&nbsp;Sesamum Indicum (Sesame) Seed Extract,&nbsp;Oryza Sativa (Rice) Extract&nbsp; ,&nbsp;Theobroma Cacao (Cocoa) Extract&nbsp; ,&nbsp;Panax Ginseng Berry Extract,&nbsp;Snail Secretion Filtrate,&nbsp;Hydrolyzed Collagen,&nbsp;Adenosine,&nbsp;Copper Tripeptide-1,&nbsp;Polysorbate 60&nbsp; ,&nbsp;PEG-60 Hydrogenated Castor Oil&nbsp; ,&nbsp;Sorbitan Stearate,&nbsp;Sodium Acrylate\/Sodium AcryloyldimethylTaurate Copolymer,&nbsp;Polysorbate 80,&nbsp;Stearic Acid,&nbsp;Triethanolamine&nbsp; ,&nbsp;Carbomer,&nbsp;Parfum<br \/>\n&nbsp;<\/p>\n","protected":false},"excerpt":{"rendered":"<p>Black Snail Collagen Emulsion&nbsp;\u2013 niisutav ja kortsuvastane emulsioon Niisutav ja pehme emulsioon, millel on tugev kortsuvastane toime. Moodustab nahale kaitsva kihi aidates v\u00e4ltida nahakahjustusi ning muutes naha siledaks ja s\u00e4ravaks. Tegemist on mitmeotstarbelise emulsiooniga, millel on 5 toimet: rahustab, parandab elastsust, silub naha tekstuuri, niisutab ja tasakaalustab rasueritust ja niiskust. Kollageeni, teolima, adenosiini ja peptiidide [&hellip;]<\/p>\n","protected":false},"featured_media":2358,"comment_status":"open","ping_status":"closed","template":"","meta":{"_acf_changed":false},"product_brand":[],"product_cat":[],"product_tag":[],"class_list":{"0":"post-692","1":"product","2":"type-product","3":"status-publish","4":"has-post-thumbnail","6":"brand-coxir","8":"first","9":"instock","10":"taxable","11":"shipping-taxable","12":"purchasable","13":"product-type-simple"},"bundle_layout":"","bundled_by":[],"bundled_items":[],"acf":[],"_links":{"self":[{"href":"https:\/\/meon.theskinhouse.ee\/ru\/wp-json\/wp\/v2\/product\/692","targetHints":{"allow":["GET"]}}],"collection":[{"href":"https:\/\/meon.theskinhouse.ee\/ru\/wp-json\/wp\/v2\/product"}],"about":[{"href":"https:\/\/meon.theskinhouse.ee\/ru\/wp-json\/wp\/v2\/types\/product"}],"replies":[{"embeddable":true,"href":"https:\/\/meon.theskinhouse.ee\/ru\/wp-json\/wp\/v2\/comments?post=692"}],"wp:featuredmedia":[{"embeddable":true,"href":"https:\/\/meon.theskinhouse.ee\/ru\/wp-json\/wp\/v2\/media\/2358"}],"wp:attachment":[{"href":"https:\/\/meon.theskinhouse.ee\/ru\/wp-json\/wp\/v2\/media?parent=692"}],"wp:term":[{"taxonomy":"product_brand","embeddable":true,"href":"https:\/\/meon.theskinhouse.ee\/ru\/wp-json\/wp\/v2\/product_brand?post=692"},{"taxonomy":"product_cat","embeddable":true,"href":"https:\/\/meon.theskinhouse.ee\/ru\/wp-json\/wp\/v2\/product_cat?post=692"},{"taxonomy":"product_tag","embeddable":true,"href":"https:\/\/meon.theskinhouse.ee\/ru\/wp-json\/wp\/v2\/product_tag?post=692"}],"curies":[{"name":"wp","href":"https:\/\/api.w.org\/{rel}","templated":true}]}}