{"id":686,"date":"2020-04-02T14:14:53","date_gmt":"2020-04-02T11:14:53","guid":{"rendered":"https:\/\/meon.theskinhouse.ee\/toode\/coxir-black-snail-collagen-eye-cream-pouch-2\/"},"modified":"2026-04-10T00:05:02","modified_gmt":"2026-04-09T21:05:02","slug":"coxir-black-snail-collagen-eye-cream-pouch-2","status":"publish","type":"product","link":"https:\/\/meon.theskinhouse.ee\/ru\/toode\/coxir-black-snail-collagen-eye-cream-pouch-2\/","title":{"rendered":"Coxir Black Snail Collagen Eye Cream Tester"},"content":{"rendered":"<p>TESTER<\/p>\n<p><strong>Black Snail Collagen Eye Cream<\/strong>&nbsp;\u2013 kortsuvastane silmakreem.<\/p>\n<p>Kortsuvastane silmakreem &#8212; lokaalne hooldustoode, mida saab kasutada lisaks silma\u00fcmbruse kortsukeste silumiseks ka teistel n\u00e4opiirkondadel nagu otsaesine ja suu\u00fcmbrus. Sisaldab peptiide, kollageeni, musta sojaoa ning teolima ekstrakti, mis aitavad v\u00e4ltida kortsude teket, siluvad olemasolevaid kortse ning niisutavad nahka.<\/p>\n<p><strong>Peamised koostisosad:<\/strong><\/p>\n<ul>\n<li><strong>Teolima&nbsp;<\/strong>&#8212; tugeva nahka uuendava toimega. Teolima sisaldab allantoiini, mis kiirendab naha regeneratsiooni, on tugeva kortsuvastase ja niisutava toimega, sobib tundliku naha rahustamiseks, aitab parandada akne arme ja muid nahakahjustusi.<\/li>\n<li><strong>Kollageen<\/strong>&nbsp;\u2013 Alates 25. eluaastast hakkab naha enda kollageeni tootmine j\u00e4rsult v\u00e4henema, seet\u00f5ttu soovitavad kosmetoloogid hakata nahka toitma kollageeniga alates 25. a, et ennetada kortsude teket. Kollageen teeb naha tugevamaks ja elastsemaks. Kasutatakse mere kollageeni, sest see on inimese enda kollageeniga struktuuri poolest k\u00f5ige sarnasem, seet\u00f5ttu omastab inimese nahk mere kollageeni k\u00f5ige paremini.<\/li>\n<li><strong>Peptiidid<\/strong>&nbsp;\u2013 parandavad naharaku aktiivsustaset, kiirendavad metabolismi. T\u00e4nu sellele on naharakud paremini kaitstud, rakkudevahelised sidemed on tugevamad, rakud saavad piisavalt energiat ja hapnikku. Peptiidide molekulid on v\u00e4ga v\u00e4ikesed, seet\u00f5ttu p\u00e4\u00e4sevad nad s\u00fcgavale naha sisse. Peptiidid stimuleerivad kollageeni ja elastiini tootmist, samuti aitavad v\u00f5idelda p\u00f5letikega. Peptiidid on t\u00e4nap\u00e4eva kosmeetikas \u00fcks tugevamaid komponente, mis aitab kortsude korral.<\/li>\n<li><strong>Adenosiin<\/strong>&nbsp;\u2013 nukleosiid, mis moodustub naharakkudes ja mis stimuleerib kollageeni ja elastiini s\u00fcnteesi.<\/li>\n<li><strong>Niatsiinamiid<\/strong>&nbsp;(vitamiin B13) \u2013 aktiivne komponent, mis aitab naharakke uuendada ja kaitsta kahjulike v\u00e4lism\u00f5jude eest. Niatsiinamiid \u00fchtlustab nahatooni, teeb naha v\u00e4rskemaks, kirgastab tuhmi nahka, aitab pigmendilaikude korral. Samuti aitab leevendada tundlikku nahka. Uuringud on n\u00e4idanud, et niatsiinamiid on efektiivne rosaatsea ja kuperoosi korral.<\/li>\n<li><strong>Taimsed ekstraktid&nbsp;<\/strong>&#8212; sisaldab suures koguses erinevaid taimseid ekstrakte (\u017een\u0161enn, must uba, aaloe, riis, kakao jt), mis sisaldavad palju vitamiine, rahustavad, niisutavad ja toidavad nahka, sisaldavad antioks\u00fcdante.<\/li>\n<\/ul>\n<p><strong>Kasutamine:&nbsp;<\/strong>Kandke piisav kogus silmakreemi silma\u00fcmbrusele v\u00f5i mujale kortsukestele ning patsutage \u00f5rnalt, et toode imenduks.<\/p>\n<p><strong>Kogus<\/strong>: 30ml<\/p>\n<p><strong>Sobib<\/strong>: k\u00f5ik nahat\u00fc\u00fcbid, kortsude ennetamine ja silumine.<\/p>\n<p><strong>Koostis<\/strong><br \/>\nSnail Secretion Filtrate&nbsp; ,&nbsp;Water,&nbsp;Butylene glycol,&nbsp;Propylene Glycol,&nbsp;Caprylic\/Capric Triglyceride,&nbsp;1,2-Hexanediol&nbsp; ,&nbsp;Olivoyl Hydrolyzed Wheat Protein&nbsp; ,&nbsp;Cetearyl Alcohol,&nbsp;Glyceryl Oleate&nbsp; ,&nbsp;Glyceryl Stearate,&nbsp;Niacinamide&nbsp; ,&nbsp;Glycerin&nbsp; ,&nbsp;Orbignya Oleifera Seed Oil&nbsp; ,&nbsp;Hydrogenated Polydecene,&nbsp;PEG-90M,&nbsp;Carbomer,&nbsp;Dimethicone,&nbsp;Triethanolamine&nbsp; ,&nbsp;Betaine,&nbsp;Xanthan GUM,&nbsp;Rosa Canina Fruit Oil ,&nbsp;Adenosine,&nbsp;Black Soybean Extract,&nbsp;Sesamum Indicum (Sesame) Seed Extract,&nbsp;Oryza Sativa (Rice) Extract&nbsp; ,&nbsp;Theobroma Cacao (Cocoa) Extract,&nbsp;Panax Ginseng Berry Extract,&nbsp;Hydrolyzed Collagen,&nbsp;Copper Tripeptide-1,&nbsp;Solanum Lycopersicum (Tomato) Fruit Extract,&nbsp;Paeonia Lactiflora Bark\/Sap Extract,&nbsp;Lonicera Japonica (Honeysuckle) Flower Extract,&nbsp;Leontopodium alpinum extract,&nbsp;Buddleja Davidii Extract ,&nbsp;Thymus Vulgaris (Thyme) Extract,&nbsp;Aloe vera Callus Culture extracts,&nbsp;Panax ginseng callus culture extract,&nbsp;Bambusa vulgaris Callus Culture extracts,&nbsp;Myrciaria Dubia Fruit Extract,&nbsp;Euterpe Oleracea Fruit Extract&nbsp; ,&nbsp;Ethylhexylglycerin,&nbsp;Parfum<\/p>\n","protected":false},"excerpt":{"rendered":"<p>TESTER Black Snail Collagen Eye Cream&nbsp;\u2013 kortsuvastane silmakreem. Kortsuvastane silmakreem &#8212; lokaalne hooldustoode, mida saab kasutada lisaks silma\u00fcmbruse kortsukeste silumiseks ka teistel n\u00e4opiirkondadel nagu otsaesine ja suu\u00fcmbrus. Sisaldab peptiide, kollageeni, musta sojaoa ning teolima ekstrakti, mis aitavad v\u00e4ltida kortsude teket, siluvad olemasolevaid kortse ning niisutavad nahka. Peamised koostisosad: Teolima&nbsp;&#8212; tugeva nahka uuendava toimega. Teolima sisaldab [&hellip;]<\/p>\n","protected":false},"featured_media":0,"comment_status":"open","ping_status":"closed","template":"","meta":{"_acf_changed":false},"product_brand":[],"product_cat":[],"product_tag":[],"class_list":{"0":"post-686","1":"product","2":"type-product","3":"status-publish","5":"brand-coxir","7":"first","8":"instock","9":"taxable","10":"shipping-taxable","11":"purchasable","12":"product-type-simple"},"bundle_layout":"","bundled_by":[],"bundled_items":[],"acf":[],"_links":{"self":[{"href":"https:\/\/meon.theskinhouse.ee\/ru\/wp-json\/wp\/v2\/product\/686","targetHints":{"allow":["GET"]}}],"collection":[{"href":"https:\/\/meon.theskinhouse.ee\/ru\/wp-json\/wp\/v2\/product"}],"about":[{"href":"https:\/\/meon.theskinhouse.ee\/ru\/wp-json\/wp\/v2\/types\/product"}],"replies":[{"embeddable":true,"href":"https:\/\/meon.theskinhouse.ee\/ru\/wp-json\/wp\/v2\/comments?post=686"}],"wp:attachment":[{"href":"https:\/\/meon.theskinhouse.ee\/ru\/wp-json\/wp\/v2\/media?parent=686"}],"wp:term":[{"taxonomy":"product_brand","embeddable":true,"href":"https:\/\/meon.theskinhouse.ee\/ru\/wp-json\/wp\/v2\/product_brand?post=686"},{"taxonomy":"product_cat","embeddable":true,"href":"https:\/\/meon.theskinhouse.ee\/ru\/wp-json\/wp\/v2\/product_cat?post=686"},{"taxonomy":"product_tag","embeddable":true,"href":"https:\/\/meon.theskinhouse.ee\/ru\/wp-json\/wp\/v2\/product_tag?post=686"}],"curies":[{"name":"wp","href":"https:\/\/api.w.org\/{rel}","templated":true}]}}