{"id":684,"date":"2020-04-02T14:14:53","date_gmt":"2020-04-02T11:14:53","guid":{"rendered":"https:\/\/meon.theskinhouse.ee\/toode\/coxir-black-snail-collagen-serum-2\/"},"modified":"2026-04-10T05:50:03","modified_gmt":"2026-04-10T02:50:03","slug":"coxir-black-snail-collagen-serum-2","status":"publish","type":"product","link":"https:\/\/meon.theskinhouse.ee\/ru\/toode\/coxir-black-snail-collagen-serum-2\/","title":{"rendered":"Coxir Black Snail Collagen Serum"},"content":{"rendered":"<p><strong>COXIR Black Snail Collagen Serum&nbsp;<\/strong>\u2013 kortsuvastane ja niisutav seerum<\/p>\n<p>Seerum, mis sisaldab peptiide, kollageeni, musta sojaoa ning teolima ekstrakti, mis aitavad v\u00e4ltida kortsude teket, siluvad olemasolevaid kortse ning niisutavad nahka. Tegemist on mitmeotstarbelise seerumiga, millel on 5 toimet: rahustab, parandab nahatooni, silub naha tekstuuri, niisutab ja on kortsudevastane. Seerumis sisalduv h\u00fcaluroonhape niisutab nahka.<\/p>\n<p>Seerum on kontsentreeritud vahend, mis sisaldab suures koguses toimeainet ning p\u00e4\u00e4seb s\u00fcgavale naha sisse ja m\u00f5jutab naha alumisi kihte. Enne seerumit on soovitatav kasutada toonikut, et valmistada nahk ette \u00fclej\u00e4\u00e4nud vahendite kasutamiseks.<\/p>\n<p><strong>Peamised koostisosad:<\/strong><\/p>\n<ul>\n<li><strong>Teolima&nbsp;<\/strong>&#8212; tugeva nahka uuendava toimega. Teolima sisaldab allantoiini, mis kiirendab naha regeneratsiooni, on tugeva kortsuvastase ja niisutava toimega, sobib tundliku naha rahustamiseks, aitab parandada akne arme ja muid nahakahjustusi.<\/li>\n<li><strong>H\u00fcaluroonhape<\/strong>&nbsp;\u2013 niisutav komponent, mis viib niiskuse s\u00fcgavale naha sisse ja hoiab naha niiskustaset pikaajaliselt k\u00f5rgel tasemel. Kasutatakse madala molekulmassiga h\u00fcaluroonhapet, millel on v\u00e4iksemad molekulid ja mis imenduvad paremini.<\/li>\n<li><strong>Kollageen<\/strong>&nbsp;\u2013 Alates 25. eluaastast hakkab naha enda kollageeni tootmine j\u00e4rsult v\u00e4henema, seet\u00f5ttu soovitavad kosmetoloogid hakata nahka toitma kollageeniga alates 25. a, et ennetada kortsude teket. Kollageen teeb naha tugevamaks ja elastsemaks. Kasutatakse mere kollageeni, sest see on inimese enda kollageeniga struktuuri poolest k\u00f5ige sarnasem, seet\u00f5ttu omastab inimese nahk mere kollageeni k\u00f5ige paremini.<\/li>\n<li><strong>Peptiidid<\/strong>&nbsp;\u2013 parandavad naharaku aktiivsustaset, kiirendavad metabolismi. T\u00e4nu sellele on naharakud paremini kaitstud, rakkudevahelised sidemed on tugevamad, rakud saavad piisavalt energiat ja hapnikku. Peptiidide molekulid on v\u00e4ga v\u00e4ikesed, seet\u00f5ttu p\u00e4\u00e4sevad nad s\u00fcgavale naha sisse. Peptiidid stimuleerivad kollageeni ja elastiini tootmist, samuti aitavad v\u00f5idelda p\u00f5letikega. Peptiidid on t\u00e4nap\u00e4eva kosmeetikas \u00fcks tugevamaid komponente, mis aitab kortsude korral.<\/li>\n<li><strong>Adenosiin<\/strong>&nbsp;\u2013 nukleosiid, mis moodustub naharakkudes ja mis stimuleerib kollageeni ja elastiini s\u00fcnteesi.<\/li>\n<li><strong>Galactomyses p\u00e4rmseene ekstrakt<\/strong>&nbsp;&#8212; uus trend kosmetoloogias, tuntud v\u00e4ga v\u00f5imsa noorendava toime poolest. Galactomyses p\u00e4rmseenes on v\u00e4ga palju antioks\u00fcdante, mineraale ja vitamiine. Uuringud on n\u00e4idanud, et Galactomyses stimuleerib naha enda h\u00fcaluroonhappe, kollageeni ja elastiini tootmist. Samuti on tal tugev nahka kaitsev toime t\u00e4nu antioks\u00fcdantidele. Sisaldab suures koguses PP, C ja B vitamiine, mis on nahale v\u00e4ga kasulikud.<\/li>\n<li><strong>Taimsed ekstraktid&nbsp;<\/strong>&#8212; sisaldab suures koguses erinevaid taimseid ekstrakte (\u017een\u0161enn, must uba, riis, kakao jt), mis sisaldavad palju vitamiine, rahustavad, niisutavad ja toidavad nahka, sisaldavad antioks\u00fcdante.<\/li>\n<\/ul>\n<p><strong>Kasutamine:&nbsp;<\/strong>P\u00e4rast naha puhastamist ja soovitavalt tooniku kasutamist kandke m\u00f5\u00f5dukas kogus seerumit kogu n\u00e4ole kergete patsutavate liigutustega kuni imendumiseni.<\/p>\n<p><strong>Kogus<\/strong>: 50ml<\/p>\n<p><strong>Sobib<\/strong>: k\u00f5ik nahat\u00fc\u00fcbid, kortsude ennetamine ja silumine.<\/p>\n<p><strong>Koostis<\/strong><br \/>\nWater,&nbsp;Glycerin,&nbsp;Propylene Glycol,&nbsp;Alcohol,&nbsp;1,2-Hexanediol,&nbsp;Glyceryl Acrylate\/Acrylic Acid Copolymer,&nbsp;PVM\/MA Copolymer,&nbsp;PEG\/PPG-18\/4 Copolymer,&nbsp;Betaine,&nbsp;Allantoin,&nbsp;Adenosine,&nbsp;Butylene glycol,&nbsp;Carbomer,&nbsp;Aloe Barbadensis Leaf Extract,&nbsp;Hydrolyzed Collagen,&nbsp;Copper Tripeptide-1,&nbsp;Black Soybean Extract,&nbsp;Sesamum Indicum (Sesame) Seed Extract,&nbsp;Oryza Sativa (Rice) Extract,&nbsp;Panax Ginseng Berry Extract,&nbsp;Theobroma Cacao (Cocoa) Extract,&nbsp;Snail Secretion Filtrate Extract,&nbsp;Leontopodium alpinum extract,&nbsp;Buddleja Davidii Extract,&nbsp;Malva Sylvestris (Mallow) Flower Extract,&nbsp;PEG-60 Hydrogenated Castor Oil,&nbsp;Arginine,&nbsp;Phenoxyethanol,&nbsp;Ethylhexylglycerin,&nbsp;Parfum<\/p>\n","protected":false},"excerpt":{"rendered":"<p>COXIR Black Snail Collagen Serum&nbsp;\u2013 kortsuvastane ja niisutav seerum Seerum, mis sisaldab peptiide, kollageeni, musta sojaoa ning teolima ekstrakti, mis aitavad v\u00e4ltida kortsude teket, siluvad olemasolevaid kortse ning niisutavad nahka. Tegemist on mitmeotstarbelise seerumiga, millel on 5 toimet: rahustab, parandab nahatooni, silub naha tekstuuri, niisutab ja on kortsudevastane. Seerumis sisalduv h\u00fcaluroonhape niisutab nahka. Seerum on [&hellip;]<\/p>\n","protected":false},"featured_media":2350,"comment_status":"open","ping_status":"closed","template":"","meta":{"_acf_changed":false},"product_brand":[],"product_cat":[],"product_tag":[],"class_list":{"0":"post-684","1":"product","2":"type-product","3":"status-publish","4":"has-post-thumbnail","6":"brand-coxir","8":"first","9":"instock","10":"taxable","11":"shipping-taxable","12":"purchasable","13":"product-type-simple"},"bundle_layout":"","bundled_by":[],"bundled_items":[],"acf":[],"_links":{"self":[{"href":"https:\/\/meon.theskinhouse.ee\/ru\/wp-json\/wp\/v2\/product\/684","targetHints":{"allow":["GET"]}}],"collection":[{"href":"https:\/\/meon.theskinhouse.ee\/ru\/wp-json\/wp\/v2\/product"}],"about":[{"href":"https:\/\/meon.theskinhouse.ee\/ru\/wp-json\/wp\/v2\/types\/product"}],"replies":[{"embeddable":true,"href":"https:\/\/meon.theskinhouse.ee\/ru\/wp-json\/wp\/v2\/comments?post=684"}],"wp:featuredmedia":[{"embeddable":true,"href":"https:\/\/meon.theskinhouse.ee\/ru\/wp-json\/wp\/v2\/media\/2350"}],"wp:attachment":[{"href":"https:\/\/meon.theskinhouse.ee\/ru\/wp-json\/wp\/v2\/media?parent=684"}],"wp:term":[{"taxonomy":"product_brand","embeddable":true,"href":"https:\/\/meon.theskinhouse.ee\/ru\/wp-json\/wp\/v2\/product_brand?post=684"},{"taxonomy":"product_cat","embeddable":true,"href":"https:\/\/meon.theskinhouse.ee\/ru\/wp-json\/wp\/v2\/product_cat?post=684"},{"taxonomy":"product_tag","embeddable":true,"href":"https:\/\/meon.theskinhouse.ee\/ru\/wp-json\/wp\/v2\/product_tag?post=684"}],"curies":[{"name":"wp","href":"https:\/\/api.w.org\/{rel}","templated":true}]}}