{"id":682,"date":"2020-04-02T14:14:52","date_gmt":"2020-04-02T11:14:52","guid":{"rendered":"https:\/\/meon.theskinhouse.ee\/toode\/coxir-greentea-bha-clear-emulsion-2\/"},"modified":"2026-04-10T05:50:02","modified_gmt":"2026-04-10T02:50:02","slug":"coxir-greentea-bha-clear-emulsion-2","status":"publish","type":"product","link":"https:\/\/meon.theskinhouse.ee\/ru\/toode\/coxir-greentea-bha-clear-emulsion-2\/","title":{"rendered":"Coxir Greentea BHA Clear Emulsion"},"content":{"rendered":"<p>Kerge niisutav, v\u00e4rskendav ja rahustav emulsioon rohelise tee, aaloe ja teolimaga. Roheline tee on tugev antioks\u00fcdant, mis kaitseb nahka. Aaloe rahustab nahka, leevendab \u00e4rritusi. Emulsioon sisaldab lisaks ka h\u00fcaluroonhapet, mis viib niiskuse s\u00fcgavale naha sisse ja niisutab nahka seest poolt. Ei sisalda kunstlike v\u00e4rvaineid ega alkoholi. Mahe emulsioon rahustab tundlikku nahka, niisutab ja silub naha tekstuuri. Sellel on suurep\u00e4rane v\u00f5ime hoida niiskust ning samuti aitab see tuhmunud ja l\u00f5tvunud naha s\u00e4ravamaks ja elastsemaks muuta, s\u00e4ilitades naha terve ja niisutatuna.&nbsp;<\/p>\n<p>Emulsioon on oma olemuselt v\u00e4ga kerge kreem, mis on palju kergema tekstuuriga kui tavaline n\u00e4okreem ja p\u00e4\u00e4seb s\u00fcgavamale naha sisse ning m\u00f5jutab naha s\u00fcgavamaid kihte. Emulsiooni v\u00f5ib kasutada siis, kui nahale ei sobi raskemad ja rasvasemad vahendid. Emulsiooni v\u00f5ib panna ka kreemi alla.<\/p>\n<p><strong>Peamised koostisosad:<\/strong><br \/>\n<strong>Roheline<\/strong> tee &#8212; tuntud ka kui antioks\u00fcdant, mis takistab naha vananemist. Rohelises tees sisalduvad pol\u00fcfenoolid on v\u00f5imekad antioks\u00fcdandid, millel on nahka rahustav toime ning samuti ravivad need silmn\u00e4htavalt p\u00e4ikesekahjustusi.<br \/>\n<strong>Aaloe<\/strong> &#8212; rahustab ja niisutab nahka, leevendab \u00e4rritusi, sobib v\u00e4ga h\u00e4sti tundlikule nahale.<br \/>\n<strong>Teolima<\/strong> &#8212; tugeva nahka uuendava toimega. Teolima sisaldab allantoiini, mis kiirendab naha regeneratsiooni, on tugeva kortsuvastase ja niisutava toimega, sobib tundliku naha rahustamiseks, aitab parandada akne arme ja muid nahakahjustusi.<br \/>\n<strong>H\u00fcaluroonhape<\/strong> \u2013 niisutav komponent, mis viib niiskuse s\u00fcgavale naha sisse ja hoiab naha niiskustaset pikaajaliselt k\u00f5rgel tasemel. Kasutatakse madala molekulmassiga h\u00fcaluroonhapet, millel on v\u00e4iksemad molekulid ja mis imenduvad paremini.<\/p>\n<p><strong>Kasutamine<\/strong>: P\u00e4rast tooniku ja soovitavalt seerumi kasutamist kandke n\u00e4ole m\u00f5\u00f5dukas kogus emulsiooni kergete patsuvate liigutustega kuni imendumiseni.<\/p>\n<p><strong>Kogus<\/strong>: 100ml<br \/>\n<strong>Sobib<\/strong>: k\u00f5ik nahat\u00fc\u00fcbid, tundlik nahk.<\/p>\n<p><strong>Koostis<\/strong><br \/>\nWater,&nbsp;Butylene glycol,&nbsp;Caprylic\/Capric Triglyceride,&nbsp;Helianthus Annuus (Sunflower) Seed Oil,&nbsp;Mineral Oil,&nbsp;Cetyl Ethylhexanoate,&nbsp;Sodium Hyaluronate,&nbsp;Arachidyl Alcohol,&nbsp;Behenyl Alcohol,&nbsp;Arachidyl Glucoside,&nbsp;Cyclomethicone,&nbsp;Aloe Barbadensis Leaf Extract,&nbsp;Glyceryl Stearate&nbsp; ,&nbsp;PEG-100 Stearate,&nbsp;Sorbitan Stearate,&nbsp;Polysorbate 60&nbsp; ,&nbsp;Diisostearyl Malate&nbsp; ,&nbsp;Dimethicone,&nbsp;Hydrogenated Lecithin&nbsp; ,&nbsp;Allantoin,&nbsp;Triethanolamine&nbsp; ,&nbsp;Xanthan GUM,&nbsp;Tocopheryl Acetate,&nbsp;Camellia Sinensis Leaf Extract&nbsp; ,&nbsp;Panax Ginseng Root Extract,&nbsp;Honey,&nbsp;Rosa Multiflora Fruit Extract,&nbsp;Gardenia Florida Fruit Extract,&nbsp;Scutellaria Baicalensis Root Extract,&nbsp;Ligustrum Japonicum Fruit Extract,&nbsp;Acanthopanax Senticosus (Eleuthero) Root Extract,&nbsp;Punica Granatum Fruit Extract,&nbsp;Carthamus Tinctorius (Safflower) Flower Extract,&nbsp;Carbomer,&nbsp;Disodium EDTA,&nbsp;Leontopodium alpinum extract,&nbsp;Thymus Vulgaris (Thyme) Extract,&nbsp;Malva Sylvestris (Mallow) Flower Extract&nbsp; ,&nbsp;Bambusa Vulgaris Leaf\/Stem Extract,&nbsp;Snail Secretion Filtrate&nbsp; ,&nbsp;Phenoxyethanol,&nbsp;Ethylhexylglycerin,&nbsp;Parfum<br \/>\n&nbsp;<\/p>\n","protected":false},"excerpt":{"rendered":"<p>Kerge niisutav, v\u00e4rskendav ja rahustav emulsioon rohelise tee, aaloe ja teolimaga. Roheline tee on tugev antioks\u00fcdant, mis kaitseb nahka. Aaloe rahustab nahka, leevendab \u00e4rritusi. Emulsioon sisaldab lisaks ka h\u00fcaluroonhapet, mis viib niiskuse s\u00fcgavale naha sisse ja niisutab nahka seest poolt. Ei sisalda kunstlike v\u00e4rvaineid ega alkoholi. Mahe emulsioon rahustab tundlikku nahka, niisutab ja silub naha [&hellip;]<\/p>\n","protected":false},"featured_media":2375,"comment_status":"open","ping_status":"closed","template":"","meta":{"_acf_changed":false},"product_brand":[],"product_cat":[],"product_tag":[],"class_list":{"0":"post-682","1":"product","2":"type-product","3":"status-publish","4":"has-post-thumbnail","6":"brand-coxir","8":"first","9":"instock","10":"taxable","11":"shipping-taxable","12":"purchasable","13":"product-type-simple"},"bundle_layout":"","bundled_by":[],"bundled_items":[],"acf":[],"_links":{"self":[{"href":"https:\/\/meon.theskinhouse.ee\/ru\/wp-json\/wp\/v2\/product\/682","targetHints":{"allow":["GET"]}}],"collection":[{"href":"https:\/\/meon.theskinhouse.ee\/ru\/wp-json\/wp\/v2\/product"}],"about":[{"href":"https:\/\/meon.theskinhouse.ee\/ru\/wp-json\/wp\/v2\/types\/product"}],"replies":[{"embeddable":true,"href":"https:\/\/meon.theskinhouse.ee\/ru\/wp-json\/wp\/v2\/comments?post=682"}],"wp:featuredmedia":[{"embeddable":true,"href":"https:\/\/meon.theskinhouse.ee\/ru\/wp-json\/wp\/v2\/media\/2375"}],"wp:attachment":[{"href":"https:\/\/meon.theskinhouse.ee\/ru\/wp-json\/wp\/v2\/media?parent=682"}],"wp:term":[{"taxonomy":"product_brand","embeddable":true,"href":"https:\/\/meon.theskinhouse.ee\/ru\/wp-json\/wp\/v2\/product_brand?post=682"},{"taxonomy":"product_cat","embeddable":true,"href":"https:\/\/meon.theskinhouse.ee\/ru\/wp-json\/wp\/v2\/product_cat?post=682"},{"taxonomy":"product_tag","embeddable":true,"href":"https:\/\/meon.theskinhouse.ee\/ru\/wp-json\/wp\/v2\/product_tag?post=682"}],"curies":[{"name":"wp","href":"https:\/\/api.w.org\/{rel}","templated":true}]}}