{"id":678,"date":"2020-04-02T14:14:52","date_gmt":"2020-04-02T11:14:52","guid":{"rendered":"https:\/\/meon.theskinhouse.ee\/toode\/coxir-greentea-bha-clear-toner-pouch-2\/"},"modified":"2026-04-10T00:05:02","modified_gmt":"2026-04-09T21:05:02","slug":"coxir-greentea-bha-clear-toner-pouch-2","status":"publish","type":"product","link":"https:\/\/meon.theskinhouse.ee\/ru\/toode\/coxir-greentea-bha-clear-toner-pouch-2\/","title":{"rendered":"Coxir Greentea BHA Clear Toner Tester"},"content":{"rendered":"<p>TESTER<\/p>\n<p>Rahustav, niisutav ja rasueritust kontrolliv toonik rohelise tee, aaloe, teolima ja BHA hapetega.&nbsp;Roheline tee on tugev antioks\u00fcdant, mis kaitseb nahka. Aaloe rahustab nahka, leevendab \u00e4rritusi.&nbsp;H\u00fcaluroonhape viib niiskuse s\u00fcgavale naha sisse ja niisutab nahka seest poolt. BHA happed&nbsp;kontrollivad rasueritust ja sobivad h\u00e4sti rasusele ja kombineeritud nahale, et hoida rasueritust kontrolli all. Teolima kiirendab naha regeneratsiooni protsesse. Ei sisalda kunstlikke v\u00e4rvaineid ega alkoholi.&nbsp;Toonikut kasutatakse kohe p\u00e4rast n\u00e4o pesemist, et nahka kiiresti niisutada, tasakaalustada pH taset&nbsp;ja valmistada ette \u00fclej\u00e4\u00e4nud kosmeetika paremaks omastamiseks.<\/p>\n<p>\n<strong>BHA happed<\/strong><\/p>\n<p>\nBHA t\u00e4hendab beetah\u00fcdroks\u00fchapet, mida kasutatakse kosmeetikas naha tekstuuri ja toonuse parandamiseks, rasuerituse kontrollimiseks, naha koorimiseks ning \u00e4rrituste leevendamiseks. USAs on lubatud BHA-sisaldus toodetes kuni 2% ning Koreas ainult kuni 0,5%. BHA happed eemaldavad&nbsp;naha pinnalt surnud naharakud ja puhastavad poore. BHA happed sobivad v\u00e4ga h\u00e4sti ka tundlikule&nbsp;nahale, sest nad tapavad baktereid ja leevendavad \u00e4rritusi ja punetusi. BHA hapetega tooteid&nbsp;kasutatakse tihti ka akne ja robleemse naha korral.<\/p>\n<p>\n<strong>Peamised koostisosad:<\/strong><\/p>\n<ul>\n<li>Roheline tee &#8212; tuntud ka kui antioks\u00fcdant, mis takistab naha vananemist. Rohelises tees sisalduvad pol\u00fcfenoolid on v\u00f5imekad antioks\u00fcdandid, millel on nahka rahustav toime ning samuti ravivad need silmn\u00e4htavalt p\u00e4ikesekahjustusi.<\/li>\n<li>Aaloe &#8212; rahustab ja niisutab nahka, leevendab \u00e4rritusi, sobib v\u00e4ga h\u00e4sti tundlikule nahale.<\/li>\n<li>Teolima &#8212; on tugeva nahka uuendava toimega. Teolima sisaldab allantoiini, mis kiirendab naha regeneratsiooni, on tugeva kortsuvastase ja niisutava toimega, sobib tundliku naha rahustamiseks, aitab parandada akne arme ja muid nahakahjustusi.<\/li>\n<li>H\u00fcaluroonhape \u2013 niisutav komponent, mis viib niiskuse s\u00fcgavale naha sisse ja hoiab naha niiskustaset pikaajaliselt k\u00f5rgel tasemel. Kasutatakse madala molekulmassiga h\u00fcaluroonhapet, millel on v\u00e4iksemad molekulid ja mis imenduvad paremini.<\/li>\n<\/ul>\n<p><strong>Kasutamine:<\/strong><br \/>\nP\u00e4rast puhastamist niisutage vatipadi toonikuga ning kandke n\u00e4ole suunaga n\u00e4o keskosast v\u00e4ljapoole.<\/p>\n<p>\n<strong>Kogus:<\/strong>&nbsp;150ml.<\/p>\n<p>\n<strong>Sobib:<\/strong>&nbsp;tundlik nahk, rasune ja kombineeritud nahk<\/p>\n<p><strong>Koostis<\/strong><br \/>\nWater,&nbsp;Butylene glycol,&nbsp;Glycerin&nbsp; ,&nbsp;Sodium Hyaluronate,&nbsp;1,2-Hexanediol&nbsp; ,&nbsp;Aloe Barbadensis Leaf Extract,&nbsp;Camellia Sinensis Leaf Extract&nbsp; ,&nbsp;Betaine Salicylate,&nbsp;Arginine&nbsp; ,&nbsp;Panax Ginseng Root Extract,&nbsp;Honey,&nbsp;Rosa Multiflora Fruit Extract,&nbsp;Gardenia Florida Fruit Extract,&nbsp;Scutellaria Baicalensis Root Extract,&nbsp;Ligustrum Japonicum Fruit Extract,&nbsp;Acanthopanax Senticosus (Eleuthero) Root Extract,&nbsp;Punica Granatum Fruit Extract,&nbsp;Carthamus Tinctorius (Safflower) Flower Extract,&nbsp;Betaine,&nbsp;Allantoin,&nbsp;Leontopodium alpinum extract,&nbsp;Thymus Vulgaris (Thyme) Extract,&nbsp;Malva Sylvestris (Mallow) Flower Extract&nbsp; ,&nbsp;Bambusa Vulgaris Leaf\/Stem Extract,&nbsp;Snail Secretion Filtrate&nbsp; ,&nbsp;Ethylhexylglycerin,&nbsp;Parfum<\/p>\n","protected":false},"excerpt":{"rendered":"<p>TESTER Rahustav, niisutav ja rasueritust kontrolliv toonik rohelise tee, aaloe, teolima ja BHA hapetega.&nbsp;Roheline tee on tugev antioks\u00fcdant, mis kaitseb nahka. Aaloe rahustab nahka, leevendab \u00e4rritusi.&nbsp;H\u00fcaluroonhape viib niiskuse s\u00fcgavale naha sisse ja niisutab nahka seest poolt. BHA happed&nbsp;kontrollivad rasueritust ja sobivad h\u00e4sti rasusele ja kombineeritud nahale, et hoida rasueritust kontrolli all. Teolima kiirendab naha regeneratsiooni [&hellip;]<\/p>\n","protected":false},"featured_media":0,"comment_status":"open","ping_status":"closed","template":"","meta":{"_acf_changed":false},"product_brand":[],"product_cat":[],"product_tag":[],"class_list":{"0":"post-678","1":"product","2":"type-product","3":"status-publish","5":"brand-coxir","7":"first","8":"instock","9":"taxable","10":"shipping-taxable","11":"purchasable","12":"product-type-simple"},"bundle_layout":"","bundled_by":[],"bundled_items":[],"acf":[],"_links":{"self":[{"href":"https:\/\/meon.theskinhouse.ee\/ru\/wp-json\/wp\/v2\/product\/678","targetHints":{"allow":["GET"]}}],"collection":[{"href":"https:\/\/meon.theskinhouse.ee\/ru\/wp-json\/wp\/v2\/product"}],"about":[{"href":"https:\/\/meon.theskinhouse.ee\/ru\/wp-json\/wp\/v2\/types\/product"}],"replies":[{"embeddable":true,"href":"https:\/\/meon.theskinhouse.ee\/ru\/wp-json\/wp\/v2\/comments?post=678"}],"wp:attachment":[{"href":"https:\/\/meon.theskinhouse.ee\/ru\/wp-json\/wp\/v2\/media?parent=678"}],"wp:term":[{"taxonomy":"product_brand","embeddable":true,"href":"https:\/\/meon.theskinhouse.ee\/ru\/wp-json\/wp\/v2\/product_brand?post=678"},{"taxonomy":"product_cat","embeddable":true,"href":"https:\/\/meon.theskinhouse.ee\/ru\/wp-json\/wp\/v2\/product_cat?post=678"},{"taxonomy":"product_tag","embeddable":true,"href":"https:\/\/meon.theskinhouse.ee\/ru\/wp-json\/wp\/v2\/product_tag?post=678"}],"curies":[{"name":"wp","href":"https:\/\/api.w.org\/{rel}","templated":true}]}}