{"id":672,"date":"2020-04-02T14:14:52","date_gmt":"2020-04-02T11:14:52","guid":{"rendered":"https:\/\/meon.theskinhouse.ee\/toode\/coxir-intensive-egf-peptide-cream-2\/"},"modified":"2026-04-10T00:10:03","modified_gmt":"2026-04-09T21:10:03","slug":"coxir-intensive-egf-peptide-cream-2","status":"publish","type":"product","link":"https:\/\/meon.theskinhouse.ee\/ru\/toode\/coxir-intensive-egf-peptide-cream-2\/","title":{"rendered":"Coxir Intensive EGF Peptide Cream"},"content":{"rendered":"<p><strong>Intensive EGF Peptide Cream<\/strong>&nbsp;&#8212; pinguldav ja niisutav n\u00e4okreem kollageeni ja peptiididega.<\/p>\n<p>Korea Toidu- ja Ravimiameti poolt sertifitseeritud pinguldav ja kortsuvastane n\u00e4okreem. Peptiidide kompleks, kollageen ja adenosiin pinguldavad nahka ja tugevdavad rakkudevahelisi sidemeid, t\u00e4nu sellele muutub nahk tugevamaks ja elastsemaks, kortsud v\u00e4henevad. H\u00fcaluroonhape niisutab nahka. EGF (epidermaalne kasvufaktor) m\u00f5jutab naharakke molekulaarsel tasemel ja parandab nende regeneratsiooniv\u00f5imet.<\/p>\n<p>N\u00e4okreem, erinevalt teistest vahenditest (toonik, seerum, emulsioon), sisaldab rohkem kaitsvaid ja toitvaid toimeaineid ja m\u00f5jutab efektiivsemalt naha pindmist kihti. N\u00e4okreemi v\u00f5ib kasutada kas emulsiooni asemel v\u00f5i p\u00e4rast emulsiooni s\u00f5ltuvalt naha seisukorrast ja toitmise ning naha kaitsmise vajadusest. Enne n\u00e4okreemi on soovitatav kasutada seerumit, mis m\u00f5jutab naha s\u00fcgavamaid kihte.<\/p>\n<p><strong>Peamised koostisosad:<\/strong><\/p>\n<ul>\n<li><strong>Peptiidid<\/strong>&nbsp;\u2013 parandavad naharaku aktiivsustaset, kiirendavad metabolismi. T\u00e4nu sellele on naharakud paremini kaitstud, rakkudevahelised sidemed on tugevamad, rakud saavad piisavalt energiat ja hapnikku. Peptiidide molekulid on v\u00e4ga v\u00e4ikesed, seet\u00f5ttu p\u00e4\u00e4sevad nad s\u00fcgavale naha sisse. Peptiidid stimuleerivad kollageeni ja elastiini tootmist, samuti aitavad v\u00f5idelda p\u00f5letikega. Peptiidid on t\u00e4nap\u00e4eva kosmeetikas \u00fcks tugevamaid komponente, mis aitab kortsude korral.<\/li>\n<li><strong>H\u00fcaluroonhape<\/strong>&nbsp;\u2013 niisutav komponent, mis viib niiskuse s\u00fcgavale naha sisse ja hoiab naha niiskustaset pikaajaliselt k\u00f5rgel tasemel. Kasutatakse madala molekulmassiga h\u00fcaluroonhapet, millel on v\u00e4iksemad molekulid ja mis imenduvad paremini.<\/li>\n<li><strong>Kollageen<\/strong>&nbsp;\u2013 Alates 25. eluaastast hakkab naha enda kollageeni tootmine j\u00e4rsult v\u00e4henema, seet\u00f5ttu soovitavad kosmetoloogid hakata nahka toitma kollageeniga alates 25. a, et ennetada kortsude teket. Kollageen teeb naha tugevamaks ja elastsemaks. Kasutatakse mere kollageeni, sest see on inimese enda kollageeniga struktuuri poolest k\u00f5ige sarnasem, seet\u00f5ttu omastab inimese nahk mere kollageeni k\u00f5ige paremini.<\/li>\n<li><strong>Niatsiinamiid<\/strong>&nbsp;(vitamiin B3) \u2013 aktiivne komponent, mis aitab naharakke uuendada ja kaitsta kahjulike v\u00e4lism\u00f5jude eest. Niatsiinamiid \u00fchtlustab nahatooni, teeb naha v\u00e4rskemaks, kirgastab tuhmi nahka, aitab pigmendilaikude korral. Samuti aitab leevendada tundlikku nahka. Uuringud on n\u00e4idanud, et niatsiinamiid on efektiivne rosaatsea ja kuperoosi korral.<\/li>\n<li><strong>Taimsed ekstraktid&nbsp;<\/strong>&#8212; sisaldab suures koguses erinevaid taimseid ekstrakte (granaat\u00f5un, tomat, \u017een\u0161enn, t\u00fc\u00fcmian jt), mis sisaldavad palju vitamiine, rahustavad ja niisutavad nahka, sisaldavad antioks\u00fcdante.<\/li>\n<li><strong>Teolima&nbsp;<\/strong>&#8212; tugeva nahka uuendava toimega. Teolima sisaldab allantoiini, mis kiirendab naha regeneratsiooni, on tugeva kortsuvastase ja niisutava toimega, sobib tundliku naha rahustamiseks, aitab parandada akne arme ja muid nahakahjustusi.<\/li>\n<li><strong>EGF<\/strong>&nbsp;\u2013 epidermaalne kasvufaktor. Naturaalne valk, mis sisaldub inimese nahas ja mis vastutab rakkude regeneratsiooniprotsesside eest. EGF ravib kahjustatud naharakke ning kiirendab nende metabolismi. T\u00e4nu sellele toimub kiirem naharakkude uuenemine. EGF avastamise eest said 2 teadlast Nobeli preemia.<\/li>\n<\/ul>\n<p><strong>Kasutamine:&nbsp;<\/strong>P\u00e4rast naha puhastamist ja soovitavalt tooniku ja seerumi kasutamist kandke m\u00f5\u00f5dukas kogus kreemi kogu n\u00e4ole kergete patsutavate liigutustega kuni imendumiseni.<\/p>\n<p><strong>Kogus<\/strong>: 50ml<\/p>\n<p><strong>Sobib<\/strong>: k\u00f5ik nahat\u00fc\u00fcbid, kortsude ennetamine ja silumine.<\/p>\n<p><strong>Koostis<\/strong><br \/>\nWater,&nbsp;Glycerin&nbsp; ,&nbsp;Glyceryl Acrlate\/Acrylic acid copolymer,&nbsp;Propylene Glycol,&nbsp;Butylene Glycol Dicaprylate\/Dicaprate,&nbsp;Dimethicone\/Vinyl Dimethicone Crosspolymer,&nbsp;Methyl Gluceth-20,&nbsp;Niacinamide&nbsp; ,&nbsp;1,2-Hexanediol&nbsp; ,&nbsp;Betaine,&nbsp;Diisostearyl Malate&nbsp; ,&nbsp;Cyclomethicone,&nbsp;PEG\/PPG-18\/4 Copolymer,&nbsp;Sodium Acrylate\/Sodium AcryloyldimethylTaurate Copolymer,&nbsp;Isohexadecane,&nbsp;Polysorbate 80,&nbsp;Adenosine,&nbsp;Butylene Glycol,&nbsp;Hydrogenated Lecithin,&nbsp;sh-Oligopeptide-1,&nbsp;Copper Tripeptide-1,&nbsp;Hydrogenated Vegetable Oil&nbsp; ,&nbsp;Tri-C14-15 Alkyl Citrate&nbsp; ,&nbsp;Myrciaria Dubia Fruit Extract,&nbsp;Malpighia Emarginata (Acerola) Fruit Extract ,&nbsp;Tocopheryl Acetate,&nbsp;Arginine&nbsp; ,&nbsp;Carbomer,&nbsp;Panthenol,&nbsp;Lonicera Japonica (Honeysuckle) Flower Extract,&nbsp;Solanum Lycopersicum (Tomato) Fruit Extract,&nbsp;Lilium Tigrinum Extract,&nbsp;Nelumbo Nucifera Seed Extract,&nbsp;Chrysanthemum Indicum Flower Extract,&nbsp;Hydrolyzed Collagen,&nbsp;Acanthopanax Senticosus (Eleuthero) Root Extract,&nbsp;Punica Granatum Fruit Extract,&nbsp;Panax Ginseng Root Extract,&nbsp;Carthamus Tinctorius (Safflower) Flower Extract,&nbsp;Xanthan GUM,&nbsp;Malva Sylvestris (Mallow) Flower Extract&nbsp; ,&nbsp;Buddleja Davidii Extract ,&nbsp;Thymus Vulgaris (Thyme) Extract,&nbsp;Camellia sinensis Callus Culture extracts,&nbsp;Phaseolus Radiatus Meristem Cell Culture Extract,&nbsp;Panax ginseng callus culture extract,&nbsp;Phenoxyethanol,&nbsp;Ethylhexylglycerin,&nbsp;Parfum<\/p>\n","protected":false},"excerpt":{"rendered":"<p>Intensive EGF Peptide Cream&nbsp;&#8212; pinguldav ja niisutav n\u00e4okreem kollageeni ja peptiididega. Korea Toidu- ja Ravimiameti poolt sertifitseeritud pinguldav ja kortsuvastane n\u00e4okreem. Peptiidide kompleks, kollageen ja adenosiin pinguldavad nahka ja tugevdavad rakkudevahelisi sidemeid, t\u00e4nu sellele muutub nahk tugevamaks ja elastsemaks, kortsud v\u00e4henevad. H\u00fcaluroonhape niisutab nahka. EGF (epidermaalne kasvufaktor) m\u00f5jutab naharakke molekulaarsel tasemel ja parandab nende regeneratsiooniv\u00f5imet. [&hellip;]<\/p>\n","protected":false},"featured_media":2336,"comment_status":"open","ping_status":"closed","template":"","meta":{"_acf_changed":false},"product_brand":[],"product_cat":[],"product_tag":[],"class_list":{"0":"post-672","1":"product","2":"type-product","3":"status-publish","4":"has-post-thumbnail","6":"brand-coxir","8":"first","9":"instock","10":"taxable","11":"shipping-taxable","12":"purchasable","13":"product-type-simple"},"bundle_layout":"","bundled_by":[],"bundled_items":[],"acf":[],"_links":{"self":[{"href":"https:\/\/meon.theskinhouse.ee\/ru\/wp-json\/wp\/v2\/product\/672","targetHints":{"allow":["GET"]}}],"collection":[{"href":"https:\/\/meon.theskinhouse.ee\/ru\/wp-json\/wp\/v2\/product"}],"about":[{"href":"https:\/\/meon.theskinhouse.ee\/ru\/wp-json\/wp\/v2\/types\/product"}],"replies":[{"embeddable":true,"href":"https:\/\/meon.theskinhouse.ee\/ru\/wp-json\/wp\/v2\/comments?post=672"}],"wp:featuredmedia":[{"embeddable":true,"href":"https:\/\/meon.theskinhouse.ee\/ru\/wp-json\/wp\/v2\/media\/2336"}],"wp:attachment":[{"href":"https:\/\/meon.theskinhouse.ee\/ru\/wp-json\/wp\/v2\/media?parent=672"}],"wp:term":[{"taxonomy":"product_brand","embeddable":true,"href":"https:\/\/meon.theskinhouse.ee\/ru\/wp-json\/wp\/v2\/product_brand?post=672"},{"taxonomy":"product_cat","embeddable":true,"href":"https:\/\/meon.theskinhouse.ee\/ru\/wp-json\/wp\/v2\/product_cat?post=672"},{"taxonomy":"product_tag","embeddable":true,"href":"https:\/\/meon.theskinhouse.ee\/ru\/wp-json\/wp\/v2\/product_tag?post=672"}],"curies":[{"name":"wp","href":"https:\/\/api.w.org\/{rel}","templated":true}]}}