{"id":664,"date":"2020-04-02T14:14:51","date_gmt":"2020-04-02T11:14:51","guid":{"rendered":"https:\/\/meon.theskinhouse.ee\/toode\/coxir-intensive-egf-peptide-serum-2\/"},"modified":"2026-04-10T05:50:02","modified_gmt":"2026-04-10T02:50:02","slug":"coxir-intensive-egf-peptide-serum-2","status":"publish","type":"product","link":"https:\/\/meon.theskinhouse.ee\/ru\/toode\/coxir-intensive-egf-peptide-serum-2\/","title":{"rendered":"Coxir Intensive EGF Peptide Serum"},"content":{"rendered":"<p>Korea Toidu- ja Ravimiameti poolt sertifitseeritud pinguldav ja kortsuvastane seerum. Peptiidide kompleks, kollageen ja adenosiin pinguldavad nahka ja tugevdavad rakkudevahelisi sidemeid, t\u00e4nu sellele muutub nahk tugevamaks ja elastsemaks, kortsud v\u00e4henevad. H\u00fcaluroonhape niisutab nahka. EGF (epidermaalne kasvufaktor) m\u00f5jutab naharakke molekulaarsel tasemel ja parandab nende regeneratsiooniv\u00f5imet.<\/p>\n<p>Seerum on kontsentreeritud vahend, mis sisaldab suures koguses toimeainet ning p\u00e4\u00e4seb s\u00fcgavale naha sisse ja m\u00f5jutab naha alumisi kihte. Enne seerumit on soovitatav kasutada toonikut, et valmistada nahk ette \u00fclej\u00e4\u00e4nud vahendite kasutamiseks.<\/p>\n<p><strong>Peamised koostisosad:<\/strong><\/p>\n<p><strong>Peptiidid<\/strong> \u2013 parandavad naharaku aktiivsustaset, kiirendavad metabolismi. T\u00e4nu sellele on naharakud paremini kaitstud, rakkudevahelised sidemed on tugevamad, rakud saavad piisavalt energiat ja hapnikku. Peptiidide molekulid on v\u00e4ga v\u00e4ikesed, seet\u00f5ttu p\u00e4\u00e4sevad nad s\u00fcgavale naha sisse. Peptiidid stimuleerivad kollageeni ja elastiini tootmist, samuti aitavad v\u00f5idelda p\u00f5letikega. Peptiidid on t\u00e4nap\u00e4eva kosmeetikas \u00fcks tugevamaid komponente, mis aitab kortsude korral.&nbsp;<br \/>\n<strong>H\u00fcaluroonhape<\/strong> \u2013 niisutav komponent, mis viib niiskuse s\u00fcgavale naha sisse ja hoiab naha niiskustaset pikaajaliselt k\u00f5rgel tasemel. Kasutatakse madala molekulmassiga h\u00fcaluroonhapet, millel on v\u00e4iksemad molekulid ja mis imenduvad paremini.<br \/>\n<strong>Kollageen<\/strong> \u2013 Alates 25. eluaastast hakkab naha enda kollageeni tootmine j\u00e4rsult v\u00e4henema, seet\u00f5ttu soovitavad kosmetoloogid hakata nahka toitma kollageeniga alates 25. a, et ennetada kortsude teket. Kollageen teeb naha tugevamaks ja elastsemaks. Kasutatakse mere kollageeni, sest see on inimese enda kollageeniga struktuuri poolest k\u00f5ige sarnasem, seet\u00f5ttu omastab inimese nahk mere kollageeni k\u00f5ige paremini.&nbsp;<br \/>\n<strong>Niatsiinamiid<\/strong> (vitamiin B3) \u2013 aktiivne komponent, mis aitab naharakke uuendada ja kaitsta kahjulike v\u00e4lism\u00f5jude eest. Niatsiinamiid \u00fchtlustab nahatooni, teeb naha v\u00e4rskemaks, kirgastab tuhmi nahka, aitab pigmendilaikude korral. Samuti aitab leevendada tundlikku nahka. Uuringud on n\u00e4idanud, et niatsiinamiid on efektiivne rosaatsea ja kuperoosi korral.<br \/>\n<strong>Taimsed ekstraktid <\/strong>&#8212; sisaldab suures koguses erinevaid taimseid ekstrakte (granaat\u00f5un, tomat, \u017een\u0161enn, t\u00fc\u00fcmian jt), mis sisaldavad palju vitamiine, rahustavad ja niisutavad nahka, sisaldavad antioks\u00fcdante.<br \/>\n<strong>Teolima<\/strong> &#8212; tugeva nahka uuendava toimega. Teolima sisaldab allantoiini, mis kiirendab naha regeneratsiooni, on tugeva kortsuvastase ja niisutava toimega, sobib tundliku naha rahustamiseks, aitab parandada akne arme ja muid nahakahjustusi.<br \/>\n<strong>EGF<\/strong> \u2013 epidermaalne kasvufaktor. Naturaalne valk, mis sisaldub inimese nahas ja mis vastutab rakkude regeneratsiooniprotsesside eest. EGF ravib kahjustatud naharakke ning kiirendab nende metabolismi. T\u00e4nu sellele toimub kiirem naharakkude uuenemine. EGF avastamise eest said 2 teadlast Nobeli preemia.<\/p>\n<p><strong>Kasutamine:<\/strong><\/p>\n<p>P\u00e4rast naha puhastamist ja soovitavalt tooniku kasutamist kandke m\u00f5\u00f5dukas kogus seerumit kogu n\u00e4ole kergete patsutavate liigutustega kuni imendumiseni.<\/p>\n<p><strong>Kogus<\/strong>: 50ml<\/p>\n<p><strong>Sobib<\/strong>: k\u00f5ik nahat\u00fc\u00fcbid, kortsude ennetamine ja silumine.<\/p>\n<p><strong>Koostis<\/strong><br \/>\nWater,&nbsp;Butylene glycol,&nbsp;Glycerin&nbsp; ,&nbsp;Alcohol,&nbsp;Propylene Glycol,&nbsp;Niacinamide&nbsp; ,&nbsp;1,2-Hexanediol&nbsp; ,&nbsp;Betaine,&nbsp;Glyceryl Acrylate\/Acrylic Acid Copolymer,&nbsp;PVM\/MA Copolymer,&nbsp;PEG\/PPG-18\/4 Copolymer,&nbsp;Allantoin,&nbsp;Triethanolamine&nbsp; ,&nbsp;Adenosine,&nbsp;Lonicera Japonica (Honeysuckle) Flower Extract,&nbsp;Solanum Lycopersicum (Tomato) Fruit Extract,&nbsp;Lilium Tigrinum Extract,&nbsp;Nelumbium Speciosum Flower Extract,&nbsp;Chrysanthemum Indicum Flower Extract,&nbsp;Hydrogenated Lecithin,&nbsp;sh-Oligopeptide-1,&nbsp;Copper Tripeptide-1,&nbsp;Hydrolyzed Collagen,&nbsp;Acanthopanax Senticosus (Eleuthero) Root Extract,&nbsp;Punica Granatum Fruit Extract,&nbsp;Carthamus Tinctorius (Safflower) Flower Extract,&nbsp;Carbomer,&nbsp;Leontopodium alpinum extract,&nbsp;Thymus Vulgaris (Thyme) Extract,&nbsp;Malva Sylvestris (Mallow) Flower Extract&nbsp; ,&nbsp;Bambusa Vulgaris Leaf\/Stem Extract,&nbsp;Snail Secretion Filtrate&nbsp; ,&nbsp;Phenoxyethanol,&nbsp;Ethylhexylglycerin,&nbsp;Parfum<br \/>\n&nbsp;<\/p>\n","protected":false},"excerpt":{"rendered":"<p>Korea Toidu- ja Ravimiameti poolt sertifitseeritud pinguldav ja kortsuvastane seerum. Peptiidide kompleks, kollageen ja adenosiin pinguldavad nahka ja tugevdavad rakkudevahelisi sidemeid, t\u00e4nu sellele muutub nahk tugevamaks ja elastsemaks, kortsud v\u00e4henevad. H\u00fcaluroonhape niisutab nahka. EGF (epidermaalne kasvufaktor) m\u00f5jutab naharakke molekulaarsel tasemel ja parandab nende regeneratsiooniv\u00f5imet. Seerum on kontsentreeritud vahend, mis sisaldab suures koguses toimeainet ning p\u00e4\u00e4seb [&hellip;]<\/p>\n","protected":false},"featured_media":2399,"comment_status":"open","ping_status":"closed","template":"","meta":{"_acf_changed":false},"product_brand":[],"product_cat":[],"product_tag":[],"class_list":{"0":"post-664","1":"product","2":"type-product","3":"status-publish","4":"has-post-thumbnail","6":"brand-coxir","8":"first","9":"instock","10":"taxable","11":"shipping-taxable","12":"purchasable","13":"product-type-simple"},"bundle_layout":"","bundled_by":[],"bundled_items":[],"acf":[],"_links":{"self":[{"href":"https:\/\/meon.theskinhouse.ee\/ru\/wp-json\/wp\/v2\/product\/664","targetHints":{"allow":["GET"]}}],"collection":[{"href":"https:\/\/meon.theskinhouse.ee\/ru\/wp-json\/wp\/v2\/product"}],"about":[{"href":"https:\/\/meon.theskinhouse.ee\/ru\/wp-json\/wp\/v2\/types\/product"}],"replies":[{"embeddable":true,"href":"https:\/\/meon.theskinhouse.ee\/ru\/wp-json\/wp\/v2\/comments?post=664"}],"wp:featuredmedia":[{"embeddable":true,"href":"https:\/\/meon.theskinhouse.ee\/ru\/wp-json\/wp\/v2\/media\/2399"}],"wp:attachment":[{"href":"https:\/\/meon.theskinhouse.ee\/ru\/wp-json\/wp\/v2\/media?parent=664"}],"wp:term":[{"taxonomy":"product_brand","embeddable":true,"href":"https:\/\/meon.theskinhouse.ee\/ru\/wp-json\/wp\/v2\/product_brand?post=664"},{"taxonomy":"product_cat","embeddable":true,"href":"https:\/\/meon.theskinhouse.ee\/ru\/wp-json\/wp\/v2\/product_cat?post=664"},{"taxonomy":"product_tag","embeddable":true,"href":"https:\/\/meon.theskinhouse.ee\/ru\/wp-json\/wp\/v2\/product_tag?post=664"}],"curies":[{"name":"wp","href":"https:\/\/api.w.org\/{rel}","templated":true}]}}