{"id":658,"date":"2020-04-02T14:13:21","date_gmt":"2020-04-02T11:13:21","guid":{"rendered":"https:\/\/meon.theskinhouse.ee\/toode\/coxir-tea-tree-pore-sebum-emulsion-2\/"},"modified":"2026-04-10T05:50:02","modified_gmt":"2026-04-10T02:50:02","slug":"coxir-tea-tree-pore-sebum-emulsion-2","status":"publish","type":"product","link":"https:\/\/meon.theskinhouse.ee\/ru\/toode\/coxir-tea-tree-pore-sebum-emulsion-2\/","title":{"rendered":"Coxir Tea Tree Pore &amp; Sebum Emulsion"},"content":{"rendered":"<p>Tea Tree Pore &amp; Sebum Emulsion \u2013 emulsioon probleemsele ja rasusele nahale<\/p>\n<p>Poore ahendav ja rasueritust kontrolliv emulsioon probleemsele ja rasusele nahale. Rahustab ja kaitseb nahka, tagab selle niisutatuse, kontrollib rasueritust ning sisaldab n\u00f5iapuu ja vesinaba ekstrakte, millel on suurep\u00e4rased \u00e4rritusi leevendavad omadused. Teepuu\u00f5li on tuntud oma rahustava toime poolest ja seda kasutatakse akne ja vistrike rahustamiseks. Sisaldab lisaks ka h\u00fcaluroonhapet, mis viib niiskuse s\u00fcgavale naha sisse ja niisutab nahka seest poolt. Roheline tee rahustab nahka ja sisaldab palju antioks\u00fcdante.<\/p>\n<p>Emulsioon on oma olemuselt v\u00e4ga kerge kreem, mis on palju kergema tekstuuriga kui tavaline n\u00e4okreem ja p\u00e4\u00e4seb s\u00fcgavamale naha sisse ning m\u00f5jutab naha s\u00fcgavamaid kihte. Emulsiooni v\u00f5ib kasutada siis, kui nahale ei sobi raskemad ja rasvasemad vahendid. Emulsiooni v\u00f5ib panna ka kreemi alla.<\/p>\n<p><strong>Peamised koostisosad:<\/strong><\/p>\n<p><strong>Teepuu\u00f5li<\/strong> \u2013 tuntud kui desinfitseeriv ja rahustav ekstrakt. Tapab baktereid ja leevendab p\u00f5letikke.<br \/>\n<strong>Naturaalsed taimsed \u00f5lid<\/strong> \u2013 sisaldab looduslikke taimseid \u00f5lisid (sheav\u00f5i, makadaamia, jojoba, oliivi- jt \u00f5lid), mis teevad naha pehmeks ja niisutatuks pikaks ajaks ning toidavad nahka.<br \/>\n<strong>Taimsed ekstraktid<\/strong> &#8212; sisaldab suures koguses erinevaid taimseid ekstrakte (aaloe, aasia vesinaba, n\u00f5iapuu, granaat\u00f5un, tomat, \u017een\u0161enn jt), mis sisaldavad palju vitamiine, rahustavad ja niisutavad nahka, sisaldavad antioks\u00fcdante.<br \/>\n<strong>H\u00fcaluroonhape<\/strong> \u2013 niisutav komponent, mis viib niiskuse s\u00fcgavale naha sisse ja hoiab naha niiskustaset pikaajaliselt k\u00f5rgel tasemel. Kasutatakse madala molekulmassiga h\u00fcaluroonhapet, millel on v\u00e4iksemad molekulid ja mis imenduvad paremini.<\/p>\n<p><strong>Kasutamine<\/strong>: P\u00e4rast tooniku ja soovitavalt seerumi kasutamist kandke n\u00e4ole m\u00f5\u00f5dukas kogus emulsiooni kergete patsuvate liigutustega kuni imendumiseni.<\/p>\n<p><strong>Kogus<\/strong>: 100ml<\/p>\n<p><strong>Sobib<\/strong>: tundlik nahk, probleemne, rasune ja kombineeritud nahk<\/p>\n<p><strong>Koostis<\/strong><br \/>\nWater,&nbsp;Glycerin&nbsp; ,&nbsp;Butylene glycol,&nbsp;Sodium Hyaluronate,&nbsp;Saccharide Isomerate,&nbsp;Glyceryl Acrylate\/Acrylic Acid Copolymer,&nbsp;Propylene Glycol,&nbsp;Volcanic Rock,&nbsp;Polymethyl methacrylate,&nbsp;Carbomer,&nbsp;Triethanolamine&nbsp; ,&nbsp;Aloe Barbadensis Leaf Extract,&nbsp;Nelumbo Nucifera Seed Extract,&nbsp;Chrysanthemum Indicum Flower Extract,&nbsp;Paullinia Cupana Fruit Extract,&nbsp;Euterpe Oleracea Fruit Extract&nbsp; ,&nbsp;Allantoin,&nbsp;Simmondsia Chinensis (Jojoba) Seed Oil,&nbsp;Rosa Canina Fruit Oil ,&nbsp;Limnanthes Alba (Meadowfoam) Seed Oil,&nbsp;Olea Europaea (Olive) Fruit Oil,&nbsp;Macadamia Integrifolia Seed Oil&nbsp; ,&nbsp;Polysorbate 60&nbsp; ,&nbsp;Sorbitan Isostearate,&nbsp;Hydrogenated Lecithin&nbsp; ,&nbsp;Butyrospermum Parkii (Shea Butter),&nbsp;Orbignya Oleifera Seed Oil&nbsp; ,&nbsp;Dimethicone,&nbsp;Isononyl Isononanoate ,&nbsp;Panthenol,&nbsp;Betaine,&nbsp;PEG-60 Hydrogenated Castor Oil&nbsp; ,&nbsp;Disodium EDTA,&nbsp;Glycereth-26,&nbsp;Melaleuca Alternifolia (Tea Tree) Extract&nbsp; ,&nbsp;Panax Ginseng Root Extract,&nbsp;Camellia Sinensis Leaf Extract,&nbsp;Honey,&nbsp;Rosa Multiflora Fruit Extract,&nbsp;Gardenia Florida Fruit Extract,&nbsp;Scutellaria Baicalensis Root Extract,&nbsp;Ligustrum Japonicum Fruit Extract,&nbsp;Elsholtzia Splendens Extract,&nbsp;Saururus Chinensis Extract,&nbsp;Portulaca Oleracea Extract ,&nbsp;Ecklonia Cava Extract&nbsp; ,&nbsp;Hyssopus Officinalis Extract,&nbsp;Buddleja Davidii Extract ,&nbsp;Aloe vera Callus Culture extract,&nbsp;Phaseolus Radiatus Meristem Cell Culture Extract,&nbsp;Phenoxyethanol,&nbsp;Ethylhexylglycerin,&nbsp;Parfum<\/p>\n","protected":false},"excerpt":{"rendered":"<p>Tea Tree Pore &amp; Sebum Emulsion \u2013 emulsioon probleemsele ja rasusele nahale Poore ahendav ja rasueritust kontrolliv emulsioon probleemsele ja rasusele nahale. Rahustab ja kaitseb nahka, tagab selle niisutatuse, kontrollib rasueritust ning sisaldab n\u00f5iapuu ja vesinaba ekstrakte, millel on suurep\u00e4rased \u00e4rritusi leevendavad omadused. Teepuu\u00f5li on tuntud oma rahustava toime poolest ja seda kasutatakse akne ja [&hellip;]<\/p>\n","protected":false},"featured_media":2391,"comment_status":"open","ping_status":"closed","template":"","meta":{"_acf_changed":false},"product_brand":[],"product_cat":[],"product_tag":[],"class_list":{"0":"post-658","1":"product","2":"type-product","3":"status-publish","4":"has-post-thumbnail","6":"brand-coxir","8":"first","9":"instock","10":"taxable","11":"shipping-taxable","12":"purchasable","13":"product-type-simple"},"bundle_layout":"","bundled_by":[],"bundled_items":[],"acf":[],"_links":{"self":[{"href":"https:\/\/meon.theskinhouse.ee\/ru\/wp-json\/wp\/v2\/product\/658","targetHints":{"allow":["GET"]}}],"collection":[{"href":"https:\/\/meon.theskinhouse.ee\/ru\/wp-json\/wp\/v2\/product"}],"about":[{"href":"https:\/\/meon.theskinhouse.ee\/ru\/wp-json\/wp\/v2\/types\/product"}],"replies":[{"embeddable":true,"href":"https:\/\/meon.theskinhouse.ee\/ru\/wp-json\/wp\/v2\/comments?post=658"}],"wp:featuredmedia":[{"embeddable":true,"href":"https:\/\/meon.theskinhouse.ee\/ru\/wp-json\/wp\/v2\/media\/2391"}],"wp:attachment":[{"href":"https:\/\/meon.theskinhouse.ee\/ru\/wp-json\/wp\/v2\/media?parent=658"}],"wp:term":[{"taxonomy":"product_brand","embeddable":true,"href":"https:\/\/meon.theskinhouse.ee\/ru\/wp-json\/wp\/v2\/product_brand?post=658"},{"taxonomy":"product_cat","embeddable":true,"href":"https:\/\/meon.theskinhouse.ee\/ru\/wp-json\/wp\/v2\/product_cat?post=658"},{"taxonomy":"product_tag","embeddable":true,"href":"https:\/\/meon.theskinhouse.ee\/ru\/wp-json\/wp\/v2\/product_tag?post=658"}],"curies":[{"name":"wp","href":"https:\/\/api.w.org\/{rel}","templated":true}]}}