{"id":656,"date":"2020-04-02T14:13:21","date_gmt":"2020-04-02T11:13:21","guid":{"rendered":"https:\/\/meon.theskinhouse.ee\/toode\/coxir-tea-tree-pore-sebum-toner-2\/"},"modified":"2026-04-10T05:50:02","modified_gmt":"2026-04-10T02:50:02","slug":"coxir-tea-tree-pore-sebum-toner-2","status":"publish","type":"product","link":"https:\/\/meon.theskinhouse.ee\/ru\/toode\/coxir-tea-tree-pore-sebum-toner-2\/","title":{"rendered":"Coxir Tea Tree Pore &amp; Sebum Toner"},"content":{"rendered":"<p>Tea Tree Pore &amp; Sebum Toner \u2013 toonik probleemsele ja rasusele nahale<\/p>\n<p>Poore ahendav ja rasueritust kontrolliv toonik probleemsele ja rasusele nahale. Rahustab ja kaitseb nahka, tagab selle niisutatuse, kontrollib rasueritust ning sisaldab n\u00f5iapuu ja vesinaba ekstrakte, millel on suurep\u00e4rased \u00e4rritusi leevendavad omadused. Teepuu\u00f5li on tuntud oma rahustava toime poolest ja seda kasutatakse akne ja vistrike rahustamiseks. Sisaldab lisaks ka h\u00fcaluroonhapet, mis viib niiskuse s\u00fcgavale naha sisse ja niisutab nahka seest poolt. Roheline tee rahustab nahka ja sisaldab palju antioks\u00fcdante.<\/p>\n<p>Toonikut kasutatakse kohe p\u00e4rast n\u00e4o pesemist, et nahka kiiresti niisutada, tasakaalustada pH taset ja valmistada ette \u00fclej\u00e4\u00e4nud kosmeetika paremaks omastamiseks.<\/p>\n<p><strong>Peamised koostisosad:<\/strong><\/p>\n<p><strong>Teepuu\u00f5li<\/strong> \u2013 tuntud kui desinfitseeriv ja rahustav ekstrakt. Tapab baktereid ja leevendab p\u00f5letikke.<br \/>\n<strong>Taimsed ekstraktid<\/strong> \u2013 toonik sisaldab suures koguses erinevaid taimseid ekstrakte (aaloe, aasia vesinaba, n\u00f5iapuu, granaat\u00f5un, tomat, \u017een\u0161enn jt), mis sisaldavad palju vitamiine, rahustavad ja niisutavad nahka, sisaldavad antioks\u00fcdante.<br \/>\n<strong>H\u00fcaluroonhape<\/strong> \u2013 niisutav komponent, mis viib niiskuse s\u00fcgavale naha sisse ja hoiab naha niiskustaset pikaajaliselt k\u00f5rgel tasemel. Kasutatakse madala molekulmassiga h\u00fcaluroonhapet, millel on v\u00e4iksemad molekulid ja mis imenduvad paremini.<\/p>\n<p><strong>Kasutamine<\/strong>: P\u00e4rast puhastamist niisutage vatipadi toonikuga ning kandke n\u00e4ole suunaga n\u00e4o keskosast v\u00e4ljapoole.<\/p>\n<p><strong>Kogus<\/strong>: 150ml.<\/p>\n<p><strong>Sobib<\/strong>: tundlik nahk, probleemne, rasune ja kombineeritud nahk<\/p>\n<p><strong>Koostis<\/strong><br \/>\nWater,&nbsp;Sodium Polystyrene Sulfonate,&nbsp;Butylene glycol,&nbsp;1,2-Hexanediol,&nbsp;Dipropylene Glycol&nbsp; ,&nbsp;Sodium Hyaluronate,&nbsp;Glycerin&nbsp; ,&nbsp;Hamamelis Virginiana (Witch Hazel) Extract&nbsp; ,&nbsp;Glycereth-26,&nbsp;Xanthan GUM,&nbsp;Betaine,&nbsp;PPG-26-Buteth-26,&nbsp;PEG-40 Hydrogenated Castor Oil ,&nbsp;Styrene\/VP Copolymer&nbsp; ,&nbsp;Glyceryl Acrylate\/Acrylic Acid Copolymer,&nbsp;Propylene Glycol,&nbsp;Volcanic Rock,&nbsp;Centella Asiatica Extract&nbsp; ,&nbsp;Melaleuca Alternifolia (Tea Tree) Extract&nbsp; ,&nbsp;Glycyrrhiza Inflata Root Extract&nbsp; ,&nbsp;Camellia Sinensis Leaf Extract&nbsp; ,&nbsp;Allantoin,&nbsp;Portulaca Oleracea Extract&nbsp; ,&nbsp;Aloe Barbadensis Leaf Extract,&nbsp;Panax Ginseng Root Extract&nbsp; ,&nbsp;Punica Granatum Fruit Extract&nbsp; ,&nbsp;Paeonia Lactiflora Extract,&nbsp;Lilium Tigrinum Extract,&nbsp;Nelumbium Speciosum Flower Extract,&nbsp;Lonicera Japonica (Honeysuckle) Flower Extract,&nbsp;Chrysanthemum Indicum Flower Extract,&nbsp;Cucurbita Pepo (Pumpkin) Fruit Extract,&nbsp;Solanum Lycopersicum (Tomato) Fruit Extract,&nbsp;Sophora Flavescens Root Extract&nbsp; ,&nbsp;Althaea Officinalis Leaf Extract?,&nbsp;Myrciaria Dubia Fruit Extract,&nbsp;Euterpe Oleracea Fruit Extract&nbsp; ,&nbsp;Disodium EDTA,&nbsp;Ethylhexylglycerin,&nbsp;Parfum,&nbsp;<br \/>\n&nbsp;<\/p>\n","protected":false},"excerpt":{"rendered":"<p>Tea Tree Pore &amp; Sebum Toner \u2013 toonik probleemsele ja rasusele nahale Poore ahendav ja rasueritust kontrolliv toonik probleemsele ja rasusele nahale. Rahustab ja kaitseb nahka, tagab selle niisutatuse, kontrollib rasueritust ning sisaldab n\u00f5iapuu ja vesinaba ekstrakte, millel on suurep\u00e4rased \u00e4rritusi leevendavad omadused. Teepuu\u00f5li on tuntud oma rahustava toime poolest ja seda kasutatakse akne ja [&hellip;]<\/p>\n","protected":false},"featured_media":2395,"comment_status":"open","ping_status":"closed","template":"","meta":{"_acf_changed":false},"product_brand":[],"product_cat":[],"product_tag":[],"class_list":{"0":"post-656","1":"product","2":"type-product","3":"status-publish","4":"has-post-thumbnail","6":"brand-coxir","8":"first","9":"instock","10":"taxable","11":"shipping-taxable","12":"purchasable","13":"product-type-simple"},"bundle_layout":"","bundled_by":[],"bundled_items":[],"acf":[],"_links":{"self":[{"href":"https:\/\/meon.theskinhouse.ee\/ru\/wp-json\/wp\/v2\/product\/656","targetHints":{"allow":["GET"]}}],"collection":[{"href":"https:\/\/meon.theskinhouse.ee\/ru\/wp-json\/wp\/v2\/product"}],"about":[{"href":"https:\/\/meon.theskinhouse.ee\/ru\/wp-json\/wp\/v2\/types\/product"}],"replies":[{"embeddable":true,"href":"https:\/\/meon.theskinhouse.ee\/ru\/wp-json\/wp\/v2\/comments?post=656"}],"wp:featuredmedia":[{"embeddable":true,"href":"https:\/\/meon.theskinhouse.ee\/ru\/wp-json\/wp\/v2\/media\/2395"}],"wp:attachment":[{"href":"https:\/\/meon.theskinhouse.ee\/ru\/wp-json\/wp\/v2\/media?parent=656"}],"wp:term":[{"taxonomy":"product_brand","embeddable":true,"href":"https:\/\/meon.theskinhouse.ee\/ru\/wp-json\/wp\/v2\/product_brand?post=656"},{"taxonomy":"product_cat","embeddable":true,"href":"https:\/\/meon.theskinhouse.ee\/ru\/wp-json\/wp\/v2\/product_cat?post=656"},{"taxonomy":"product_tag","embeddable":true,"href":"https:\/\/meon.theskinhouse.ee\/ru\/wp-json\/wp\/v2\/product_tag?post=656"}],"curies":[{"name":"wp","href":"https:\/\/api.w.org\/{rel}","templated":true}]}}