{"id":652,"date":"2020-04-02T14:13:21","date_gmt":"2020-04-02T11:13:21","guid":{"rendered":"https:\/\/meon.theskinhouse.ee\/toode\/coxir-ultra-hyaluronic-ampoule-pouch-2\/"},"modified":"2026-04-10T00:05:02","modified_gmt":"2026-04-09T21:05:02","slug":"coxir-ultra-hyaluronic-ampoule-pouch-2","status":"publish","type":"product","link":"https:\/\/meon.theskinhouse.ee\/ru\/toode\/coxir-ultra-hyaluronic-ampoule-pouch-2\/","title":{"rendered":"Coxir Ultra Hyaluronic Ampoule Tester"},"content":{"rendered":"<p>TESTER<br \/>\n&nbsp;<\/p>\n<p><strong>Buduaari Lemmik 2020 konkursi v\u00f5itja &#8212; parim jaem\u00fc\u00fcgitoode!<\/strong><\/p>\n<p><strong>Ultra Hyaluronic Ampoule<\/strong>&nbsp;\u2013 s\u00fcgavniisutav seerum 40% h\u00fcaluroonhappega<\/p>\n<p>Kontsentreeritud s\u00fcgavniisutav seerum, mis sisaldab 40% puhast h\u00fcaluroonhapet ning aaloe ekstrakti. H\u00fcaluroonhape viib niiskuse s\u00fcgavale naha sisse ja niisutab nahka seest poolt. T\u00e4nu sellele j\u00e4\u00e4b nahk pikaks ajaks niisutatuks. Aaloe ekstrakt niisutab, rahustab nahka, leevendab \u00e4rritusi ja naha tundlikkust, mineraalid ja vitamiinid muudavad naha s\u00e4ravaks ja v\u00e4rskeks.<\/p>\n<p>Seerum on kontsentreeritud vahend, mis sisaldab suures koguses toimeainet ning p\u00e4\u00e4seb s\u00fcgavale naha sisse ja m\u00f5jutab naha alumisi kihte. Enne seerumit on soovitatav kasutada toonikut, et valmistada nahk ette \u00fclej\u00e4\u00e4nud vahendite kasutamiseks.<\/p>\n<p><strong>Peamised koostisosad<\/strong><\/p>\n<ul>\n<li><strong>H\u00fcaluroonhape \u2013&nbsp;<\/strong>niisutav komponent, mis viib niiskuse s\u00fcgavale naha sisse ja hoiab naha niiskustaset pikaajaliselt k\u00f5rgel tasemel. Kasutatakse madala molekulmassiga h\u00fcaluroonhapet, millel on v\u00e4iksemad molekulid ja mis imenduvad paremini.<\/li>\n<li><strong>Metsiku aaloe ekstrakt<\/strong>&nbsp;\u2013 aaloe on tuntud oma niisutava ja rahustava toime poolest. Leevendab tundlikkust ja \u00e4rritusi, rahustab nahka.<\/li>\n<li><strong>Taimsed ekstraktid<\/strong>&nbsp;(portulak, k\u00f5rvits, guajaav, atseroola kirss, n\u00f5iapuu, teekameelia, bambus jt) &#8212; sisaldavad palju vitamiine, rahustavad, niisutavad ja toidavad nahka, sisaldavad antioks\u00fcdante.<\/li>\n<\/ul>\n<p><strong>Kasutamine:&nbsp;<\/strong>P\u00e4rast naha puhastamist ja soovitavalt tooniku kasutamist kandke m\u00f5\u00f5dukas kogus seerumit kogu n\u00e4ole kergete patsutavate liigutustega kuni imendumiseni.<\/p>\n<p><strong>Kogus<\/strong>: 50ml<\/p>\n<p><strong>Sobib<\/strong>: k\u00f5ik nahat\u00fc\u00fcbid, niisutamist vajav nahk.<\/p>\n<p><strong>Koostis<\/strong><br \/>\nWater,&nbsp;Sodium Hyaluronate,&nbsp;Glycerin,&nbsp;Sodium Polyacrylate,&nbsp;PVM\/MA Copolymer,&nbsp;Glyceryl Acrylate\/Acrylic Acid Copolymer,&nbsp;Propylene Glycol,&nbsp;Butylene glycol,&nbsp;1,2-Hexanediol&nbsp; ,&nbsp;PEG\/PPG-18\/4 Copolymer,&nbsp;Aloe Barbadensis Leaf Extract,&nbsp;Hydrolyzed Collagen,&nbsp;Carbomer,&nbsp;Panthenol,&nbsp;Allantoin,&nbsp;Triethanolamine&nbsp; ,&nbsp;Xanthan GUM,&nbsp;Disodium EDTA,&nbsp;Ethylhexylglycerin<\/p>\n","protected":false},"excerpt":{"rendered":"<p>TESTER &nbsp; Buduaari Lemmik 2020 konkursi v\u00f5itja &#8212; parim jaem\u00fc\u00fcgitoode! Ultra Hyaluronic Ampoule&nbsp;\u2013 s\u00fcgavniisutav seerum 40% h\u00fcaluroonhappega Kontsentreeritud s\u00fcgavniisutav seerum, mis sisaldab 40% puhast h\u00fcaluroonhapet ning aaloe ekstrakti. H\u00fcaluroonhape viib niiskuse s\u00fcgavale naha sisse ja niisutab nahka seest poolt. T\u00e4nu sellele j\u00e4\u00e4b nahk pikaks ajaks niisutatuks. Aaloe ekstrakt niisutab, rahustab nahka, leevendab \u00e4rritusi ja naha [&hellip;]<\/p>\n","protected":false},"featured_media":0,"comment_status":"open","ping_status":"closed","template":"","meta":{"_acf_changed":false},"product_brand":[],"product_cat":[],"product_tag":[],"class_list":{"0":"post-652","1":"product","2":"type-product","3":"status-publish","5":"brand-coxir","7":"first","8":"instock","9":"taxable","10":"shipping-taxable","11":"purchasable","12":"product-type-simple"},"bundle_layout":"","bundled_by":[],"bundled_items":[],"acf":[],"_links":{"self":[{"href":"https:\/\/meon.theskinhouse.ee\/ru\/wp-json\/wp\/v2\/product\/652","targetHints":{"allow":["GET"]}}],"collection":[{"href":"https:\/\/meon.theskinhouse.ee\/ru\/wp-json\/wp\/v2\/product"}],"about":[{"href":"https:\/\/meon.theskinhouse.ee\/ru\/wp-json\/wp\/v2\/types\/product"}],"replies":[{"embeddable":true,"href":"https:\/\/meon.theskinhouse.ee\/ru\/wp-json\/wp\/v2\/comments?post=652"}],"wp:attachment":[{"href":"https:\/\/meon.theskinhouse.ee\/ru\/wp-json\/wp\/v2\/media?parent=652"}],"wp:term":[{"taxonomy":"product_brand","embeddable":true,"href":"https:\/\/meon.theskinhouse.ee\/ru\/wp-json\/wp\/v2\/product_brand?post=652"},{"taxonomy":"product_cat","embeddable":true,"href":"https:\/\/meon.theskinhouse.ee\/ru\/wp-json\/wp\/v2\/product_cat?post=652"},{"taxonomy":"product_tag","embeddable":true,"href":"https:\/\/meon.theskinhouse.ee\/ru\/wp-json\/wp\/v2\/product_tag?post=652"}],"curies":[{"name":"wp","href":"https:\/\/api.w.org\/{rel}","templated":true}]}}