{"id":648,"date":"2020-04-02T14:13:20","date_gmt":"2020-04-02T11:13:20","guid":{"rendered":"https:\/\/meon.theskinhouse.ee\/toode\/coxir-ultra-hyaluronic-cream-pouch-2\/"},"modified":"2026-04-10T00:05:02","modified_gmt":"2026-04-09T21:05:02","slug":"coxir-ultra-hyaluronic-cream-pouch-2","status":"publish","type":"product","link":"https:\/\/meon.theskinhouse.ee\/ru\/toode\/coxir-ultra-hyaluronic-cream-pouch-2\/","title":{"rendered":"Coxir Ultra Hyaluronic Cream Tester"},"content":{"rendered":"<p>TESTER<\/p>\n<p><strong>Ultra Hyaluronic Cream&nbsp;<\/strong>\u2013 s\u00fcgavniisutav n\u00e4okreem h\u00fcaluroonhappe ja aaloega.<\/p>\n<p>S\u00fcgavniisutav n\u00e4okreem h\u00fcaluroonhappe ning aaloe ekstraktiga. H\u00fcaluroonhape viib niiskuse s\u00fcgavale naha sisse ja niisutab nahka seest poolt. T\u00e4nu sellele j\u00e4\u00e4b nahk pikaks ajaks niisutatuks. Aaloe ekstrakt niisutab, rahustab nahka, leevendab \u00e4rritusi ja naha tundlikkust, mineraalid ja vitamiinid muudavad naha s\u00e4ravaks ja v\u00e4rskeks. Kreem on kerge tekstuuriga, imendub kiiresti, ei j\u00e4ta nahale rasket kihti ega tee kleepuvaks.<\/p>\n<p>N\u00e4okreem, erinevalt teistest vahenditest (toonik, seerum, emulsioon), sisaldab rohkem kaitsvaid ja toitvaid toimeaineid ja m\u00f5jutab efektiivsemalt naha pindmist kihti. N\u00e4okreemi v\u00f5ib kasutada kas emulsiooni asemel v\u00f5i p\u00e4rast emulsiooni s\u00f5ltuvalt naha seisukorrast ja toitmise ning naha kaitsmise vajadusest. Enne n\u00e4okreemi on soovitatav kasutada seerumit, mis m\u00f5jutab naha s\u00fcgavamaid kihte.<\/p>\n<p><strong>Peamised koostisosad:<\/strong><\/p>\n<ul>\n<li><strong>H\u00fcaluroonhape \u2013&nbsp;<\/strong>niisutav komponent, mis viib niiskuse s\u00fcgavale naha sisse ja hoiab naha niiskustaset pikaajaliselt k\u00f5rgel tasemel. Kasutatakse madala molekulmassiga h\u00fcaluroonhapet, millel on v\u00e4iksemad molekulid ja mis imenduvad paremini.<\/li>\n<li><strong>Metsiku aaloe ekstrakt<\/strong>&nbsp;\u2013 aaloe on tuntud oma niisutava ja rahustava toime poolest. Leevendab tundlikkust ja \u00e4rritusi, rahustab nahka.<\/li>\n<li><strong>Taimsed ekstraktid<\/strong>&nbsp;(portulak, k\u00f5rvits, guajaav, atseroola kirss, n\u00f5iapuu, teekameelia, bambus jt) &#8212; sisaldavad palju vitamiine, rahustavad, niisutavad ja toidavad nahka, sisaldavad antioks\u00fcdante.<\/li>\n<li><strong>Naturaalsed taimsed \u00f5lid<\/strong>&nbsp;(sheav\u00f5i, jojoba-, oliivi\u00f5li jt) &#8212; teevad naha pehmeks ja niisutatuks pikaks ajaks ning toidavad nahka.<\/li>\n<\/ul>\n<p><strong>Kasutamine:&nbsp;<\/strong>P\u00e4rast naha puhastamist ja soovitavalt tooniku ja seerumi kasutamist kandke m\u00f5\u00f5dukas kogus kreemi kogu n\u00e4ole kergete patsutavate liigutustega kuni imendumiseni.<\/p>\n<p><strong>Kogus<\/strong>: 50ml<\/p>\n<p><strong>Sobib<\/strong>: k\u00f5ik nahat\u00fc\u00fcbid, niisutamist vajav nahk.<\/p>\n<p><strong>Koostis<\/strong><br \/>\nWater,&nbsp;Butylene glycol,&nbsp;Sodium Hyaluronate,&nbsp;Betaine,&nbsp;Caprylic\/Capric Triglyceride,&nbsp;1,2-Hexanediol&nbsp; ,&nbsp;Butyrospermum Parkii (Shea Butter),&nbsp;Helianthus Annuus (Sunflower) Seed Oil,&nbsp;Butylene Glycol Dicaprylate\/Dicaprate,&nbsp;PEG-12 Dimethicone&nbsp; ,&nbsp;Hydrolyzed Jojoba Esters,&nbsp;Glycerin,&nbsp;Sodium Polyacrylate,&nbsp;PVM\/MA Copolymer,&nbsp;Cyclomethicone,&nbsp;Beeswax&nbsp; ,&nbsp;Glyceryl Stearate,&nbsp;PEG-100 Stearate,&nbsp;Stearic Acid,&nbsp;Dimethicone,&nbsp;Sorbitan Stearate,&nbsp;Arachidyl Alcohol,&nbsp;Behenyl Alcohol,&nbsp;Arachidyl Glucoside,&nbsp;Triethanolamine&nbsp; ,&nbsp;Carbomer,&nbsp;Glycyrrhiza Inflata Root Extract&nbsp; ,&nbsp;Psidium Guajava Fruit Extract,&nbsp;Malpighia Emarginata (Acerola) Fruit Extract ,&nbsp;Allantoin,&nbsp;Aloe Barbadensis Leaf Extract,&nbsp;Portulaca Oleracea Extract&nbsp; ,&nbsp;Lilium Tigrinum Extrac,&nbsp;Cucurbita Pepo (Pumpkin) Fruit Extract,&nbsp;Hydrolyzed Collagen,&nbsp;Snail Secretion Filtrate&nbsp; ,&nbsp;Disodium EDTA,&nbsp;Limnanthes Alba (Meadowfoam) Seed Oil,&nbsp;Squalane,&nbsp;Olea Europaea (Olive) Fruit Oil?,&nbsp;Leontopodium alpinum extract,&nbsp;Malva Sylvestris (Mallow) Flower Extract&nbsp; ,&nbsp;Buddleja Davidii Extract ,&nbsp;Aloe vera Callus Culture extracts,&nbsp;Camellia sinensis Callus Culture extracts,&nbsp;Chrysanthemum Indicum Callus culture extract,&nbsp;Bambusa vulgaris Callus Culture extracts,&nbsp;Ethylhexylglycerin,&nbsp;Parfum<\/p>\n","protected":false},"excerpt":{"rendered":"<p>TESTER Ultra Hyaluronic Cream&nbsp;\u2013 s\u00fcgavniisutav n\u00e4okreem h\u00fcaluroonhappe ja aaloega. S\u00fcgavniisutav n\u00e4okreem h\u00fcaluroonhappe ning aaloe ekstraktiga. H\u00fcaluroonhape viib niiskuse s\u00fcgavale naha sisse ja niisutab nahka seest poolt. T\u00e4nu sellele j\u00e4\u00e4b nahk pikaks ajaks niisutatuks. Aaloe ekstrakt niisutab, rahustab nahka, leevendab \u00e4rritusi ja naha tundlikkust, mineraalid ja vitamiinid muudavad naha s\u00e4ravaks ja v\u00e4rskeks. Kreem on kerge tekstuuriga, [&hellip;]<\/p>\n","protected":false},"featured_media":0,"comment_status":"open","ping_status":"closed","template":"","meta":{"_acf_changed":false},"product_brand":[],"product_cat":[],"product_tag":[],"class_list":{"0":"post-648","1":"product","2":"type-product","3":"status-publish","5":"brand-coxir","7":"first","8":"instock","9":"taxable","10":"shipping-taxable","11":"purchasable","12":"product-type-simple"},"bundle_layout":"","bundled_by":[],"bundled_items":[],"acf":[],"_links":{"self":[{"href":"https:\/\/meon.theskinhouse.ee\/ru\/wp-json\/wp\/v2\/product\/648","targetHints":{"allow":["GET"]}}],"collection":[{"href":"https:\/\/meon.theskinhouse.ee\/ru\/wp-json\/wp\/v2\/product"}],"about":[{"href":"https:\/\/meon.theskinhouse.ee\/ru\/wp-json\/wp\/v2\/types\/product"}],"replies":[{"embeddable":true,"href":"https:\/\/meon.theskinhouse.ee\/ru\/wp-json\/wp\/v2\/comments?post=648"}],"wp:attachment":[{"href":"https:\/\/meon.theskinhouse.ee\/ru\/wp-json\/wp\/v2\/media?parent=648"}],"wp:term":[{"taxonomy":"product_brand","embeddable":true,"href":"https:\/\/meon.theskinhouse.ee\/ru\/wp-json\/wp\/v2\/product_brand?post=648"},{"taxonomy":"product_cat","embeddable":true,"href":"https:\/\/meon.theskinhouse.ee\/ru\/wp-json\/wp\/v2\/product_cat?post=648"},{"taxonomy":"product_tag","embeddable":true,"href":"https:\/\/meon.theskinhouse.ee\/ru\/wp-json\/wp\/v2\/product_tag?post=648"}],"curies":[{"name":"wp","href":"https:\/\/api.w.org\/{rel}","templated":true}]}}