{"id":646,"date":"2020-04-02T14:13:20","date_gmt":"2020-04-02T11:13:20","guid":{"rendered":"https:\/\/meon.theskinhouse.ee\/toode\/coxir-ultra-hyaluronic-emulsion-2\/"},"modified":"2026-04-10T05:50:02","modified_gmt":"2026-04-10T02:50:02","slug":"coxir-ultra-hyaluronic-emulsion-2","status":"publish","type":"product","link":"https:\/\/meon.theskinhouse.ee\/ru\/toode\/coxir-ultra-hyaluronic-emulsion-2\/","title":{"rendered":"Coxir Ultra Hyaluronic Emulsion"},"content":{"rendered":"<p><strong>Ultra Hyaluronic Emulsion<\/strong>&nbsp;\u2013 s\u00fcgavniisutav emulsioon n\u00e4ole h\u00fcaluroonhappe ja aaloega<\/p>\n<p>S\u00fcgavniisutav emulsioon n\u00e4ole h\u00fcaluroonhappe ja aaloega. H\u00fcaluroonhape viib niiskuse s\u00fcgavale naha sisse ja niisutab nahka seest poolt. T\u00e4nu sellele j\u00e4\u00e4b nahk pikaks ajaks niisutatuks. Aaloe ekstrakt niisutab, rahustab nahka, leevendab \u00e4rritusi ja naha tundlikkust. Emulsioon on v\u00e4ga kerge tekstuuriga kreem, mis p\u00e4\u00e4seb s\u00fcgavamale naha sisse ja mida v\u00f5ib kasutada kreemi alla v\u00f5i kreemi asemel, kui nahk vajab kergemat vahendit.<\/p>\n<p><strong>Peamised koostisosad:<\/strong><\/p>\n<ul>\n<li><strong>H\u00fcaluroonhape \u2013&nbsp;<\/strong>niisutav komponent, mis viib niiskuse s\u00fcgavale naha sisse ja hoiab naha niiskustaset pikaajaliselt k\u00f5rgel tasemel. Kasutatakse madala molekulmassiga h\u00fcaluroonhapet, millel on v\u00e4iksemad molekulid ja mis imenduvad paremini.<\/li>\n<li><strong>Metsiku aaloe ekstrakt<\/strong>&nbsp;\u2013 aaloe on tuntud oma niisutava ja rahustava toime poolest. Leevendab tundlikkust ja \u00e4rritusi, rahustab nahka.<\/li>\n<li><strong>Taimsed ekstraktid<\/strong>&nbsp;(portulak, k\u00f5rvits, guajaav, atseroola kirss, n\u00f5iapuu, teekameelia, bambus jt) &#8212; sisaldavad palju vitamiine, rahustavad, niisutavad ja toidavad nahka, sisaldavad antioks\u00fcdante.<\/li>\n<\/ul>\n<p><strong>Kasutamine:&nbsp;<\/strong>P\u00e4rast tooniku ja soovitavalt seerumi kasutamist kandke n\u00e4ole m\u00f5\u00f5dukas kogus emulsiooni kergete patsuvate liigutustega kuni imendumiseni.<\/p>\n<p><strong>Kogus<\/strong>: 100ml<\/p>\n<p><strong>Sobib<\/strong>: k\u00f5ik nahat\u00fc\u00fcbid, niisutamist vajav nahk.<\/p>\n<p><strong>Koostis<\/strong><br \/>\nWater,&nbsp;Butylene glycol,&nbsp;Caprylic\/Capric Triglyceride,&nbsp;Glycerin,&nbsp;Glyceryl Acrylate\/Acrylic Acid Copolymer,&nbsp;Propylene Glycol,&nbsp;PVM\/MA Copolymer,&nbsp;,&nbsp;Cetyl Ethylhexanoate,&nbsp;Sodium Hyaluronate,&nbsp;Hydrolyzed Jojoba Esters,&nbsp;Jojoba Esters&nbsp; ,&nbsp;1,2-Hexanediol&nbsp; ,&nbsp;Arachidyl Alcohol,&nbsp;Behenyl Alcohol,&nbsp;Arachidyl Glucoside,&nbsp;Cyclomethicone,&nbsp;Polysorbate 60&nbsp; ,&nbsp;Glyceryl Stearate&nbsp; ,&nbsp;PEG-100 Stearate,&nbsp;Dimethicone,&nbsp;Hydrogenated Lecithin&nbsp; ,&nbsp;Sorbitan Stearate,&nbsp;Allantoin,&nbsp;Xanthan GUM,&nbsp;Carbomer,&nbsp;Disodium EDTA,&nbsp;Tocopheryl Acetate,&nbsp;Arginine&nbsp; ,&nbsp;Aloe Barbadensis Leaf Extract,&nbsp;Lilium Tigrinum Extrac,&nbsp;Cucurbita Pepo (Pumpkin) Fruit Extract,&nbsp;Thymus Vulgaris (Thyme) Extract,&nbsp;Psidium Guajava Fruit Extract,&nbsp;Malpighia Emarginata (Acerola) Fruit Extract ,&nbsp;Hydrolyzed Collagen,&nbsp;Portulaca Oleracea Extract&nbsp; ,&nbsp;Snail Secretion Filtrate&nbsp; ,&nbsp;Leontopodium alpinum extract,&nbsp;Malva Sylvestris (Mallow) Flower Extract&nbsp; ,&nbsp;Buddleja Davidii Extract ,&nbsp;Aloe vera Callus Culture extracts,&nbsp;Camellia sinensis Callus Culture extracts,&nbsp;Chrysanthemum Indicum Callus culture extract,&nbsp;Bambusa vulgaris Callus Culture extracts,&nbsp;Ethylhexylglycerin,&nbsp;Parfum<\/p>\n","protected":false},"excerpt":{"rendered":"<p>Ultra Hyaluronic Emulsion&nbsp;\u2013 s\u00fcgavniisutav emulsioon n\u00e4ole h\u00fcaluroonhappe ja aaloega S\u00fcgavniisutav emulsioon n\u00e4ole h\u00fcaluroonhappe ja aaloega. H\u00fcaluroonhape viib niiskuse s\u00fcgavale naha sisse ja niisutab nahka seest poolt. T\u00e4nu sellele j\u00e4\u00e4b nahk pikaks ajaks niisutatuks. Aaloe ekstrakt niisutab, rahustab nahka, leevendab \u00e4rritusi ja naha tundlikkust. Emulsioon on v\u00e4ga kerge tekstuuriga kreem, mis p\u00e4\u00e4seb s\u00fcgavamale naha sisse ja [&hellip;]<\/p>\n","protected":false},"featured_media":2428,"comment_status":"open","ping_status":"closed","template":"","meta":{"_acf_changed":false},"product_brand":[],"product_cat":[],"product_tag":[],"class_list":{"0":"post-646","1":"product","2":"type-product","3":"status-publish","4":"has-post-thumbnail","6":"brand-coxir","8":"first","9":"instock","10":"taxable","11":"shipping-taxable","12":"purchasable","13":"product-type-simple"},"bundle_layout":"","bundled_by":[],"bundled_items":[],"acf":[],"_links":{"self":[{"href":"https:\/\/meon.theskinhouse.ee\/ru\/wp-json\/wp\/v2\/product\/646","targetHints":{"allow":["GET"]}}],"collection":[{"href":"https:\/\/meon.theskinhouse.ee\/ru\/wp-json\/wp\/v2\/product"}],"about":[{"href":"https:\/\/meon.theskinhouse.ee\/ru\/wp-json\/wp\/v2\/types\/product"}],"replies":[{"embeddable":true,"href":"https:\/\/meon.theskinhouse.ee\/ru\/wp-json\/wp\/v2\/comments?post=646"}],"wp:featuredmedia":[{"embeddable":true,"href":"https:\/\/meon.theskinhouse.ee\/ru\/wp-json\/wp\/v2\/media\/2428"}],"wp:attachment":[{"href":"https:\/\/meon.theskinhouse.ee\/ru\/wp-json\/wp\/v2\/media?parent=646"}],"wp:term":[{"taxonomy":"product_brand","embeddable":true,"href":"https:\/\/meon.theskinhouse.ee\/ru\/wp-json\/wp\/v2\/product_brand?post=646"},{"taxonomy":"product_cat","embeddable":true,"href":"https:\/\/meon.theskinhouse.ee\/ru\/wp-json\/wp\/v2\/product_cat?post=646"},{"taxonomy":"product_tag","embeddable":true,"href":"https:\/\/meon.theskinhouse.ee\/ru\/wp-json\/wp\/v2\/product_tag?post=646"}],"curies":[{"name":"wp","href":"https:\/\/api.w.org\/{rel}","templated":true}]}}