{"id":638,"date":"2020-04-02T14:13:20","date_gmt":"2020-04-02T11:13:20","guid":{"rendered":"https:\/\/meon.theskinhouse.ee\/toode\/coxir-vita-c-bright-cream-pouch-2\/"},"modified":"2026-04-10T00:05:02","modified_gmt":"2026-04-09T21:05:02","slug":"coxir-vita-c-bright-cream-pouch-2","status":"publish","type":"product","link":"https:\/\/meon.theskinhouse.ee\/ru\/toode\/coxir-vita-c-bright-cream-pouch-2\/","title":{"rendered":"Coxir Vita C Bright Cream Tester"},"content":{"rendered":"<p>TESTER<\/p>\n<p><strong>Vita C Bright Cream&nbsp;<\/strong>&#8212; v\u00e4rskendav ja nahatooni \u00fchtlustav vitamiinirikas n\u00e4okreem<\/p>\n<p>V\u00e4rskendav ja nahatooni \u00fchtlustav vitamiinirikas n\u00e4okreem, mis niisutab p\u00f5hjalikult ning kontrollib melaniiniteket, mis p\u00f5hjustab pigmendilaike. Kreem annab s\u00e4ra tuhmile ja elutule nahale, muutes selle niisutatuks ja terveks. Toidab nahka B, C ja E vitamiinidega, mida on vaja naha tervise jaoks. Sisaldab h\u00fcaluroonhapet, mis niisutab nahka.<\/p>\n<p><strong>Peamised koostisosad:<\/strong><\/p>\n<ul>\n<li><strong>Vitamiinid (C, E, B3)<\/strong>&nbsp;\u2013 toidavad nahka, aitavad nahal olla terve, s\u00e4rav ja ilus. \u00dchtlustavad nahatooni ja aitavad pigmendilaikude korral. Vitamiin B3 kasutatakse ka rosaatsea ja kuperoosi korral.<\/li>\n<li><strong>H\u00fcaluroonhape \u2013&nbsp;<\/strong>niisutav komponent, mis viib niiskuse s\u00fcgavale naha sisse ja hoiab naha niiskustaset pikaajaliselt k\u00f5rgel tasemel. Kasutatakse madala molekulmassiga h\u00fcaluroonhapet, millel on v\u00e4iksemad molekulid ja mis imenduvad paremini.<\/li>\n<li><strong>Taimsed ekstraktid<\/strong>&nbsp;(tomat, liilia, kuslapuu, mesi, teekameelia, aaloe, \u017een\u0161enn, kibuvits, Aasia vesinaba jt) &#8212; sisaldavad palju vitamiine, rahustavad, niisutavad ja toidavad nahka, sisaldavad antioks\u00fcdante.<\/li>\n<\/ul>\n<p><strong>Kasutamine:&nbsp;<\/strong>P\u00e4rast naha puhastamist ja soovitavalt tooniku ja seerumi kasutamist kandke m\u00f5\u00f5dukas kogus kreemi kogu n\u00e4ole ja kaelale kergete patsutavate liigutustega kuni imendumiseni. Pigmenteerunud naha korral v\u00f5ib kasutada massaa\u017eikreemina.<\/p>\n<p><strong>Kogus<\/strong>: 50ml<\/p>\n<p><strong>Sobib<\/strong>: k\u00f5ik nahat\u00fc\u00fcbid, tuhmunud nahk, pigmendilaigud.<\/p>\n<p><strong>Koostis<\/strong><br \/>\nWater,&nbsp;Butylene glycol,&nbsp;Isononyl Isononanoate ,&nbsp;Glycerin&nbsp; ,&nbsp;Niacinamide&nbsp; ,&nbsp;Saccharide Isomerate,&nbsp;Sodium Polyacrylate,&nbsp;Hydrogenated polydecene,&nbsp;Trideceth-6,&nbsp;Butyrospermum Parkii (Shea Butter),&nbsp;Silica,&nbsp;Titanium Dioxide,&nbsp;Sorbitan Stearate(or)Sorbitan Monostearate,&nbsp;Orbignya Oleifera Seed Oil&nbsp; ,&nbsp;PEG-40 Stearate,&nbsp;Arachidyl Alcohol,&nbsp;Behenyl Alcohol,&nbsp;Arachidyl Glucoside,&nbsp;Dipotassium Glycyrrhizate&nbsp; ,&nbsp;Cetearyl Alcohol,&nbsp;Triethanolamine&nbsp; ,&nbsp;Carbomer,&nbsp;Xanthan GUM,&nbsp;Citric Acid,&nbsp;Beeswax&nbsp; ,&nbsp;Diisostearyl Malate&nbsp; ,&nbsp;Dimethicone,&nbsp;Squalane,&nbsp;Lonicera Japonica (Honeysuckle) Flower Extract,&nbsp;Solanum Lycopersicum (Tomato) Fruit Extract,&nbsp;Lilium Tigrinum Extract,&nbsp;Nelumbo Nucifera Seed Extract ,&nbsp;Chrysanthemum Indicum Flower Extract,&nbsp;Myrciaria Dubia Fruit Extract,&nbsp;Euterpe Oleracea Fruit Extract&nbsp; ,&nbsp;Panax Ginseng Root Extract,&nbsp;Aloe Barbadensis Leaf Extract,&nbsp;Camellia Sinensis Leaf Extract,&nbsp;Honey,&nbsp;Rosa Multiflora Fruit Extract,&nbsp;Gardenia Florida Fruit Extract,&nbsp;Scutellaria Baicalensis Root Extract,&nbsp;Ligustrum Japonicum Fruit Extract,&nbsp;Centella Asiatica Extract&nbsp; ,&nbsp;Sodium Citrate,&nbsp;Disodium EDTA,&nbsp;Phaseolus Radiatus Seed Extract,&nbsp;Thymus Vulgaris (Thyme) Extract,&nbsp;Buddleja Davidii Extract ,&nbsp;Tocopheryl Acetate,&nbsp;Ascorbic Acid&nbsp; ,&nbsp;Phenoxyethanol,&nbsp;Ethylhexylglycerin,&nbsp;Parfum<\/p>\n","protected":false},"excerpt":{"rendered":"<p>TESTER Vita C Bright Cream&nbsp;&#8212; v\u00e4rskendav ja nahatooni \u00fchtlustav vitamiinirikas n\u00e4okreem V\u00e4rskendav ja nahatooni \u00fchtlustav vitamiinirikas n\u00e4okreem, mis niisutab p\u00f5hjalikult ning kontrollib melaniiniteket, mis p\u00f5hjustab pigmendilaike. Kreem annab s\u00e4ra tuhmile ja elutule nahale, muutes selle niisutatuks ja terveks. Toidab nahka B, C ja E vitamiinidega, mida on vaja naha tervise jaoks. Sisaldab h\u00fcaluroonhapet, mis niisutab [&hellip;]<\/p>\n","protected":false},"featured_media":0,"comment_status":"open","ping_status":"closed","template":"","meta":{"_acf_changed":false},"product_brand":[],"product_cat":[],"product_tag":[],"class_list":{"0":"post-638","1":"product","2":"type-product","3":"status-publish","5":"brand-coxir","7":"first","8":"instock","9":"taxable","10":"shipping-taxable","11":"purchasable","12":"product-type-simple"},"bundle_layout":"","bundled_by":[],"bundled_items":[],"acf":[],"_links":{"self":[{"href":"https:\/\/meon.theskinhouse.ee\/ru\/wp-json\/wp\/v2\/product\/638","targetHints":{"allow":["GET"]}}],"collection":[{"href":"https:\/\/meon.theskinhouse.ee\/ru\/wp-json\/wp\/v2\/product"}],"about":[{"href":"https:\/\/meon.theskinhouse.ee\/ru\/wp-json\/wp\/v2\/types\/product"}],"replies":[{"embeddable":true,"href":"https:\/\/meon.theskinhouse.ee\/ru\/wp-json\/wp\/v2\/comments?post=638"}],"wp:attachment":[{"href":"https:\/\/meon.theskinhouse.ee\/ru\/wp-json\/wp\/v2\/media?parent=638"}],"wp:term":[{"taxonomy":"product_brand","embeddable":true,"href":"https:\/\/meon.theskinhouse.ee\/ru\/wp-json\/wp\/v2\/product_brand?post=638"},{"taxonomy":"product_cat","embeddable":true,"href":"https:\/\/meon.theskinhouse.ee\/ru\/wp-json\/wp\/v2\/product_cat?post=638"},{"taxonomy":"product_tag","embeddable":true,"href":"https:\/\/meon.theskinhouse.ee\/ru\/wp-json\/wp\/v2\/product_tag?post=638"}],"curies":[{"name":"wp","href":"https:\/\/api.w.org\/{rel}","templated":true}]}}