{"id":636,"date":"2020-04-02T14:13:19","date_gmt":"2020-04-02T11:13:19","guid":{"rendered":"https:\/\/meon.theskinhouse.ee\/toode\/coxir-vita-c-bright-eye-cream-2\/"},"modified":"2026-04-10T05:50:02","modified_gmt":"2026-04-10T02:50:02","slug":"coxir-vita-c-bright-eye-cream-2","status":"publish","type":"product","link":"https:\/\/meon.theskinhouse.ee\/ru\/toode\/coxir-vita-c-bright-eye-cream-2\/","title":{"rendered":"Coxir Vita C Bright Eye Cream"},"content":{"rendered":"<p><strong>Vita C Bright Eye Cream<\/strong>&nbsp;\u2013 niisutav ja helestav silmakreem vitamiinidega<\/p>\n<p>Niisutav vitamiinirikas silmakreem, mis helestab tumedaid silmaaluseid, teeb pilgu v\u00e4rskemaks ja naha s\u00e4ravamaks. V\u00e4hendab otse probleemkohale kandmisel tedret\u00e4ppe ning koostises leiduv niatsiinamiid \u00fchtlustab nahatooni. Sisaldab h\u00fcaluroonhapet, mis niisutab nahka silmade \u00fcmber.<\/p>\n<p><strong>Peamised koostisosad:<\/strong><\/p>\n<ul>\n<li><strong>Vitamiinid (C, E, B3)<\/strong>&nbsp;\u2013 toidavad nahka, aitavad nahal olla terve, s\u00e4rav ja ilus. \u00dchtlustavad nahatooni ja aitavad pigmendilaikude korral. Vitamiin B3 kasutatakse ka rosaatsea ja kuperoosi korral.<\/li>\n<li><strong>H\u00fcaluroonhape \u2013&nbsp;<\/strong>niisutav komponent, mis viib niiskuse s\u00fcgavale naha sisse ja hoiab naha niiskustaset pikaajaliselt k\u00f5rgel tasemel. Kasutatakse madala molekulmassiga h\u00fcaluroonhapet, millel on v\u00e4iksemad molekulid ja mis imenduvad paremini.<\/li>\n<li><strong>Taimsed ekstraktid<\/strong>&nbsp;(Aasia vesinaba, \u017een\u0161enn, aroonia, mustikas, granaat\u00f5un, maqui mari jt) &#8212; sisaldavad palju vitamiine, rahustavad, niisutavad ja toidavad nahka, sisaldavad antioks\u00fcdante.<\/li>\n<\/ul>\n<p><strong>Kasutamine:&nbsp;<\/strong>Kandke piisav kogus kreemi silma\u00fcmbrusele v\u00f5i pigmenteerunud piirkonnale ja patsutage kuni imendumiseni.<\/p>\n<p><strong>Kogus<\/strong>: 30ml<\/p>\n<p><strong>Sobib<\/strong>: k\u00f5ik nahat\u00fc\u00fcbid, tuhmunud nahk, pigmendilaigud.<\/p>\n<p><strong>Koostis<\/strong><br \/>\nWater,&nbsp;Caprylic\/Capric Triglyceride,&nbsp;Butylene glycol,&nbsp;Mineral Oil,&nbsp;Glycerin&nbsp; ,&nbsp;Niacinamide&nbsp; ,&nbsp;Petrolatum,&nbsp;Stearic Acid,&nbsp;Betaine,&nbsp;1,2-Hexanediol&nbsp; ,&nbsp;Glyceryl Stearate,&nbsp;PEG-100 Stearate,&nbsp;Polysorbate 80,&nbsp;Cetearyl Alcohol ,&nbsp;Beeswax&nbsp; ,&nbsp;Sorbitan Stearate,&nbsp;Sodium Hyaluronate,&nbsp;Dimethicone,&nbsp;Arginine&nbsp; ,&nbsp;Tocopheryl Acetate,&nbsp;Carbomer,&nbsp;Myrciaria Dubia Fruit Extract,&nbsp;Euterpe Oleracea Fruit Extract&nbsp; ,&nbsp;Psidium Guajava Fruit Extract,&nbsp;Malpighia Emarginata (Acerola) Fruit Extract ,&nbsp;Aronia Arbutifolia Extract ,&nbsp;Maqui berry Extract ,&nbsp;Glycyrrhiza Inflata Root Extract&nbsp; ,&nbsp;Hamamelis Virginiana (Witch Hazel) Extract&nbsp; ,&nbsp;Panax Ginseng Root Extract,&nbsp;Vaccinium Angustifolium (Blueberry) Fruit Extract,&nbsp;Punica Granatum Fruit Extract&nbsp; ,&nbsp;Galactomyces Ferment Filtrate&nbsp; ,&nbsp;Hydrolyzed Chitosan,&nbsp;Retinyl Acetate,&nbsp;Ascorbic Acid&nbsp; ,&nbsp;Allantoin,&nbsp;Disodium EDTA,&nbsp;Ethylhexylglycerin,&nbsp;Parfum<\/p>\n","protected":false},"excerpt":{"rendered":"<p>Vita C Bright Eye Cream&nbsp;\u2013 niisutav ja helestav silmakreem vitamiinidega Niisutav vitamiinirikas silmakreem, mis helestab tumedaid silmaaluseid, teeb pilgu v\u00e4rskemaks ja naha s\u00e4ravamaks. V\u00e4hendab otse probleemkohale kandmisel tedret\u00e4ppe ning koostises leiduv niatsiinamiid \u00fchtlustab nahatooni. Sisaldab h\u00fcaluroonhapet, mis niisutab nahka silmade \u00fcmber. Peamised koostisosad: Vitamiinid (C, E, B3)&nbsp;\u2013 toidavad nahka, aitavad nahal olla terve, s\u00e4rav ja [&hellip;]<\/p>\n","protected":false},"featured_media":3071,"comment_status":"open","ping_status":"closed","template":"","meta":{"_acf_changed":false},"product_brand":[],"product_cat":[],"product_tag":[],"class_list":{"0":"post-636","1":"product","2":"type-product","3":"status-publish","4":"has-post-thumbnail","6":"brand-coxir","8":"first","9":"instock","10":"taxable","11":"shipping-taxable","12":"purchasable","13":"product-type-simple"},"bundle_layout":"","bundled_by":[],"bundled_items":[],"acf":[],"_links":{"self":[{"href":"https:\/\/meon.theskinhouse.ee\/ru\/wp-json\/wp\/v2\/product\/636","targetHints":{"allow":["GET"]}}],"collection":[{"href":"https:\/\/meon.theskinhouse.ee\/ru\/wp-json\/wp\/v2\/product"}],"about":[{"href":"https:\/\/meon.theskinhouse.ee\/ru\/wp-json\/wp\/v2\/types\/product"}],"replies":[{"embeddable":true,"href":"https:\/\/meon.theskinhouse.ee\/ru\/wp-json\/wp\/v2\/comments?post=636"}],"wp:featuredmedia":[{"embeddable":true,"href":"https:\/\/meon.theskinhouse.ee\/ru\/wp-json\/wp\/v2\/media\/3071"}],"wp:attachment":[{"href":"https:\/\/meon.theskinhouse.ee\/ru\/wp-json\/wp\/v2\/media?parent=636"}],"wp:term":[{"taxonomy":"product_brand","embeddable":true,"href":"https:\/\/meon.theskinhouse.ee\/ru\/wp-json\/wp\/v2\/product_brand?post=636"},{"taxonomy":"product_cat","embeddable":true,"href":"https:\/\/meon.theskinhouse.ee\/ru\/wp-json\/wp\/v2\/product_cat?post=636"},{"taxonomy":"product_tag","embeddable":true,"href":"https:\/\/meon.theskinhouse.ee\/ru\/wp-json\/wp\/v2\/product_tag?post=636"}],"curies":[{"name":"wp","href":"https:\/\/api.w.org\/{rel}","templated":true}]}}