{"id":632,"date":"2020-04-02T14:13:19","date_gmt":"2020-04-02T11:13:19","guid":{"rendered":"https:\/\/meon.theskinhouse.ee\/toode\/coxir-vita-c-bright-serum-pouch-2\/"},"modified":"2026-04-10T00:05:02","modified_gmt":"2026-04-09T21:05:02","slug":"coxir-vita-c-bright-serum-pouch-2","status":"publish","type":"product","link":"https:\/\/meon.theskinhouse.ee\/ru\/toode\/coxir-vita-c-bright-serum-pouch-2\/","title":{"rendered":"Coxir Vita C Bright Serum Tester"},"content":{"rendered":"<p>TESTER<\/p>\n<p><strong>Vita C Bright Serum<\/strong>&nbsp;\u2013 v\u00e4rskendav ja nahatooni \u00fchtlustav vitamiinirikas seerum<\/p>\n<p>V\u00e4rskendav ja nahatooni \u00fchtlustav vitamiinirikas seerum, mis sisaldab C, E ja B3 vitamiine. Teeb tuhmi ja elutu naha s\u00e4ravamaks ja v\u00e4rskemaks, toidab nahka vitamiinidega, mida on vaja naha tervise jaoks. Sisaldab h\u00fcaluroonhapet, mis niisutab nahka.<\/p>\n<p>Seerum on kontsentreeritud vahend, mis sisaldab suures koguses toimeainet ning p\u00e4\u00e4seb s\u00fcgavale naha sisse ja m\u00f5jutab naha alumisi kihte. Enne seerumit on soovitatav kasutada toonikut, et valmistada nahk ette \u00fclej\u00e4\u00e4nud vahendite kasutamiseks.<\/p>\n<p><strong>Peamised koostisosad:<\/strong><\/p>\n<ul>\n<li><strong>Vitamiinid (C, E, B3)<\/strong>&nbsp;\u2013 toidavad nahka, aitavad nahal olla terve, s\u00e4rav ja ilus. \u00dchtlustavad nahatooni ja aitavad pigmendilaikude korral. Vitamiin B3 kasutatakse ka rosaatsea ja kuperoosi korral.<\/li>\n<li><strong>H\u00fcaluroonhape \u2013&nbsp;<\/strong>niisutav komponent, mis viib niiskuse s\u00fcgavale naha sisse ja hoiab naha niiskustaset pikaajaliselt k\u00f5rgel tasemel. Kasutatakse madala molekulmassiga h\u00fcaluroonhapet, millel on v\u00e4iksemad molekulid ja mis imenduvad paremini.<\/li>\n<li><strong>Taimsed ekstraktid<\/strong>&nbsp;(tomat, liilia, kuslapuu, mesi, teekameelia, aaloe, \u017een\u0161enn, kibuvits jt) &#8212; sisaldavad palju vitamiine, rahustavad, niisutavad ja toidavad nahka, sisaldavad antioks\u00fcdante.<\/li>\n<li><strong>Naturaalsed taimsed \u00f5lid&nbsp;<\/strong>(sheav\u00f5i, jojoba-, oliivi\u00f5li jt) &#8212; teevad naha pehmeks ja niisutatuks pikaks ajaks ning toidavad nahka.<\/li>\n<\/ul>\n<p><strong>Kasutamine:&nbsp;<\/strong>P\u00e4rast naha puhastamist ja soovitavalt tooniku kasutamist kandke m\u00f5\u00f5dukas kogus seerumit kogu n\u00e4ole kergete patsutavate liigutustega kuni imendumiseni.<\/p>\n<p><strong>Kogus<\/strong>: 50ml<\/p>\n<p><strong>Sobib<\/strong>: k\u00f5ik nahat\u00fc\u00fcbid, tuhmunud nahk, pigmendilaigud<\/p>\n<p><strong>Koostis<\/strong><br \/>\nWater,&nbsp;Butylene glycol,&nbsp;Glycerin&nbsp; ,&nbsp;Niacinamide&nbsp; ,&nbsp;Saccharide Isomerate,&nbsp;Betaine,&nbsp;Sodium Hyaluronate,&nbsp;Orbignya Oleifera Seed Oil&nbsp; ,&nbsp;Triethanolamine&nbsp; ,&nbsp;Panthenol,&nbsp;Glycereth-26,&nbsp;Carbomer,&nbsp;Simmondsia Chinensis (Jojoba) Seed Oil,&nbsp;Limnanthes Alba (Meadowfoam) Seed Oil,&nbsp;Sorbitan Isostearate,&nbsp;Butyrospermum Parkii (Shea Butter),&nbsp;Isononyl Isononanoate ,&nbsp;Polysorbate 60&nbsp; ,&nbsp;Rosa Canina Fruit Oil ,&nbsp;Olea Europaea (Olive) Fruit Oil,&nbsp;Macadamia Integrifolia Seed Oil&nbsp; ,&nbsp;Dimethicone,&nbsp;Solanum Lycopersicum (Tomato) Fruit Extract,&nbsp;Lilium Tigrinum Extract&nbsp; ,&nbsp;Myrciaria Dubia Fruit Extract,&nbsp;Euterpe Oleracea Fruit Extract&nbsp; ,&nbsp;Phaseolus Radiatus Sprout Extract&nbsp; ,&nbsp;Camellia Sinensis Leaf Extract&nbsp; ,&nbsp;Panax Ginseng Root Extract,&nbsp;Aloe Barbadensis Leaf Extract,&nbsp;Honey,&nbsp;Rosa Multiflora Fruit Extract,&nbsp;Gardenia Florida Fruit Extract,&nbsp;Scutellaria Baicalensis Root Extract,&nbsp;Ligustrum Japonicum Fruit Extract,&nbsp;Hydrogenated Lecithin&nbsp; ,&nbsp;Disodium EDTA,&nbsp;Thymus Vulgaris (Thyme) Extract,&nbsp;Buddleja Davidii Extract ,&nbsp;Tocopheryl Acetate,&nbsp;Ascorbic Acid&nbsp; ,&nbsp;Phenoxyethanol,&nbsp;Ethylhexylglycerin,&nbsp;Parfum<\/p>\n","protected":false},"excerpt":{"rendered":"<p>TESTER Vita C Bright Serum&nbsp;\u2013 v\u00e4rskendav ja nahatooni \u00fchtlustav vitamiinirikas seerum V\u00e4rskendav ja nahatooni \u00fchtlustav vitamiinirikas seerum, mis sisaldab C, E ja B3 vitamiine. Teeb tuhmi ja elutu naha s\u00e4ravamaks ja v\u00e4rskemaks, toidab nahka vitamiinidega, mida on vaja naha tervise jaoks. Sisaldab h\u00fcaluroonhapet, mis niisutab nahka. Seerum on kontsentreeritud vahend, mis sisaldab suures koguses toimeainet [&hellip;]<\/p>\n","protected":false},"featured_media":0,"comment_status":"open","ping_status":"closed","template":"","meta":{"_acf_changed":false},"product_brand":[],"product_cat":[],"product_tag":[],"class_list":{"0":"post-632","1":"product","2":"type-product","3":"status-publish","5":"brand-coxir","7":"first","8":"instock","9":"taxable","10":"shipping-taxable","11":"purchasable","12":"product-type-simple"},"bundle_layout":"","bundled_by":[],"bundled_items":[],"acf":[],"_links":{"self":[{"href":"https:\/\/meon.theskinhouse.ee\/ru\/wp-json\/wp\/v2\/product\/632","targetHints":{"allow":["GET"]}}],"collection":[{"href":"https:\/\/meon.theskinhouse.ee\/ru\/wp-json\/wp\/v2\/product"}],"about":[{"href":"https:\/\/meon.theskinhouse.ee\/ru\/wp-json\/wp\/v2\/types\/product"}],"replies":[{"embeddable":true,"href":"https:\/\/meon.theskinhouse.ee\/ru\/wp-json\/wp\/v2\/comments?post=632"}],"wp:attachment":[{"href":"https:\/\/meon.theskinhouse.ee\/ru\/wp-json\/wp\/v2\/media?parent=632"}],"wp:term":[{"taxonomy":"product_brand","embeddable":true,"href":"https:\/\/meon.theskinhouse.ee\/ru\/wp-json\/wp\/v2\/product_brand?post=632"},{"taxonomy":"product_cat","embeddable":true,"href":"https:\/\/meon.theskinhouse.ee\/ru\/wp-json\/wp\/v2\/product_cat?post=632"},{"taxonomy":"product_tag","embeddable":true,"href":"https:\/\/meon.theskinhouse.ee\/ru\/wp-json\/wp\/v2\/product_tag?post=632"}],"curies":[{"name":"wp","href":"https:\/\/api.w.org\/{rel}","templated":true}]}}