{"id":630,"date":"2020-04-02T14:13:19","date_gmt":"2020-04-02T11:13:19","guid":{"rendered":"https:\/\/meon.theskinhouse.ee\/toode\/coxir-vita-c-bright-toner-2\/"},"modified":"2026-04-10T05:50:02","modified_gmt":"2026-04-10T02:50:02","slug":"coxir-vita-c-bright-toner-2","status":"publish","type":"product","link":"https:\/\/meon.theskinhouse.ee\/ru\/toode\/coxir-vita-c-bright-toner-2\/","title":{"rendered":"Coxir Vita C Bright Toner"},"content":{"rendered":"<p><strong>Vita C Bright Toner<\/strong>&nbsp;\u2013 v\u00e4rskendav ja nahatooni \u00fchtlustav vitamiinirikas toonik<\/p>\n<p>V\u00e4rskendav ja nahatooni \u00fchtlustav vitamiinirikas toonik, mis sisaldab C, E ja B3 vitamiine. Toonik teeb tuhmi ja elutu naha s\u00e4ravamaks ja v\u00e4rskemaks, helestab pigmendilaike, tasakaalustab pH taset, teeb naha pehmeks ja niisutatuks, valmistab ette \u00fclej\u00e4\u00e4nud vahendite kasutamiseks. Sisaldab h\u00fcaluroonhapet, mis niisutab nahka.<\/p>\n<p>Toonikut kasutatakse kohe p\u00e4rast n\u00e4o pesemist, et nahka kiiresti niisutada, tasakaalustada pH taset ja valmistada ette \u00fclej\u00e4\u00e4nud kosmeetika paremaks omastamiseks.<\/p>\n<p><strong>Peamised koostisosad:<\/strong><\/p>\n<ul>\n<li><strong>Vitamiinid (C, E, B3)<\/strong>&nbsp;\u2013 toidavad nahka, aitavad nahal olla terve, s\u00e4rav ja ilus. \u00dchtlustavad nahatooni ja aitavad pigmendilaikude korral. Vitamiin B3 kasutatakse ka rosaatsea ja kuperoosi korral.<\/li>\n<li><strong>H\u00fcaluroonhape \u2013&nbsp;<\/strong>niisutav komponent, mis viib niiskuse s\u00fcgavale naha sisse ja hoiab naha niiskustaset pikaajaliselt k\u00f5rgel tasemel. Kasutatakse madala molekulmassiga h\u00fcaluroonhapet, millel on v\u00e4iksemad molekulid ja mis imenduvad paremini.<\/li>\n<li><strong>Taimsed ekstraktid<\/strong>&nbsp;(tomat, liilia, kuslapuu, mesi, teekameelia, kibuvits jt) &#8212; sisaldavad palju vitamiine, rahustavad, niisutavad ja toidavad nahka, sisaldavad antioks\u00fcdante.<\/li>\n<\/ul>\n<p><strong>Kasutamine:&nbsp;<\/strong>Esimese nahahoolduse sammuna p\u00e4rast naha puhastamist kandke piisav kogus toonikut vatipadjaga n\u00e4ole.<\/p>\n<p><strong>Kogus<\/strong>: 150ml<\/p>\n<p><strong>Sobib<\/strong>: k\u00f5ik nahat\u00fc\u00fcbid, tuhmunud nahk, pigmendilaigud<\/p>\n<p><strong>Koostis<\/strong><br \/>\nWater,&nbsp;Butylene Glycol,&nbsp;Glycerin&nbsp; ,&nbsp;Dipropylene Glycol&nbsp; ,&nbsp;Niacinamide&nbsp; ,&nbsp;Alcohol,&nbsp;Sodium Hyaluronate,&nbsp;Hydrolyzed Collagen,&nbsp;PPG-26-Buteth-26,&nbsp;PEG-40 Hydrogenated Castor Oil,&nbsp;Methyl Gluceth-20,&nbsp;Glyceryl Acrylate\/Acrylic Acid Copolymer,&nbsp;Propylene Glycol,&nbsp;PVM\/MA Copolymer,&nbsp;Triethanolamine&nbsp; ,&nbsp;Dipotassium Glycyrrhizate&nbsp; ,&nbsp;Solanum Lycopersicum (Tomato) Fruit Extract,&nbsp;Paeonia Lactiflora Bark\/Sap Extract,&nbsp;Lonicera Japonica (Honeysuckle) Flower Extract,&nbsp;Paullinia Cupana Extract,&nbsp;Euterpe Oleracea Fruit Extract ,&nbsp;Panax Ginseng Root Extract,&nbsp;Aloe Barbadensis Leaf Extract,&nbsp;Camellia Sinensis Leaf Extract,&nbsp;Honey,&nbsp;Rosa Multiflora Fruit Extract,&nbsp;Gardenia Florida Fruit Extract,&nbsp;Scutellaria Baicalensis Root Extract,&nbsp;Ligustrum Japonicum Fruit Extract,&nbsp;Carbomer,&nbsp;Tocopheryl Acetate,&nbsp;Disodium EDTA,&nbsp;Panthenol,&nbsp;Betaine,&nbsp;Phaseolus Radiatus Seed Extract,&nbsp;Thymus Vulgaris (Thyme) Extract,&nbsp;Buddleja Davidii Extract ,&nbsp;Ascorbic Acid&nbsp; ,&nbsp;Phenoxyethanol,&nbsp;Ethylhexylglycerin,&nbsp;Perfum<\/p>\n","protected":false},"excerpt":{"rendered":"<p>Vita C Bright Toner&nbsp;\u2013 v\u00e4rskendav ja nahatooni \u00fchtlustav vitamiinirikas toonik V\u00e4rskendav ja nahatooni \u00fchtlustav vitamiinirikas toonik, mis sisaldab C, E ja B3 vitamiine. Toonik teeb tuhmi ja elutu naha s\u00e4ravamaks ja v\u00e4rskemaks, helestab pigmendilaike, tasakaalustab pH taset, teeb naha pehmeks ja niisutatuks, valmistab ette \u00fclej\u00e4\u00e4nud vahendite kasutamiseks. Sisaldab h\u00fcaluroonhapet, mis niisutab nahka. Toonikut kasutatakse kohe [&hellip;]<\/p>\n","protected":false},"featured_media":2424,"comment_status":"open","ping_status":"closed","template":"","meta":{"_acf_changed":false},"product_brand":[],"product_cat":[],"product_tag":[],"class_list":{"0":"post-630","1":"product","2":"type-product","3":"status-publish","4":"has-post-thumbnail","6":"brand-coxir","8":"first","9":"instock","10":"taxable","11":"shipping-taxable","12":"purchasable","13":"product-type-simple"},"bundle_layout":"","bundled_by":[],"bundled_items":[],"acf":[],"_links":{"self":[{"href":"https:\/\/meon.theskinhouse.ee\/ru\/wp-json\/wp\/v2\/product\/630","targetHints":{"allow":["GET"]}}],"collection":[{"href":"https:\/\/meon.theskinhouse.ee\/ru\/wp-json\/wp\/v2\/product"}],"about":[{"href":"https:\/\/meon.theskinhouse.ee\/ru\/wp-json\/wp\/v2\/types\/product"}],"replies":[{"embeddable":true,"href":"https:\/\/meon.theskinhouse.ee\/ru\/wp-json\/wp\/v2\/comments?post=630"}],"wp:featuredmedia":[{"embeddable":true,"href":"https:\/\/meon.theskinhouse.ee\/ru\/wp-json\/wp\/v2\/media\/2424"}],"wp:attachment":[{"href":"https:\/\/meon.theskinhouse.ee\/ru\/wp-json\/wp\/v2\/media?parent=630"}],"wp:term":[{"taxonomy":"product_brand","embeddable":true,"href":"https:\/\/meon.theskinhouse.ee\/ru\/wp-json\/wp\/v2\/product_brand?post=630"},{"taxonomy":"product_cat","embeddable":true,"href":"https:\/\/meon.theskinhouse.ee\/ru\/wp-json\/wp\/v2\/product_cat?post=630"},{"taxonomy":"product_tag","embeddable":true,"href":"https:\/\/meon.theskinhouse.ee\/ru\/wp-json\/wp\/v2\/product_tag?post=630"}],"curies":[{"name":"wp","href":"https:\/\/api.w.org\/{rel}","templated":true}]}}