{"id":600,"date":"2020-04-02T14:11:29","date_gmt":"2020-04-02T11:11:29","guid":{"rendered":"https:\/\/meon.theskinhouse.ee\/toode\/skin-cares-dusiotsik-3-filtrit-2\/"},"modified":"2026-04-10T00:10:03","modified_gmt":"2026-04-09T21:10:03","slug":"skin-cares-dusiotsik-3-filtrit-2","status":"publish","type":"product","link":"https:\/\/meon.theskinhouse.ee\/ru\/toode\/skin-cares-dusiotsik-3-filtrit-2\/","title":{"rendered":"Skin Cares du\u0161iotsik + 3 filtrit"},"content":{"rendered":"<div>\n<p>Eksklusiivne ja unikaalne du\u0161iotsik vahetatavate filtritega L\u00f5una-Koreast vee puhastamiseks ja nahahoolduseks. Veepuhastuss\u00fcsteem&nbsp;<strong>Skin Cares&nbsp;<\/strong>on innovaatiline toode Teie ilu ja tervise jaoks, suurep\u00e4rane abimees vee puhastamiseks ning veekulu v\u00e4hendamiseks!<\/p>\n<p><strong>Toote peamised omadused:<\/strong><br \/>\n&#8212; Roostese vee puhastamine, raskemetallide ja kloori eemaldamine, antibakteriaalne toime ning naha massaa\u017e.<br \/>\n&#8212; V\u00f5tab \u00e4ra v\u00e4simuse ja stressi.<br \/>\n&#8212; &#171;Lenardi efekt&#187;.<br \/>\n&#8212; Hoolitseb naha eest, nahahaiguste (k.a. atoopiline dermatiit) ennetamine. Ennetab k\u00f5\u00f5ma tekkimist ja juuste v\u00e4ljalangemist.<br \/>\n&#8212; Hoiab kokku 50-70% vett!<br \/>\n&#8212; Parandab vee survet 2-5 korda!<br \/>\n&#8212; Rikastab vett anioonidega.<\/p>\n<p>Du\u0161ipea sisseehitatud filtriga&nbsp;<strong>Skin Cares&nbsp;<\/strong>monteeritakse tavalise du\u0161iotsiku asemele, mis muudab tavap\u00e4rast h\u00fcgieenilist protseduuri t\u00f5eliseks SPA-hoolduseks. Saladus peitub filtri konstruktsioonis. Du\u0161iotsiku k\u00e4epidemesse on paigaldatud pol\u00fcprop\u00fcleenfilter, mis eemaldab jooksvast kraaniveest kloori, mida peetakse v\u00f5rdv\u00e4\u00e4rseks k\u00f5rgtoksiliste m\u00fcrkidega, kuid mida siiamaani kasutatakse kraanivees.<\/p>\n<p>Kloor on naha ja juuste ilu peamine vaenlane. Kloor kuivatab naha pealmist kihti ning p\u00f5letab epidermise rakke, mis kutsub esile p\u00f5letiku, s\u00fcgeluse ning m\u00f5nikord ka dermatiidi. Klooriga kraanivesi kahjustab juukseid ja traumeerib peanahka, mille tagaj\u00e4rjel muutuvad juuste juured n\u00f5rgaks ning juuksed langevad v\u00e4lja. Kloori elimineerimine kraaniveest muudab naha seisukorra oluliselt paremaks, mist\u00f5ttu Teil ei l\u00e4he enam vaja paljusid nahahooldusvahendeid, mida Te muidu kasutate, et taastada nahka p\u00e4rast kokkupuudet klooriga!&nbsp;<strong>Skin Cares<\/strong>&nbsp;s\u00fcsteem eemaldab veest ka kahjulikud bakterid ja raskemetallid ning rooste!<\/p>\n<p>Vesi rikastub anioonidega t\u00e4nu &#171;Lenardi efektile&#187;, mille puhul veepiisad jagunevad paljudeks v\u00e4ikesteks osadeks. Vesi saab seejuures positiivse laengu ning \u00f5hk &#8212; negatiivse. T\u00e4nu k\u00f5rgele anioonide sisaldusele muutub vesi pehmemaks ja \u00f5rnemaks ning pesemine muutub oluliselt meeldivamaks.<\/p>\n<p>Lapsed tihti \u00fcritavad pesemise ajal kraanivett juua. Veepuhastuss\u00fcsteemiga Skin Cares v\u00f5ite olla rahulikud &#8212; vesi on lastele t\u00e4iesti ohutu!<\/p>\n<p><strong>Anioonide toime:<\/strong><br \/>\n&#8212; Miostimulatsioon ja kontsentratsiooni paranemine<br \/>\n&#8212; Abi v\u00e4simuse ja stressi puhul<br \/>\n&#8212; Aktiivne metabolism<br \/>\n&#8212; Hapete neutraliseerimine<br \/>\n&#8212; Immuunsuse paranemine<br \/>\n&#8212; Rakkude regeneratsiooni paranemine<\/p>\n<p><strong>Skin Cares filtrid:<\/strong><br \/>\n<strong>Skin Cares&nbsp;<\/strong>filtritel on kvaliteedi sertifikaat L\u00f5una-Korea Terviseametilt, NSF tunnistus Rahvuslikult Sanitaarfondilt ning ROSH sertifikaat, mis garanteerivad, et filtrid ei sisalda \u00fchtegi toksilist koostisosa. Antud mudelit eksporditakse Saksamaale ja Jaapanisse, kus neid p\u00f5hjalikult testiti.<\/p>\n<\/div>\n<div>\n<p>Veetorudesse kogunevad aastatega kahjulikud ained, nagu rooste ja raskemetallid, mis muutuvad erinevatele mikrooorganismidele soodsaks elukeskkonnaks. Du\u0161i all pesemise ajal satuvad need mikroobid inimese organismi l\u00e4bi naha ja hingamisteede. Vesi, mis l\u00e4bib musti torusid, v\u00f5ib p\u00f5hjustada erinevaid nahahaigusi, nagu atoopiline dermatiit, naha kuivus ja s\u00fcgelus, mis on eriti ohtlik inimestele, kellel on tundlik nahk &#8212; eriti lastele.<\/p>\n<p>T\u00e4nu vee pihustamisele (difusioon) kulutate v\u00e4hem vett v\u00f5rreldes tavalise du\u0161ipeaga.&nbsp;<strong>Skin Cares<\/strong>&nbsp;du\u0161ipea sisaldab 420 mikroskoopilist ava, mis tagab parema veesurve ja pihustamise, mist\u00f5ttu ei ole vajadust kraani t\u00e4iesti lahti keerata, vaid piisab poolest v\u00f5imsusest &#8212; sellest tulenebki vee kokkuhoid &#8212; \u00fcle 50%!. T\u00e4nu paremale vee difusioonile teeb Skin Cares du\u0161ipea pesemise m\u00f5nusaks massaa\u017eiks.<\/p>\n<p>\nVeepuhastusfilter, mille ava suurus on 5 \u00b5m, eemaldab veest t\u00e4ielilkult toksilised ained, nagu rooste ja raskemetallid. Filtris sisalduvad spetsiaalsed kloorivastased pallikesed eemaldavad kloori ning antibakteriaalsed pallikesed tapavad baktereid ja mikroorganisme. P\u00e4rast antibakteriaalset vee puhastamist genereeritakse anioonid (165 000 iooni\/m<sup>3<\/sup>) ning vesi muutub tervislikuks ja ohutuks.<\/p>\n<p><strong>Filtri vahetamise aeg<\/strong><\/p>\n<p>Filter tuleb Eesti oludes oma \u00fclesannetega efektiivselt toime 1,5 &#8212; 3 kuud, kuid tegelik eluiga s\u00f5ltub Teie vee kvaliteedist. Filtrit tuleb vahetada siis, kui ta muutub tumepruuniks. T\u00e4nu sellele, et du\u0161ipea k\u00e4epide on l\u00e4bipaistev, on filtri seisukorda lihtne j\u00e4lgida.<\/p>\n<p><strong>Paigaldamine<\/strong>&nbsp;&#8212; \u00dchenduskoha suurus on 1\/2 tolli, mis on standartne suurus 96% du\u0161ivoolikute jaoks.<\/p>\n<p><strong>Komplektis 3 filtrit.<\/strong><\/p>\n<p><strong>Skin Cares puhastuss\u00fcsteem on suurep\u00e4rane vahend enda ja oma l\u00e4hedaste kaitseks kahjulike ainete eest!<\/strong><\/p>\n<\/p>\n<p>Arvustus Genefic blogis:&nbsp;<a href=\"http:\/\/genefic.blogspot.com\/2015\/07\/arvustus-skin-cares-veepuhastussusteem.html\">http:\/\/genefic.blogspot.com\/2015\/07\/arvustus-skin-cares-veepuhastussusteem.html<\/a><\/p>\n<\/div>\n","protected":false},"excerpt":{"rendered":"<p>Eksklusiivne ja unikaalne du\u0161iotsik vahetatavate filtritega L\u00f5una-Koreast vee puhastamiseks ja nahahoolduseks. Veepuhastuss\u00fcsteem&nbsp;Skin Cares&nbsp;on innovaatiline toode Teie ilu ja tervise jaoks, suurep\u00e4rane abimees vee puhastamiseks ning veekulu v\u00e4hendamiseks! Toote peamised omadused: &#8212; Roostese vee puhastamine, raskemetallide ja kloori eemaldamine, antibakteriaalne toime ning naha massaa\u017e. &#8212; V\u00f5tab \u00e4ra v\u00e4simuse ja stressi. &#8212; &#171;Lenardi efekt&#187;. &#8212; Hoolitseb naha [&hellip;]<\/p>\n","protected":false},"featured_media":3063,"comment_status":"open","ping_status":"closed","template":"","meta":{"_acf_changed":false},"product_brand":[],"product_cat":[],"product_tag":[],"class_list":{"0":"post-600","1":"product","2":"type-product","3":"status-publish","4":"has-post-thumbnail","6":"brand-skin-cares","8":"first","9":"instock","10":"taxable","11":"shipping-taxable","12":"purchasable","13":"product-type-simple"},"bundle_layout":"","bundled_by":[],"bundled_items":[],"acf":[],"_links":{"self":[{"href":"https:\/\/meon.theskinhouse.ee\/ru\/wp-json\/wp\/v2\/product\/600","targetHints":{"allow":["GET"]}}],"collection":[{"href":"https:\/\/meon.theskinhouse.ee\/ru\/wp-json\/wp\/v2\/product"}],"about":[{"href":"https:\/\/meon.theskinhouse.ee\/ru\/wp-json\/wp\/v2\/types\/product"}],"replies":[{"embeddable":true,"href":"https:\/\/meon.theskinhouse.ee\/ru\/wp-json\/wp\/v2\/comments?post=600"}],"wp:featuredmedia":[{"embeddable":true,"href":"https:\/\/meon.theskinhouse.ee\/ru\/wp-json\/wp\/v2\/media\/3063"}],"wp:attachment":[{"href":"https:\/\/meon.theskinhouse.ee\/ru\/wp-json\/wp\/v2\/media?parent=600"}],"wp:term":[{"taxonomy":"product_brand","embeddable":true,"href":"https:\/\/meon.theskinhouse.ee\/ru\/wp-json\/wp\/v2\/product_brand?post=600"},{"taxonomy":"product_cat","embeddable":true,"href":"https:\/\/meon.theskinhouse.ee\/ru\/wp-json\/wp\/v2\/product_cat?post=600"},{"taxonomy":"product_tag","embeddable":true,"href":"https:\/\/meon.theskinhouse.ee\/ru\/wp-json\/wp\/v2\/product_tag?post=600"}],"curies":[{"name":"wp","href":"https:\/\/api.w.org\/{rel}","templated":true}]}}