{"id":598,"date":"2020-04-02T14:11:29","date_gmt":"2020-04-02T11:11:29","guid":{"rendered":"https:\/\/meon.theskinhouse.ee\/toode\/skin-cares-filtrid-4tk-2\/"},"modified":"2026-04-10T00:10:03","modified_gmt":"2026-04-09T21:10:03","slug":"skin-cares-filtrid-4tk-2","status":"publish","type":"product","link":"https:\/\/meon.theskinhouse.ee\/ru\/toode\/skin-cares-filtrid-4tk-2\/","title":{"rendered":"Skin Cares filtrid 4tk"},"content":{"rendered":"<p>Skin Cares veepuhastuss\u00fcsteemi filtrid.<\/p>\n<p><strong>Skin Cares&nbsp;<\/strong>filtritel on kvaliteedi sertifikaat L\u00f5una-Korea Terviseametilt, NSF tunnistus Rahvuslikult Sanitaarfondilt ning ROSH sertifikaat, mis garanteerivad, et filtrid ei sisalda \u00fchtegi toksilist koostisosa.<\/p>\n<p>Veetorudesse kogunevad aastatega kahjulikud ained, nagu rooste ja raskemetallid, mis muutuvad erinevatele mikrooorganismidele soodsaks elukeskkonnaks. Du\u0161i all pesemise ajal satuvad need mikroobid inimese organismi l\u00e4bi naha ja hingamisteede. Vesi, mis l\u00e4bib musti torusid, v\u00f5ib p\u00f5hjustada erinevaid nahahaigusi, nagu atoopiline dermatiit, naha kuivus ja s\u00fcgelus, mis on eriti ohtlik inimestele, kellel on tundlik nahk &#8212; eriti lastele.<\/p>\n<p>Veepuhastusfilter, mille ava suurus on 5 \u00b5m, eemaldab veest t\u00e4ielilkult toksilised ained, nagu rooste ja raskemetallid. Filtris sisalduvad spetsiaalsed kloorivastased pallikesed eemaldavad kloori ning antibakteriaalsed pallikesed tapavad baktereid ja mikroorganisme. P\u00e4rast antibakteriaalset vee puhastamist genereeritakse anioonid (165 000 iooni\/m<sup>3<\/sup>) ning vesi muutub tervislikuks ja ohutuks.<\/p>\n<p><strong>Filtri vahetamise aeg<\/strong><\/p>\n<p>Filter v\u00f5ib oma \u00fclesannetega efektiivselt toime tulla 2-3 kuud, kuid tegelik eluiga s\u00f5ltub Teie vee kvaliteedist. Filtrit tuleb vahetada siis, kui ta muutub tumepruuniks. T\u00e4nu sellele, et du\u0161ipea k\u00e4epide on l\u00e4bipaistev, on filtri seisukorda lihtne j\u00e4lgida.<\/p>\n<p>Pakendis 4tk<\/p>\n","protected":false},"excerpt":{"rendered":"<p>Skin Cares veepuhastuss\u00fcsteemi filtrid. Skin Cares&nbsp;filtritel on kvaliteedi sertifikaat L\u00f5una-Korea Terviseametilt, NSF tunnistus Rahvuslikult Sanitaarfondilt ning ROSH sertifikaat, mis garanteerivad, et filtrid ei sisalda \u00fchtegi toksilist koostisosa. Veetorudesse kogunevad aastatega kahjulikud ained, nagu rooste ja raskemetallid, mis muutuvad erinevatele mikrooorganismidele soodsaks elukeskkonnaks. Du\u0161i all pesemise ajal satuvad need mikroobid inimese organismi l\u00e4bi naha ja hingamisteede. [&hellip;]<\/p>\n","protected":false},"featured_media":3067,"comment_status":"open","ping_status":"closed","template":"","meta":{"_acf_changed":false},"product_brand":[],"product_cat":[],"product_tag":[],"class_list":{"0":"post-598","1":"product","2":"type-product","3":"status-publish","4":"has-post-thumbnail","6":"brand-skin-cares","8":"first","9":"outofstock","10":"taxable","11":"shipping-taxable","12":"purchasable","13":"product-type-simple"},"bundle_layout":"","bundled_by":[],"bundled_items":[],"acf":[],"_links":{"self":[{"href":"https:\/\/meon.theskinhouse.ee\/ru\/wp-json\/wp\/v2\/product\/598","targetHints":{"allow":["GET"]}}],"collection":[{"href":"https:\/\/meon.theskinhouse.ee\/ru\/wp-json\/wp\/v2\/product"}],"about":[{"href":"https:\/\/meon.theskinhouse.ee\/ru\/wp-json\/wp\/v2\/types\/product"}],"replies":[{"embeddable":true,"href":"https:\/\/meon.theskinhouse.ee\/ru\/wp-json\/wp\/v2\/comments?post=598"}],"wp:featuredmedia":[{"embeddable":true,"href":"https:\/\/meon.theskinhouse.ee\/ru\/wp-json\/wp\/v2\/media\/3067"}],"wp:attachment":[{"href":"https:\/\/meon.theskinhouse.ee\/ru\/wp-json\/wp\/v2\/media?parent=598"}],"wp:term":[{"taxonomy":"product_brand","embeddable":true,"href":"https:\/\/meon.theskinhouse.ee\/ru\/wp-json\/wp\/v2\/product_brand?post=598"},{"taxonomy":"product_cat","embeddable":true,"href":"https:\/\/meon.theskinhouse.ee\/ru\/wp-json\/wp\/v2\/product_cat?post=598"},{"taxonomy":"product_tag","embeddable":true,"href":"https:\/\/meon.theskinhouse.ee\/ru\/wp-json\/wp\/v2\/product_tag?post=598"}],"curies":[{"name":"wp","href":"https:\/\/api.w.org\/{rel}","templated":true}]}}