{"id":588,"date":"2020-04-02T14:11:28","date_gmt":"2020-04-02T11:11:28","guid":{"rendered":"https:\/\/meon.theskinhouse.ee\/toode\/skinlite-cell-illuminating-multi-step-treatment-snail-2\/"},"modified":"2026-04-09T23:20:02","modified_gmt":"2026-04-09T20:20:02","slug":"skinlite-cell-illuminating-multi-step-treatment-snail-2","status":"publish","type":"product","link":"https:\/\/meon.theskinhouse.ee\/ru\/toode\/skinlite-cell-illuminating-multi-step-treatment-snail-2\/","title":{"rendered":"Skinlite Cell Illuminating Multi-Step Treatment &#171;SNAIL&#187;"},"content":{"rendered":"<p>2-osaline 3D geelmask, mis sisaldab teolima mutsiini, h\u00fcaluroohapet, kollageeni ja teisi aktiivseid toimeaineid. Parandab elastiini ja kollageeni s\u00fcnteesi, t\u00e4nu millele muutub nahk elastsemaks. Silub kortse, aktiveerib nahaalust vereringet, niisutab, takistab niiskuse kadumist nahast. Kaitseb v\u00e4liskeskkonna negatiivsete m\u00f5jude eest, \u00fchtlustan nahatooni, aitab helestada pigmendilaike, taastab naha s\u00e4ra.<\/p>\n<p>K\u00f5rge teolima sisaldus aitab kaasa naha uuenemisele ning noorenemisele, parandab naha elastsust, t\u00f5stab toonust ja parandab regeneratsiooni. Teolima filtraat (mutsiin) kiirendab naha mikrotraumade paranemist (armid, post-akne) ning ahendab poore.<\/p>\n<p><strong>Kasutamine:<\/strong><\/p>\n<p>1. Kandke seerum eelnevalt puhastatud n\u00e4ole masseerivate liigutustega;<\/p>\n<p>2. V\u00f5tke pakendist geelmask, eemaldage kaitsekile ning asetage n\u00e4ole, v\u00e4ltides \u00f5humulle.<\/p>\n<p>3. Hoidke maski n\u00e4ol 15-20 minutit, seej\u00e4rel eemaldage \u00f5rnalt;<\/p>\n<p>4. Masseerige toimeainete j\u00e4\u00e4gid n\u00e4onaha sisse kuni t\u00e4ieliku imendumiseni.<\/p>\n<p><strong>Kogus:<\/strong>&nbsp;seerum 2ml+ mask 18ml<\/p>\n","protected":false},"excerpt":{"rendered":"<p>2-osaline 3D geelmask, mis sisaldab teolima mutsiini, h\u00fcaluroohapet, kollageeni ja teisi aktiivseid toimeaineid. Parandab elastiini ja kollageeni s\u00fcnteesi, t\u00e4nu millele muutub nahk elastsemaks. Silub kortse, aktiveerib nahaalust vereringet, niisutab, takistab niiskuse kadumist nahast. Kaitseb v\u00e4liskeskkonna negatiivsete m\u00f5jude eest, \u00fchtlustan nahatooni, aitab helestada pigmendilaike, taastab naha s\u00e4ra. K\u00f5rge teolima sisaldus aitab kaasa naha uuenemisele ning noorenemisele, [&hellip;]<\/p>\n","protected":false},"featured_media":0,"comment_status":"open","ping_status":"closed","template":"","meta":{"_acf_changed":false},"product_brand":[],"product_cat":[],"product_tag":[],"class_list":{"0":"post-588","1":"product","2":"type-product","3":"status-publish","5":"brand-skinlite","7":"first","8":"outofstock","9":"taxable","10":"shipping-taxable","11":"purchasable","12":"product-type-simple"},"bundle_layout":"","bundled_by":[],"bundled_items":[],"acf":[],"_links":{"self":[{"href":"https:\/\/meon.theskinhouse.ee\/ru\/wp-json\/wp\/v2\/product\/588","targetHints":{"allow":["GET"]}}],"collection":[{"href":"https:\/\/meon.theskinhouse.ee\/ru\/wp-json\/wp\/v2\/product"}],"about":[{"href":"https:\/\/meon.theskinhouse.ee\/ru\/wp-json\/wp\/v2\/types\/product"}],"replies":[{"embeddable":true,"href":"https:\/\/meon.theskinhouse.ee\/ru\/wp-json\/wp\/v2\/comments?post=588"}],"wp:attachment":[{"href":"https:\/\/meon.theskinhouse.ee\/ru\/wp-json\/wp\/v2\/media?parent=588"}],"wp:term":[{"taxonomy":"product_brand","embeddable":true,"href":"https:\/\/meon.theskinhouse.ee\/ru\/wp-json\/wp\/v2\/product_brand?post=588"},{"taxonomy":"product_cat","embeddable":true,"href":"https:\/\/meon.theskinhouse.ee\/ru\/wp-json\/wp\/v2\/product_cat?post=588"},{"taxonomy":"product_tag","embeddable":true,"href":"https:\/\/meon.theskinhouse.ee\/ru\/wp-json\/wp\/v2\/product_tag?post=588"}],"curies":[{"name":"wp","href":"https:\/\/api.w.org\/{rel}","templated":true}]}}