{"id":586,"date":"2020-04-02T14:11:28","date_gmt":"2020-04-02T11:11:28","guid":{"rendered":"https:\/\/meon.theskinhouse.ee\/toode\/skinlite-collagen-eye-zone-mask-intensive-collagen-2\/"},"modified":"2026-04-09T23:25:02","modified_gmt":"2026-04-09T20:25:02","slug":"skinlite-collagen-eye-zone-mask-intensive-collagen-2","status":"publish","type":"product","link":"https:\/\/meon.theskinhouse.ee\/ru\/toode\/skinlite-collagen-eye-zone-mask-intensive-collagen-2\/","title":{"rendered":"Skinlite Collagen Eye Zone Mask &#171;INTENSIVE COLLAGEN&#187;"},"content":{"rendered":"<p>Kollageeniga rikastatud silmapadjakesed \u00f5rnale silma\u00fcmbruspiirkonna nahale. \u00d5rn intensiivne valem rikkaliku kollageeni, E-vitamiini ja rohelise tee ekstraktiga taastab niiskuse ja silma\u00fcmbruse naha elastsuse, v\u00e4hendab turseid, tumedaid ringe ning vananemistundem\u00e4rke silmade \u00fcmber. Ideaalne hellitav hooldus enne und.<\/p>\n<p><strong>Kasutamine:<\/strong><\/p>\n<ul>\n<li>Peske ja kuivatage n\u00e4gu.<\/li>\n<li>Kandke mask silma\u00fcmbrusnahale (v\u00f5i huulte piirkonda) nii, et mask oleks kindlalt vastu nahka.<\/li>\n<li>P\u00e4rast 15-20 minutit eemaldage mask.<\/li>\n<li>Kindlasti sulgege pakend p\u00e4rast kasutamist.<\/li>\n<\/ul>\n<p>Komplektis 30 maski (15 kasutuskorda)<\/p>\n","protected":false},"excerpt":{"rendered":"<p>Kollageeniga rikastatud silmapadjakesed \u00f5rnale silma\u00fcmbruspiirkonna nahale. \u00d5rn intensiivne valem rikkaliku kollageeni, E-vitamiini ja rohelise tee ekstraktiga taastab niiskuse ja silma\u00fcmbruse naha elastsuse, v\u00e4hendab turseid, tumedaid ringe ning vananemistundem\u00e4rke silmade \u00fcmber. Ideaalne hellitav hooldus enne und. Kasutamine: Peske ja kuivatage n\u00e4gu. Kandke mask silma\u00fcmbrusnahale (v\u00f5i huulte piirkonda) nii, et mask oleks kindlalt vastu nahka. P\u00e4rast 15-20 [&hellip;]<\/p>\n","protected":false},"featured_media":0,"comment_status":"open","ping_status":"closed","template":"","meta":{"_acf_changed":false},"product_brand":[],"product_cat":[],"product_tag":[],"class_list":{"0":"post-586","1":"product","2":"type-product","3":"status-publish","5":"brand-skinlite","7":"first","8":"outofstock","9":"taxable","10":"shipping-taxable","11":"purchasable","12":"product-type-simple"},"bundle_layout":"","bundled_by":[],"bundled_items":[],"acf":[],"_links":{"self":[{"href":"https:\/\/meon.theskinhouse.ee\/ru\/wp-json\/wp\/v2\/product\/586","targetHints":{"allow":["GET"]}}],"collection":[{"href":"https:\/\/meon.theskinhouse.ee\/ru\/wp-json\/wp\/v2\/product"}],"about":[{"href":"https:\/\/meon.theskinhouse.ee\/ru\/wp-json\/wp\/v2\/types\/product"}],"replies":[{"embeddable":true,"href":"https:\/\/meon.theskinhouse.ee\/ru\/wp-json\/wp\/v2\/comments?post=586"}],"wp:attachment":[{"href":"https:\/\/meon.theskinhouse.ee\/ru\/wp-json\/wp\/v2\/media?parent=586"}],"wp:term":[{"taxonomy":"product_brand","embeddable":true,"href":"https:\/\/meon.theskinhouse.ee\/ru\/wp-json\/wp\/v2\/product_brand?post=586"},{"taxonomy":"product_cat","embeddable":true,"href":"https:\/\/meon.theskinhouse.ee\/ru\/wp-json\/wp\/v2\/product_cat?post=586"},{"taxonomy":"product_tag","embeddable":true,"href":"https:\/\/meon.theskinhouse.ee\/ru\/wp-json\/wp\/v2\/product_tag?post=586"}],"curies":[{"name":"wp","href":"https:\/\/api.w.org\/{rel}","templated":true}]}}