{"id":584,"date":"2020-04-02T14:11:28","date_gmt":"2020-04-02T11:11:28","guid":{"rendered":"https:\/\/meon.theskinhouse.ee\/toode\/skinlite-dark-circle-reducer-eye-patches-sunflower-2\/"},"modified":"2026-04-09T23:25:02","modified_gmt":"2026-04-09T20:25:02","slug":"skinlite-dark-circle-reducer-eye-patches-sunflower-2","status":"publish","type":"product","link":"https:\/\/meon.theskinhouse.ee\/ru\/toode\/skinlite-dark-circle-reducer-eye-patches-sunflower-2\/","title":{"rendered":"Skinlite Dark Circle Reducer Eye Patches &#171;SUNFLOWER&#187;"},"content":{"rendered":"<p>Silma\u00fcmbruspiirkonna padjakesed aitavad v\u00e4hendada unepuudusest v\u00f5i \u00fclet\u00f6\u00f6tamisest tingitud tumedaid ringe silmade \u00fcmber. Padjakesed muudavad silmadealuse naha heledamaks ning annavad nahale v\u00e4rskema v\u00e4ljan\u00e4gemise.<\/p>\n<p>P\u00e4evalille\u00f5li pehmendab nahka, reguleerib naha veetasakaalu, puhastab poore rasust ning mikromustusest. Lisaks valgendab \u00f5li epidermist, taastades nii naha loomuliku v\u00e4rvi. F\u00fctokollageeni sisaldavad padjakesed kiirendavad kollageeni tootmist, mist\u00f5ttu taastub naha paksus ning normaliseerub elastsus. Vitamiinid A ja E v\u00e4hendavad v\u00f5i neutraliseerivad vabade radikaalide kahjustusi ning stimuleerivad epidermise immuuns\u00fcsteemi.<br \/>\nTulemused ei lase kaua oodata: juba p\u00e4rast esimest kasutamist muutub nahk heledamaks ja v\u00e4rvikamaks.<\/p>\n<p>\n<strong>Kasutamine:<\/strong><\/p>\n<p>1. Puhastage ning kuivatage n\u00e4gu p\u00f5hjalikult.<\/p>\n<p>2. Avage pakend ja eemaldage maskilt kile.<\/p>\n<p>3. Asetage mask l\u00e4ikiva poolega sobivale kohale.<\/p>\n<p>4. Hoidke maski peal 30 minutit v\u00f5i \u00fcle\u00f6\u00f6.<\/p>\n<p>5. Koorige mask ettevaatlikult maha. Loputage \u00fclej\u00e4\u00e4gid veega maha.<\/p>\n<p><strong>Kogus<\/strong>: 4 padjakest (2 kasutuskorda)<\/p>\n","protected":false},"excerpt":{"rendered":"<p>Silma\u00fcmbruspiirkonna padjakesed aitavad v\u00e4hendada unepuudusest v\u00f5i \u00fclet\u00f6\u00f6tamisest tingitud tumedaid ringe silmade \u00fcmber. Padjakesed muudavad silmadealuse naha heledamaks ning annavad nahale v\u00e4rskema v\u00e4ljan\u00e4gemise. P\u00e4evalille\u00f5li pehmendab nahka, reguleerib naha veetasakaalu, puhastab poore rasust ning mikromustusest. Lisaks valgendab \u00f5li epidermist, taastades nii naha loomuliku v\u00e4rvi. F\u00fctokollageeni sisaldavad padjakesed kiirendavad kollageeni tootmist, mist\u00f5ttu taastub naha paksus ning normaliseerub elastsus. [&hellip;]<\/p>\n","protected":false},"featured_media":0,"comment_status":"open","ping_status":"closed","template":"","meta":{"_acf_changed":false},"product_brand":[],"product_cat":[],"product_tag":[],"class_list":{"0":"post-584","1":"product","2":"type-product","3":"status-publish","5":"brand-skinlite","7":"first","8":"outofstock","9":"taxable","10":"shipping-taxable","11":"purchasable","12":"product-type-simple"},"bundle_layout":"","bundled_by":[],"bundled_items":[],"acf":[],"_links":{"self":[{"href":"https:\/\/meon.theskinhouse.ee\/ru\/wp-json\/wp\/v2\/product\/584","targetHints":{"allow":["GET"]}}],"collection":[{"href":"https:\/\/meon.theskinhouse.ee\/ru\/wp-json\/wp\/v2\/product"}],"about":[{"href":"https:\/\/meon.theskinhouse.ee\/ru\/wp-json\/wp\/v2\/types\/product"}],"replies":[{"embeddable":true,"href":"https:\/\/meon.theskinhouse.ee\/ru\/wp-json\/wp\/v2\/comments?post=584"}],"wp:attachment":[{"href":"https:\/\/meon.theskinhouse.ee\/ru\/wp-json\/wp\/v2\/media?parent=584"}],"wp:term":[{"taxonomy":"product_brand","embeddable":true,"href":"https:\/\/meon.theskinhouse.ee\/ru\/wp-json\/wp\/v2\/product_brand?post=584"},{"taxonomy":"product_cat","embeddable":true,"href":"https:\/\/meon.theskinhouse.ee\/ru\/wp-json\/wp\/v2\/product_cat?post=584"},{"taxonomy":"product_tag","embeddable":true,"href":"https:\/\/meon.theskinhouse.ee\/ru\/wp-json\/wp\/v2\/product_tag?post=584"}],"curies":[{"name":"wp","href":"https:\/\/api.w.org\/{rel}","templated":true}]}}