{"id":582,"date":"2020-04-02T14:11:28","date_gmt":"2020-04-02T11:11:28","guid":{"rendered":"https:\/\/meon.theskinhouse.ee\/toode\/skinlite-deep-cleansing-detox-peel-off-mask-2\/"},"modified":"2026-04-09T23:25:03","modified_gmt":"2026-04-09T20:25:03","slug":"skinlite-deep-cleansing-detox-peel-off-mask-2","status":"publish","type":"product","link":"https:\/\/meon.theskinhouse.ee\/ru\/toode\/skinlite-deep-cleansing-detox-peel-off-mask-2\/","title":{"rendered":"Skinlite Deep Cleansing &#171;DETOX&#187; Peel-Off Mask"},"content":{"rendered":"<div><strong>S\u00fcgavpuhastav DETOX n\u00e4omask<\/strong><\/div>\n<div>&nbsp;<\/div>\n<div>\u2022<span> <\/span>S\u00fcgavpuhastav ja m\u00fcrke eemaldav<\/div>\n<div>\u2022<span> <\/span>Mahakooritav&nbsp;<\/div>\n<div>\u2022<span> <\/span>Sisaldab s\u00fctt<\/div>\n<div>&nbsp;<\/div>\n<div>SKINLITE s\u00fcgavpuhastav mahakooritav \u201cDETOX\u201d mask eemaldab \u00f5rnalt pooridest mustuse, imab nahka kuivatamata \u00fcleliigse rasu, aitab ahendada poore ja eemaldada rasupunne. Hariliku tokkroosi (Althaea rosea), hariliku saialille (Calendula officinalis) ja india lootose (Nelumbo nucifera) ekstraktid neutraliseerivad vabade radikaalide negatiivse toime. P\u00e4rast maski kasutamist n\u00e4ib nahk tervem, hooldatum ja sile.<\/div>\n<div>&nbsp;<\/div>\n<div><strong>Kasutamine<\/strong><\/div>\n<div>1. Puhastage n\u00e4gu p\u00f5hjalikult.<\/div>\n<div>2. Avage pakend ja kandke mask \u00fchtlase kihina n\u00e4ole, j\u00e4tke v\u00e4lja silmade ja huulte piirkond.<\/div>\n<div>3. Laske maskil m\u00f5juda u 15 minutit, kuni see on t\u00e4ielikult kuivanud. Seej\u00e4rel koorige mask \u00f5rnalt maha suunaga alt \u00fcles.<\/div>\n<div>4. Loputage n\u00e4gu veega.<\/div>\n","protected":false},"excerpt":{"rendered":"<p>S\u00fcgavpuhastav DETOX n\u00e4omask &nbsp; \u2022 S\u00fcgavpuhastav ja m\u00fcrke eemaldav \u2022 Mahakooritav&nbsp; \u2022 Sisaldab s\u00fctt &nbsp; SKINLITE s\u00fcgavpuhastav mahakooritav \u201cDETOX\u201d mask eemaldab \u00f5rnalt pooridest mustuse, imab nahka kuivatamata \u00fcleliigse rasu, aitab ahendada poore ja eemaldada rasupunne. Hariliku tokkroosi (Althaea rosea), hariliku saialille (Calendula officinalis) ja india lootose (Nelumbo nucifera) ekstraktid neutraliseerivad vabade radikaalide negatiivse toime. P\u00e4rast [&hellip;]<\/p>\n","protected":false},"featured_media":0,"comment_status":"open","ping_status":"closed","template":"","meta":{"_acf_changed":false},"product_brand":[],"product_cat":[],"product_tag":[],"class_list":{"0":"post-582","1":"product","2":"type-product","3":"status-publish","5":"brand-skinlite","7":"first","8":"outofstock","9":"taxable","10":"shipping-taxable","11":"purchasable","12":"product-type-simple"},"bundle_layout":"","bundled_by":[],"bundled_items":[],"acf":[],"_links":{"self":[{"href":"https:\/\/meon.theskinhouse.ee\/ru\/wp-json\/wp\/v2\/product\/582","targetHints":{"allow":["GET"]}}],"collection":[{"href":"https:\/\/meon.theskinhouse.ee\/ru\/wp-json\/wp\/v2\/product"}],"about":[{"href":"https:\/\/meon.theskinhouse.ee\/ru\/wp-json\/wp\/v2\/types\/product"}],"replies":[{"embeddable":true,"href":"https:\/\/meon.theskinhouse.ee\/ru\/wp-json\/wp\/v2\/comments?post=582"}],"wp:attachment":[{"href":"https:\/\/meon.theskinhouse.ee\/ru\/wp-json\/wp\/v2\/media?parent=582"}],"wp:term":[{"taxonomy":"product_brand","embeddable":true,"href":"https:\/\/meon.theskinhouse.ee\/ru\/wp-json\/wp\/v2\/product_brand?post=582"},{"taxonomy":"product_cat","embeddable":true,"href":"https:\/\/meon.theskinhouse.ee\/ru\/wp-json\/wp\/v2\/product_cat?post=582"},{"taxonomy":"product_tag","embeddable":true,"href":"https:\/\/meon.theskinhouse.ee\/ru\/wp-json\/wp\/v2\/product_tag?post=582"}],"curies":[{"name":"wp","href":"https:\/\/api.w.org\/{rel}","templated":true}]}}