{"id":580,"date":"2020-04-02T14:11:27","date_gmt":"2020-04-02T11:11:27","guid":{"rendered":"https:\/\/meon.theskinhouse.ee\/toode\/skinlite-deep-cleansing-peel-off-mask-gold-2\/"},"modified":"2026-04-09T23:25:03","modified_gmt":"2026-04-09T20:25:03","slug":"skinlite-deep-cleansing-peel-off-mask-gold-2","status":"publish","type":"product","link":"https:\/\/meon.theskinhouse.ee\/ru\/toode\/skinlite-deep-cleansing-peel-off-mask-gold-2\/","title":{"rendered":"Skinlite Deep Cleansing Peel Off Mask GOLD"},"content":{"rendered":"<p>Kilemask kullaga, mis puhastab poore, eemaldab surnud naharakke, taastab nahka ja kiirendab naha regeneratsiooni. Sisaldab 24K kulda, kollageeni ja rahustavaid taimseid ekstrakte.<\/p>\n<p><strong>Kasutamine<\/strong><\/p>\n<p>Kandke mask \u00f5hukese ja \u00fchtlase kihina eelnevalt puhastatud n\u00e4ole. Hoidke maski peal umbes 15min, kuni ta \u00e4ra kuivab ja tekib kilelaadne kiht. T\u00f5mmake \u00e4\u00e4rtest ja eemaldage tekkinud kilemask. Loputage n\u00e4gu.<\/p>\n","protected":false},"excerpt":{"rendered":"<p>Kilemask kullaga, mis puhastab poore, eemaldab surnud naharakke, taastab nahka ja kiirendab naha regeneratsiooni. Sisaldab 24K kulda, kollageeni ja rahustavaid taimseid ekstrakte. Kasutamine Kandke mask \u00f5hukese ja \u00fchtlase kihina eelnevalt puhastatud n\u00e4ole. Hoidke maski peal umbes 15min, kuni ta \u00e4ra kuivab ja tekib kilelaadne kiht. T\u00f5mmake \u00e4\u00e4rtest ja eemaldage tekkinud kilemask. Loputage n\u00e4gu.<\/p>\n","protected":false},"featured_media":0,"comment_status":"open","ping_status":"closed","template":"","meta":{"_acf_changed":false},"product_brand":[],"product_cat":[],"product_tag":[],"class_list":{"0":"post-580","1":"product","2":"type-product","3":"status-publish","5":"brand-skinlite","7":"first","8":"outofstock","9":"taxable","10":"shipping-taxable","11":"purchasable","12":"product-type-simple"},"bundle_layout":"","bundled_by":[],"bundled_items":[],"acf":[],"_links":{"self":[{"href":"https:\/\/meon.theskinhouse.ee\/ru\/wp-json\/wp\/v2\/product\/580","targetHints":{"allow":["GET"]}}],"collection":[{"href":"https:\/\/meon.theskinhouse.ee\/ru\/wp-json\/wp\/v2\/product"}],"about":[{"href":"https:\/\/meon.theskinhouse.ee\/ru\/wp-json\/wp\/v2\/types\/product"}],"replies":[{"embeddable":true,"href":"https:\/\/meon.theskinhouse.ee\/ru\/wp-json\/wp\/v2\/comments?post=580"}],"wp:attachment":[{"href":"https:\/\/meon.theskinhouse.ee\/ru\/wp-json\/wp\/v2\/media?parent=580"}],"wp:term":[{"taxonomy":"product_brand","embeddable":true,"href":"https:\/\/meon.theskinhouse.ee\/ru\/wp-json\/wp\/v2\/product_brand?post=580"},{"taxonomy":"product_cat","embeddable":true,"href":"https:\/\/meon.theskinhouse.ee\/ru\/wp-json\/wp\/v2\/product_cat?post=580"},{"taxonomy":"product_tag","embeddable":true,"href":"https:\/\/meon.theskinhouse.ee\/ru\/wp-json\/wp\/v2\/product_tag?post=580"}],"curies":[{"name":"wp","href":"https:\/\/api.w.org\/{rel}","templated":true}]}}