{"id":576,"date":"2020-04-02T14:11:27","date_gmt":"2020-04-02T11:11:27","guid":{"rendered":"https:\/\/meon.theskinhouse.ee\/toode\/skinlite-deep-purifying-black-o2-bubble-mask-volcanic-2\/"},"modified":"2026-04-09T23:25:03","modified_gmt":"2026-04-09T20:25:03","slug":"skinlite-deep-purifying-black-o2-bubble-mask-volcanic-2","status":"publish","type":"product","link":"https:\/\/meon.theskinhouse.ee\/ru\/toode\/skinlite-deep-purifying-black-o2-bubble-mask-volcanic-2\/","title":{"rendered":"Skinlite Deep Purifying Black O2 Bubble Mask VOLCANIC"},"content":{"rendered":"<p>Must s\u00fcgavpuhastav vahutav mask, mis puhastab poore, eemaldab surnud naharakke, teeb naha pehmeks ja siledaks. Mask on hapnikuga rikastatud ning tekitab rohkeid mullikesi, t\u00e4nu sellele tekib nahale mikromassaa\u017ei efekt, mis on v\u00e4ga kasulik ja parandab vereringet. Sisaldab lisaks vulkaanilist tuhka, mis puhastab poore ja absorbeerib liigset rasu, ning h\u00fcaluroonhapet ja kollageeni.<\/p>\n<p><strong>Kasutamine<\/strong><br \/>\n1. Enne n\u00e4o pesemist v\u00f5tke mask ja asetage mask kuivale nahale. (Mitte kanda meigi peale.)<br \/>\n2. Eemaldage mask 5-10 minuti m\u00f6\u00f6dumisel, kui hakkavad tekkima mullid. Masseerige mullidega \u00f5rnalt nahka.<br \/>\n(N\u00d5UANNE! Mida rohkem masseerite, seda kogukamaks mullid l\u00e4hevad.)<br \/>\n3. P\u00e4rast p\u00f5hjalikku massaa\u017ei loputag leige veega.<br \/>\n(N\u00d5UANNE! Parema tulemuse&nbsp;saavutamiseks kasutage 1-2 korda n\u00e4dalas.)<\/p>\n<p><strong>Kogus<\/strong>: 1tk, 20g.<\/p>\n","protected":false},"excerpt":{"rendered":"<p>Must s\u00fcgavpuhastav vahutav mask, mis puhastab poore, eemaldab surnud naharakke, teeb naha pehmeks ja siledaks. Mask on hapnikuga rikastatud ning tekitab rohkeid mullikesi, t\u00e4nu sellele tekib nahale mikromassaa\u017ei efekt, mis on v\u00e4ga kasulik ja parandab vereringet. Sisaldab lisaks vulkaanilist tuhka, mis puhastab poore ja absorbeerib liigset rasu, ning h\u00fcaluroonhapet ja kollageeni. Kasutamine 1. Enne n\u00e4o [&hellip;]<\/p>\n","protected":false},"featured_media":0,"comment_status":"open","ping_status":"closed","template":"","meta":{"_acf_changed":false},"product_brand":[],"product_cat":[],"product_tag":[],"class_list":{"0":"post-576","1":"product","2":"type-product","3":"status-publish","5":"brand-skinlite","7":"first","8":"outofstock","9":"taxable","10":"shipping-taxable","11":"purchasable","12":"product-type-simple"},"bundle_layout":"","bundled_by":[],"bundled_items":[],"acf":[],"_links":{"self":[{"href":"https:\/\/meon.theskinhouse.ee\/ru\/wp-json\/wp\/v2\/product\/576","targetHints":{"allow":["GET"]}}],"collection":[{"href":"https:\/\/meon.theskinhouse.ee\/ru\/wp-json\/wp\/v2\/product"}],"about":[{"href":"https:\/\/meon.theskinhouse.ee\/ru\/wp-json\/wp\/v2\/types\/product"}],"replies":[{"embeddable":true,"href":"https:\/\/meon.theskinhouse.ee\/ru\/wp-json\/wp\/v2\/comments?post=576"}],"wp:attachment":[{"href":"https:\/\/meon.theskinhouse.ee\/ru\/wp-json\/wp\/v2\/media?parent=576"}],"wp:term":[{"taxonomy":"product_brand","embeddable":true,"href":"https:\/\/meon.theskinhouse.ee\/ru\/wp-json\/wp\/v2\/product_brand?post=576"},{"taxonomy":"product_cat","embeddable":true,"href":"https:\/\/meon.theskinhouse.ee\/ru\/wp-json\/wp\/v2\/product_cat?post=576"},{"taxonomy":"product_tag","embeddable":true,"href":"https:\/\/meon.theskinhouse.ee\/ru\/wp-json\/wp\/v2\/product_tag?post=576"}],"curies":[{"name":"wp","href":"https:\/\/api.w.org\/{rel}","templated":true}]}}