{"id":572,"date":"2020-04-02T14:11:27","date_gmt":"2020-04-02T11:11:27","guid":{"rendered":"https:\/\/meon.theskinhouse.ee\/toode\/skinlite-exfoliating-foot-mask-40-45-2\/"},"modified":"2026-04-09T23:25:02","modified_gmt":"2026-04-09T20:25:02","slug":"skinlite-exfoliating-foot-mask-40-45-2","status":"publish","type":"product","link":"https:\/\/meon.theskinhouse.ee\/ru\/toode\/skinlite-exfoliating-foot-mask-40-45-2\/","title":{"rendered":"Skinlite Exfoliating Foot Mask (40-45)"},"content":{"rendered":"<p>Koorivad sokid (piilingsokid), mis teevad Teie jalad pehmeks nagu beebil 10 p\u00e4evaga!&nbsp;Piiling eemaldab surnud ja paksenenud naha ning aitab kaasa uue naha regeneratsioonile. Kasutage 1 kord ja 7-10 p\u00e4eva p\u00e4rast on Teie jalanahk pehme ja sile nagu beebil! Unustage jalaviilid ja rasplid &#8212; paksenenud nahast saab lahti palju lihtsamalt!<\/p>\n<p><strong>Toime<\/strong><\/p>\n<p><strong>Jalad pehmeks<\/strong>&nbsp;\u2013 eemaldab surnud ja paksenenud tallanaha!<\/p>\n<p><strong>Lihtne kasutada<\/strong><\/p>\n<p>&#8212; &#171;Sokke&#187; tuleb kanda \u00fcks kord poolteist tundi ja surnud nahk tuleb hiljem ise maha.<br \/>\n&#8212; Mugavad sokid, millega v\u00f5ib ka ringi liikuda.<br \/>\n&#8212; Vedelik ei ole liiga vedel ja t\u00e4nu sellele ei leki.<\/p>\n<p><strong>Niisutab ja toidab!<\/strong><\/p>\n<p>Piilingsokid sisaldavad ka taimseid koostiosi, mis lisaks koorimisele ka toidavad ja niisutavad nahka.<\/p>\n<p><strong>Peamised koostisosad<\/strong><\/p>\n<p>Naha koorimine: Salits\u00fc\u00fclhape<br \/>\nNiisutamine ja toitmine: taimsed ekstraktid<\/p>\n<p><strong>Kasutamine<\/strong><\/p>\n<p>1. L\u00f5igake &#171;sokid&#187; pooleks m\u00f6\u00f6da l\u00f5ikejoont ja pange jalga.<br \/>\n2. Fikseerige \u00fcmber jala kleepsu abil.<br \/>\n3. Hoidke jalas 1,5 tundi, seej\u00e4rel v\u00f5tke sokid \u00e4ra ja peske jalad. V\u00f5ib esineda m\u00f5\u00f5dukat kuumatunnet, see on normaalne.<br \/>\n4. Nahk hakkab kooruma 4-5 p\u00e4eva m\u00f6\u00f6dudes p\u00e4rast kasutamist ning tuleb t\u00e4ielikult maha umbes 10 p\u00e4eva jooksul.<\/p>\n<p>Soovitame jalgu enne kasutamist vannitada v\u00f5i kasutada p\u00e4rast du\u0161\u0161i. Samuti on soovitatav jalgu vannitada m\u00f5ned korrad 10-p\u00e4eva perioodi jooksul p\u00e4rast kasutamist.<\/p>\n<p>**T\u00e4pne m\u00f5jumise aeg ja ulatus on igal inimesel individuaalne. \u00c4rge hoidke piilingsokke jalas kauem kui poolteist tundi, see v\u00f5ib \u00e4rritada nahka.<\/p>\n<p><strong>Suurus: 40-45<\/strong><\/p>\n","protected":false},"excerpt":{"rendered":"<p>Koorivad sokid (piilingsokid), mis teevad Teie jalad pehmeks nagu beebil 10 p\u00e4evaga!&nbsp;Piiling eemaldab surnud ja paksenenud naha ning aitab kaasa uue naha regeneratsioonile. Kasutage 1 kord ja 7-10 p\u00e4eva p\u00e4rast on Teie jalanahk pehme ja sile nagu beebil! Unustage jalaviilid ja rasplid &#8212; paksenenud nahast saab lahti palju lihtsamalt! Toime Jalad pehmeks&nbsp;\u2013 eemaldab surnud ja [&hellip;]<\/p>\n","protected":false},"featured_media":0,"comment_status":"open","ping_status":"closed","template":"","meta":{"_acf_changed":false},"product_brand":[],"product_cat":[],"product_tag":[],"class_list":{"0":"post-572","1":"product","2":"type-product","3":"status-publish","5":"brand-skinlite","7":"first","8":"outofstock","9":"taxable","10":"shipping-taxable","11":"purchasable","12":"product-type-simple"},"bundle_layout":"","bundled_by":[],"bundled_items":[],"acf":[],"_links":{"self":[{"href":"https:\/\/meon.theskinhouse.ee\/ru\/wp-json\/wp\/v2\/product\/572","targetHints":{"allow":["GET"]}}],"collection":[{"href":"https:\/\/meon.theskinhouse.ee\/ru\/wp-json\/wp\/v2\/product"}],"about":[{"href":"https:\/\/meon.theskinhouse.ee\/ru\/wp-json\/wp\/v2\/types\/product"}],"replies":[{"embeddable":true,"href":"https:\/\/meon.theskinhouse.ee\/ru\/wp-json\/wp\/v2\/comments?post=572"}],"wp:attachment":[{"href":"https:\/\/meon.theskinhouse.ee\/ru\/wp-json\/wp\/v2\/media?parent=572"}],"wp:term":[{"taxonomy":"product_brand","embeddable":true,"href":"https:\/\/meon.theskinhouse.ee\/ru\/wp-json\/wp\/v2\/product_brand?post=572"},{"taxonomy":"product_cat","embeddable":true,"href":"https:\/\/meon.theskinhouse.ee\/ru\/wp-json\/wp\/v2\/product_cat?post=572"},{"taxonomy":"product_tag","embeddable":true,"href":"https:\/\/meon.theskinhouse.ee\/ru\/wp-json\/wp\/v2\/product_tag?post=572"}],"curies":[{"name":"wp","href":"https:\/\/api.w.org\/{rel}","templated":true}]}}