{"id":564,"date":"2020-04-02T14:11:26","date_gmt":"2020-04-02T11:11:26","guid":{"rendered":"https:\/\/meon.theskinhouse.ee\/toode\/skinlite-facial-mask-with-seaweed-extract-2\/"},"modified":"2026-04-09T23:20:03","modified_gmt":"2026-04-09T20:20:03","slug":"skinlite-facial-mask-with-seaweed-extract-2","status":"publish","type":"product","link":"https:\/\/meon.theskinhouse.ee\/ru\/toode\/skinlite-facial-mask-with-seaweed-extract-2\/","title":{"rendered":"Skinlite Facial Mask With Seaweed Extract"},"content":{"rendered":"<p>Kollageeni ja vetikaekstraktiga mask tagab naha taastumise, niisutuse ja noorenemise. Nahk n\u00e4eb v\u00e4lja noorem, pinguldatud ning terve. Vetikaekstrakt on kogum bioloogiliselt aktiivseid aineid, mis stimuleerivad naha kaitsemehhanisme ja vereringet ning tugevdavad naharakkude uuenemise protsessi. Samuti reguleerib vetikaekstrakt h\u00fcdrolipiidide tasakaalu, mis parandab oluliselt naha olukorda. Lagritsa-magusjuure ekstrakt kaitseb ja taastab nahka ning tema aktiivsed koostisosad niisutavad ja pehmendavad nahka. E-vitamiin ja kollageen niisutavad nahka ning aeglustavad enneaegset vananemisprotsessi, nahk muutub elastsemaks.&nbsp;<\/p>\n<p><strong>Kasutamine<\/strong>:<br \/>\n1. Puhastage n\u00e4gu;<br \/>\n2. Asetage kangasmask \u00fchtlaselt n\u00e4ole;<br \/>\n3. Hoidke maski n\u00e4ol 15-20 minutit ja seej\u00e4rel eemaldage \u00f5rnalt;<br \/>\n4. Masseerige \u00f5rnalt n\u00e4ole j\u00e4\u00e4nud toimeaine naha sisse kuni see on t\u00e4ielikult imendunud.<\/p>\n<p>Ei vaja mahapesemist! Tulemus on kohe n\u00e4htav! Parimate tulemuste saavutamiseks soovitame kasutada regulaarselt 2-3 korda n\u00e4dalas.<\/p>\n<p>&nbsp;<\/p>\n","protected":false},"excerpt":{"rendered":"<p>Kollageeni ja vetikaekstraktiga mask tagab naha taastumise, niisutuse ja noorenemise. Nahk n\u00e4eb v\u00e4lja noorem, pinguldatud ning terve. Vetikaekstrakt on kogum bioloogiliselt aktiivseid aineid, mis stimuleerivad naha kaitsemehhanisme ja vereringet ning tugevdavad naharakkude uuenemise protsessi. Samuti reguleerib vetikaekstrakt h\u00fcdrolipiidide tasakaalu, mis parandab oluliselt naha olukorda. Lagritsa-magusjuure ekstrakt kaitseb ja taastab nahka ning tema aktiivsed koostisosad niisutavad [&hellip;]<\/p>\n","protected":false},"featured_media":0,"comment_status":"open","ping_status":"closed","template":"","meta":{"_acf_changed":false},"product_brand":[],"product_cat":[],"product_tag":[],"class_list":{"0":"post-564","1":"product","2":"type-product","3":"status-publish","5":"brand-skinlite","7":"first","8":"outofstock","9":"taxable","10":"shipping-taxable","11":"purchasable","12":"product-type-simple"},"bundle_layout":"","bundled_by":[],"bundled_items":[],"acf":[],"_links":{"self":[{"href":"https:\/\/meon.theskinhouse.ee\/ru\/wp-json\/wp\/v2\/product\/564","targetHints":{"allow":["GET"]}}],"collection":[{"href":"https:\/\/meon.theskinhouse.ee\/ru\/wp-json\/wp\/v2\/product"}],"about":[{"href":"https:\/\/meon.theskinhouse.ee\/ru\/wp-json\/wp\/v2\/types\/product"}],"replies":[{"embeddable":true,"href":"https:\/\/meon.theskinhouse.ee\/ru\/wp-json\/wp\/v2\/comments?post=564"}],"wp:attachment":[{"href":"https:\/\/meon.theskinhouse.ee\/ru\/wp-json\/wp\/v2\/media?parent=564"}],"wp:term":[{"taxonomy":"product_brand","embeddable":true,"href":"https:\/\/meon.theskinhouse.ee\/ru\/wp-json\/wp\/v2\/product_brand?post=564"},{"taxonomy":"product_cat","embeddable":true,"href":"https:\/\/meon.theskinhouse.ee\/ru\/wp-json\/wp\/v2\/product_cat?post=564"},{"taxonomy":"product_tag","embeddable":true,"href":"https:\/\/meon.theskinhouse.ee\/ru\/wp-json\/wp\/v2\/product_tag?post=564"}],"curies":[{"name":"wp","href":"https:\/\/api.w.org\/{rel}","templated":true}]}}