{"id":562,"date":"2020-04-02T14:11:26","date_gmt":"2020-04-02T11:11:26","guid":{"rendered":"https:\/\/meon.theskinhouse.ee\/toode\/skinlite-facial-moisturizing-mask-with-aloe-extract-2\/"},"modified":"2026-04-09T23:25:02","modified_gmt":"2026-04-09T20:25:02","slug":"skinlite-facial-moisturizing-mask-with-aloe-extract-2","status":"publish","type":"product","link":"https:\/\/meon.theskinhouse.ee\/ru\/toode\/skinlite-facial-moisturizing-mask-with-aloe-extract-2\/","title":{"rendered":"Skinlite Facial Moisturizing Mask with Aloe Extract"},"content":{"rendered":"<p>Nahka rahustav, toitev ja niisutav aloe vera ja kollageeniga kangasmask. V\u00e4hendab stressist tingitud v\u00e4simuse m\u00e4rke. Lisab nahale eluj\u00f5udu ning aeglustab vananemisprotsesse. Varustab nahka rohke niiskusega, muutes selle taas pehmeks ja s\u00e4ravaks.<\/p>\n<p><strong>Kasutamine<\/strong>:<br \/>\n1. Puhastage n\u00e4gu;<br \/>\n2. Asetage kangasmask \u00fchtlaselt n\u00e4ole;<br \/>\n3. Hoidke maski n\u00e4ol 15-20 minutit ja seej\u00e4rel eemaldage \u00f5rnalt;<br \/>\n4. Masseerige \u00f5rnalt n\u00e4ole j\u00e4\u00e4nud toimeaine naha sisse kuni see on t\u00e4ielikult imendunud.<br \/>\n<strong>&nbsp;<br \/>\nNahat\u00fc\u00fcp<\/strong>:<br \/>\nSobib igale nahat\u00fc\u00fcbile<\/p>\n<p>Kogus: 23 ml<\/p>\n","protected":false},"excerpt":{"rendered":"<p>Nahka rahustav, toitev ja niisutav aloe vera ja kollageeniga kangasmask. V\u00e4hendab stressist tingitud v\u00e4simuse m\u00e4rke. Lisab nahale eluj\u00f5udu ning aeglustab vananemisprotsesse. Varustab nahka rohke niiskusega, muutes selle taas pehmeks ja s\u00e4ravaks. Kasutamine: 1. Puhastage n\u00e4gu; 2. Asetage kangasmask \u00fchtlaselt n\u00e4ole; 3. Hoidke maski n\u00e4ol 15-20 minutit ja seej\u00e4rel eemaldage \u00f5rnalt; 4. Masseerige \u00f5rnalt n\u00e4ole j\u00e4\u00e4nud [&hellip;]<\/p>\n","protected":false},"featured_media":0,"comment_status":"open","ping_status":"closed","template":"","meta":{"_acf_changed":false},"product_brand":[],"product_cat":[],"product_tag":[],"class_list":{"0":"post-562","1":"product","2":"type-product","3":"status-publish","5":"brand-skinlite","7":"first","8":"outofstock","9":"taxable","10":"shipping-taxable","11":"purchasable","12":"product-type-simple"},"bundle_layout":"","bundled_by":[],"bundled_items":[],"acf":[],"_links":{"self":[{"href":"https:\/\/meon.theskinhouse.ee\/ru\/wp-json\/wp\/v2\/product\/562","targetHints":{"allow":["GET"]}}],"collection":[{"href":"https:\/\/meon.theskinhouse.ee\/ru\/wp-json\/wp\/v2\/product"}],"about":[{"href":"https:\/\/meon.theskinhouse.ee\/ru\/wp-json\/wp\/v2\/types\/product"}],"replies":[{"embeddable":true,"href":"https:\/\/meon.theskinhouse.ee\/ru\/wp-json\/wp\/v2\/comments?post=562"}],"wp:attachment":[{"href":"https:\/\/meon.theskinhouse.ee\/ru\/wp-json\/wp\/v2\/media?parent=562"}],"wp:term":[{"taxonomy":"product_brand","embeddable":true,"href":"https:\/\/meon.theskinhouse.ee\/ru\/wp-json\/wp\/v2\/product_brand?post=562"},{"taxonomy":"product_cat","embeddable":true,"href":"https:\/\/meon.theskinhouse.ee\/ru\/wp-json\/wp\/v2\/product_cat?post=562"},{"taxonomy":"product_tag","embeddable":true,"href":"https:\/\/meon.theskinhouse.ee\/ru\/wp-json\/wp\/v2\/product_tag?post=562"}],"curies":[{"name":"wp","href":"https:\/\/api.w.org\/{rel}","templated":true}]}}