{"id":558,"date":"2020-04-02T14:11:26","date_gmt":"2020-04-02T11:11:26","guid":{"rendered":"https:\/\/meon.theskinhouse.ee\/toode\/skinlite-intensive-repair-foot-mask-apricot-2\/"},"modified":"2026-04-09T23:25:02","modified_gmt":"2026-04-09T20:25:02","slug":"skinlite-intensive-repair-foot-mask-apricot-2","status":"publish","type":"product","link":"https:\/\/meon.theskinhouse.ee\/ru\/toode\/skinlite-intensive-repair-foot-mask-apricot-2\/","title":{"rendered":"Skinlite Intensive Repair Foot Mask &#171;APRICOT&#187;"},"content":{"rendered":"<p>Rohkelt looduslike \u00f5lisi, pantenooli ja sheav\u00f5id sisaldav kilesokid \u00fchekordseks kasutamiseks, mis silub, pehmendab ja toidab ka k\u00f5ige kuivemad, parkunud ja paksenenud nahad. Jalamask tagab nahal s\u00fcgava niisutuse ja pehmuse. On antibakteriaalse toimega. Juba peale esimsest kasutuskorda tunnete, et nahk on siledam, pehmem ja noorem.<\/p>\n<p>Sokkide suurus: 35-40.<\/p>\n<p><strong>Oliivi\u00f5li&nbsp;<\/strong>toidab kuivi ja kahjustunud juukseid, niisutab nahka s\u00fcgavuti ning aitab niiskust s\u00e4ilitada. Oliivi\u00f5li on eriti rikas antioks\u00fcdantide ja vitamiinide poolest.<\/p>\n<p><strong>Jojoba\u00f5li&nbsp;<\/strong>on \u00fcks kosmeetikat\u00f6\u00f6stuse hinnatumaid \u00f5lisid. Efektiivne puhastaja ja niisutaja, mis muudab naha ja juuksed pehmemaks. Samuti v\u00e4hendab jojoba\u00f5li kortse, venitusarme ja arme, \u00fchtlustab nahatooni ning moodustab nahale kaitsva lipiidkihi. Jojoba\u00f5li looduslik antioks\u00fcdant.&nbsp;<strong>Aprikoosi\u00f5li<\/strong>&nbsp;A- ja E-vitamiini rikas niisutaja, mis aitab s\u00e4ilitada naha elastsust. Sobib h\u00e4sti kuivale ja vananevale nahale.<\/p>\n<p><strong>P\u00e4evalilleseemne\u00f5li<\/strong>&nbsp;sisaldab A-, D- ja E-vitamiini ning selliseid mineraalaineid nagu kaltsium, tsink, kaalium, raud ja fosfor. P\u00e4evalilleseemne\u00f5li on pehmendava toimega.<\/p>\n<p><strong>Kummel ja saialill<\/strong>&nbsp;rahustab, pehmendab ja muudab naha siledaks Uurea soodustab naha iseeneselikku uuenemist. Nahk muutub pehmeks ja tugevamaks ning suudab paremini taluda \u00fcmbritseva keskkonna kahjulikke m\u00f5jusid.<\/p>\n<p><strong>Teepuu\u00f5lil<\/strong>&nbsp;on tugev antibakteriaalne ja seenhaiguste vastane toime ning \u00f5li v\u00e4hendab aknet, naha liigset rasusust ja k\u00f5\u00f5ma. Teepuu\u00f5li on v\u00e4ga hea immuuns\u00fcsteemi tugevdaja. Teepuu\u00f5li leevendab putukahammustustest tulenevat \u00e4rritust.<\/p>\n<p><strong>Kasutamine:<\/strong><\/p>\n<p>1. Peske jalad sooja veega ja seej\u00e4rel kuivatage.<\/p>\n<p>2. Avage pakend, t\u00f5mmake sokid ettevaatlikult lahti ja pange jalga.<\/p>\n<p>3. Hoidke maske jalas 20-30 min.<\/p>\n<p>4. Eemaldage sokid ja masseerige jalale j\u00e4\u00e4nud toimeaine naha sisse.<\/p>\n<p>Kogus: 1 paar<\/p>\n","protected":false},"excerpt":{"rendered":"<p>Rohkelt looduslike \u00f5lisi, pantenooli ja sheav\u00f5id sisaldav kilesokid \u00fchekordseks kasutamiseks, mis silub, pehmendab ja toidab ka k\u00f5ige kuivemad, parkunud ja paksenenud nahad. Jalamask tagab nahal s\u00fcgava niisutuse ja pehmuse. On antibakteriaalse toimega. Juba peale esimsest kasutuskorda tunnete, et nahk on siledam, pehmem ja noorem. Sokkide suurus: 35-40. Oliivi\u00f5li&nbsp;toidab kuivi ja kahjustunud juukseid, niisutab nahka s\u00fcgavuti [&hellip;]<\/p>\n","protected":false},"featured_media":0,"comment_status":"open","ping_status":"closed","template":"","meta":{"_acf_changed":false},"product_brand":[],"product_cat":[],"product_tag":[],"class_list":{"0":"post-558","1":"product","2":"type-product","3":"status-publish","5":"brand-skinlite","7":"first","8":"outofstock","9":"taxable","10":"shipping-taxable","11":"purchasable","12":"product-type-simple"},"bundle_layout":"","bundled_by":[],"bundled_items":[],"acf":[],"_links":{"self":[{"href":"https:\/\/meon.theskinhouse.ee\/ru\/wp-json\/wp\/v2\/product\/558","targetHints":{"allow":["GET"]}}],"collection":[{"href":"https:\/\/meon.theskinhouse.ee\/ru\/wp-json\/wp\/v2\/product"}],"about":[{"href":"https:\/\/meon.theskinhouse.ee\/ru\/wp-json\/wp\/v2\/types\/product"}],"replies":[{"embeddable":true,"href":"https:\/\/meon.theskinhouse.ee\/ru\/wp-json\/wp\/v2\/comments?post=558"}],"wp:attachment":[{"href":"https:\/\/meon.theskinhouse.ee\/ru\/wp-json\/wp\/v2\/media?parent=558"}],"wp:term":[{"taxonomy":"product_brand","embeddable":true,"href":"https:\/\/meon.theskinhouse.ee\/ru\/wp-json\/wp\/v2\/product_brand?post=558"},{"taxonomy":"product_cat","embeddable":true,"href":"https:\/\/meon.theskinhouse.ee\/ru\/wp-json\/wp\/v2\/product_cat?post=558"},{"taxonomy":"product_tag","embeddable":true,"href":"https:\/\/meon.theskinhouse.ee\/ru\/wp-json\/wp\/v2\/product_tag?post=558"}],"curies":[{"name":"wp","href":"https:\/\/api.w.org\/{rel}","templated":true}]}}