{"id":554,"date":"2020-04-02T14:11:26","date_gmt":"2020-04-02T11:11:26","guid":{"rendered":"https:\/\/meon.theskinhouse.ee\/toode\/skinlite-nose-pore-strips-aloe-2\/"},"modified":"2026-04-09T23:25:02","modified_gmt":"2026-04-09T20:25:02","slug":"skinlite-nose-pore-strips-aloe-2","status":"publish","type":"product","link":"https:\/\/meon.theskinhouse.ee\/ru\/toode\/skinlite-nose-pore-strips-aloe-2\/","title":{"rendered":"Skinlite Nose Pore Strips &#171;ALOE&#187;"},"content":{"rendered":"<p>Plaaster komedoonide (&#171;mustade t\u00e4ppide&#187;) eemaldamiseks ninalt, mida on \u00fclilihtne kasutada! Eemaldab efektiivselt nii avatud kui ka suletud komedoonid! Sisaldab aaloe ekstrakti naha rahustamiseks.<\/p>\n<p><strong>Toime<\/strong><\/p>\n<ul>\n<li>Eemaldab avatud ja suletud komedoonid (rasukorgid, mustad ja valged t\u00e4pid)<\/li>\n<li>Koorimine ja rasuerituse kontrollimine<\/li>\n<li>Eemaldab surnud naharakud ja liigse rasu nina\u00fcmbruselt<\/li>\n<li>Pehme ninahooldus<\/li>\n<\/ul>\n<p>Eemaldab pooridest rasu<\/p>\n<ul>\n<li>Ninaplaaster, mida on lihtne kasutada<\/li>\n<\/ul>\n<p>Lihtne kasutada kodus, p\u00e4rast kasutamist j\u00e4\u00e4b kogu mustus ja rasu plaastri pinnale, seet\u00f5ttu on toimet lihtne kontrollida.<\/p>\n<p><strong>Kasutamine<\/strong><\/p>\n<p>P\u00e4rast naha pesemist tehke nina\u00fcmbrus m\u00e4rjaks rohke veega. Eemaldage plaastrilt kaitsekile ning kleepige plaaster ninale keskelt \u00e4\u00e4rte poole.<\/p>\n<p>Oodake, kuni plaaster \u00e4ra kuivab (10-15 minutit). Kui plaaster on t\u00e4iesti kuiv, eemaldage aeglaselt, t\u00f5mmates \u00e4\u00e4rtest.<\/p>\n<p><strong>Kogus<\/strong>: 3tk<\/p>\n","protected":false},"excerpt":{"rendered":"<p>Plaaster komedoonide (&#171;mustade t\u00e4ppide&#187;) eemaldamiseks ninalt, mida on \u00fclilihtne kasutada! Eemaldab efektiivselt nii avatud kui ka suletud komedoonid! Sisaldab aaloe ekstrakti naha rahustamiseks. Toime Eemaldab avatud ja suletud komedoonid (rasukorgid, mustad ja valged t\u00e4pid) Koorimine ja rasuerituse kontrollimine Eemaldab surnud naharakud ja liigse rasu nina\u00fcmbruselt Pehme ninahooldus Eemaldab pooridest rasu Ninaplaaster, mida on lihtne kasutada [&hellip;]<\/p>\n","protected":false},"featured_media":0,"comment_status":"open","ping_status":"closed","template":"","meta":{"_acf_changed":false},"product_brand":[],"product_cat":[],"product_tag":[],"class_list":{"0":"post-554","1":"product","2":"type-product","3":"status-publish","5":"brand-skinlite","7":"first","8":"outofstock","9":"taxable","10":"shipping-taxable","11":"purchasable","12":"product-type-simple"},"bundle_layout":"","bundled_by":[],"bundled_items":[],"acf":[],"_links":{"self":[{"href":"https:\/\/meon.theskinhouse.ee\/ru\/wp-json\/wp\/v2\/product\/554","targetHints":{"allow":["GET"]}}],"collection":[{"href":"https:\/\/meon.theskinhouse.ee\/ru\/wp-json\/wp\/v2\/product"}],"about":[{"href":"https:\/\/meon.theskinhouse.ee\/ru\/wp-json\/wp\/v2\/types\/product"}],"replies":[{"embeddable":true,"href":"https:\/\/meon.theskinhouse.ee\/ru\/wp-json\/wp\/v2\/comments?post=554"}],"wp:attachment":[{"href":"https:\/\/meon.theskinhouse.ee\/ru\/wp-json\/wp\/v2\/media?parent=554"}],"wp:term":[{"taxonomy":"product_brand","embeddable":true,"href":"https:\/\/meon.theskinhouse.ee\/ru\/wp-json\/wp\/v2\/product_brand?post=554"},{"taxonomy":"product_cat","embeddable":true,"href":"https:\/\/meon.theskinhouse.ee\/ru\/wp-json\/wp\/v2\/product_cat?post=554"},{"taxonomy":"product_tag","embeddable":true,"href":"https:\/\/meon.theskinhouse.ee\/ru\/wp-json\/wp\/v2\/product_tag?post=554"}],"curies":[{"name":"wp","href":"https:\/\/api.w.org\/{rel}","templated":true}]}}