{"id":552,"date":"2020-04-02T14:11:26","date_gmt":"2020-04-02T11:11:26","guid":{"rendered":"https:\/\/meon.theskinhouse.ee\/toode\/skinlite-nourishing-collagen-mask-chocolate-2\/"},"modified":"2026-04-09T23:20:02","modified_gmt":"2026-04-09T20:20:02","slug":"skinlite-nourishing-collagen-mask-chocolate-2","status":"publish","type":"product","link":"https:\/\/meon.theskinhouse.ee\/ru\/toode\/skinlite-nourishing-collagen-mask-chocolate-2\/","title":{"rendered":"Skinlite Nourishing Collagen Mask &#171;CHOCOLATE&#187;"},"content":{"rendered":"<p>Toitev kangast n\u00e4omask kakao\u00f5liga, mis niisutab kuiva ja karedat nahka.<\/p>\n<p>Sisaldab kakao\u00f5li, kollageeni ja e-vitamiini, mis lisab nahale elastsust ning kaitset v\u00e4liskeskkonna kahjustuste eest. Niisutab ja aitab s\u00e4ilitada naha \u00f5ige pH-taseme terve p\u00e4eva. Muudab naha siidiselt pehmeks ning taastab noorusliku eluj\u00f5u ja s\u00e4ra.<\/p>\n<p><strong>Kasutamine:<\/strong><\/p>\n<p>1. Puhastage n\u00e4gu.<\/p>\n<p>2. Asetage kangasmask \u00fchtlaselt n\u00e4ole.<\/p>\n<p>3. Hoidke maski n\u00e4ol 15-20 minutit ja seej\u00e4rel eemaldage \u00f5rnalt.<\/p>\n<p>4. Masseerige \u00f5rnalt n\u00e4ole j\u00e4\u00e4nud toimeaine naha sisse kuni see on t\u00e4ielikult imendunud<\/p>\n","protected":false},"excerpt":{"rendered":"<p>Toitev kangast n\u00e4omask kakao\u00f5liga, mis niisutab kuiva ja karedat nahka. Sisaldab kakao\u00f5li, kollageeni ja e-vitamiini, mis lisab nahale elastsust ning kaitset v\u00e4liskeskkonna kahjustuste eest. Niisutab ja aitab s\u00e4ilitada naha \u00f5ige pH-taseme terve p\u00e4eva. Muudab naha siidiselt pehmeks ning taastab noorusliku eluj\u00f5u ja s\u00e4ra. Kasutamine: 1. Puhastage n\u00e4gu. 2. Asetage kangasmask \u00fchtlaselt n\u00e4ole. 3. Hoidke maski [&hellip;]<\/p>\n","protected":false},"featured_media":0,"comment_status":"open","ping_status":"closed","template":"","meta":{"_acf_changed":false},"product_brand":[],"product_cat":[],"product_tag":[],"class_list":{"0":"post-552","1":"product","2":"type-product","3":"status-publish","5":"brand-skinlite","7":"first","8":"outofstock","9":"taxable","10":"shipping-taxable","11":"purchasable","12":"product-type-simple"},"bundle_layout":"","bundled_by":[],"bundled_items":[],"acf":[],"_links":{"self":[{"href":"https:\/\/meon.theskinhouse.ee\/ru\/wp-json\/wp\/v2\/product\/552","targetHints":{"allow":["GET"]}}],"collection":[{"href":"https:\/\/meon.theskinhouse.ee\/ru\/wp-json\/wp\/v2\/product"}],"about":[{"href":"https:\/\/meon.theskinhouse.ee\/ru\/wp-json\/wp\/v2\/types\/product"}],"replies":[{"embeddable":true,"href":"https:\/\/meon.theskinhouse.ee\/ru\/wp-json\/wp\/v2\/comments?post=552"}],"wp:attachment":[{"href":"https:\/\/meon.theskinhouse.ee\/ru\/wp-json\/wp\/v2\/media?parent=552"}],"wp:term":[{"taxonomy":"product_brand","embeddable":true,"href":"https:\/\/meon.theskinhouse.ee\/ru\/wp-json\/wp\/v2\/product_brand?post=552"},{"taxonomy":"product_cat","embeddable":true,"href":"https:\/\/meon.theskinhouse.ee\/ru\/wp-json\/wp\/v2\/product_cat?post=552"},{"taxonomy":"product_tag","embeddable":true,"href":"https:\/\/meon.theskinhouse.ee\/ru\/wp-json\/wp\/v2\/product_tag?post=552"}],"curies":[{"name":"wp","href":"https:\/\/api.w.org\/{rel}","templated":true}]}}