{"id":550,"date":"2020-04-02T14:11:25","date_gmt":"2020-04-02T11:11:25","guid":{"rendered":"https:\/\/meon.theskinhouse.ee\/toode\/skinlite-oxygen-bubble-mask-peach-2\/"},"modified":"2026-04-09T23:25:03","modified_gmt":"2026-04-09T20:25:03","slug":"skinlite-oxygen-bubble-mask-peach-2","status":"publish","type":"product","link":"https:\/\/meon.theskinhouse.ee\/ru\/toode\/skinlite-oxygen-bubble-mask-peach-2\/","title":{"rendered":"Skinlite Oxygen Bubble Mask &#171;PEACH&#187;"},"content":{"rendered":"<p>Mask muutub hapnikurikkaks vahuks, mis taaselustab, s\u00fcgavpuhastab, koorib ning masseerib nahka. Hapnikuga vaht tungib s\u00fcgavale nahka, et eemaldada pooridest mustus, rasupunnid ja surnud naharakud, samal ajal korrigeerib eba\u00fchtlast nahatooni. Virsikuekstrakt niisutab ja taashelendab tuhmi nahka. Papaia-, rohelise tee ja bambuseekstrakt j\u00e4tavad naha pehmeks ja elastseks.<\/p>\n<p><strong>Kasutamine:<\/strong><\/p>\n<p>1. Avage pakend ja kandke mask kuivade k\u00e4tega \u00fchtlaselt kuivale n\u00e4ole, j\u00e4ttes v\u00e4lja silmade ja huulte piirkond.<\/p>\n<p>(*Kindlasti kuivatage k\u00e4ed ja n\u00e4gu, kuna m\u00e4rjal nahal ei pruugi mask vahutama hakata)<\/p>\n<p>2. J\u00e4tke mask kuni n\u00e4ole kuni tekib vaht.<\/p>\n<p>3. Puhastamiseks masseerige \u00f5rnalt n\u00e4puotstega 30-60 sekundit.<\/p>\n<p>4. Loputage leige veega ja toniseerige nahk.<\/p>\n<p>Kogus: 2 maski<\/p>\n","protected":false},"excerpt":{"rendered":"<p>Mask muutub hapnikurikkaks vahuks, mis taaselustab, s\u00fcgavpuhastab, koorib ning masseerib nahka. Hapnikuga vaht tungib s\u00fcgavale nahka, et eemaldada pooridest mustus, rasupunnid ja surnud naharakud, samal ajal korrigeerib eba\u00fchtlast nahatooni. Virsikuekstrakt niisutab ja taashelendab tuhmi nahka. Papaia-, rohelise tee ja bambuseekstrakt j\u00e4tavad naha pehmeks ja elastseks. Kasutamine: 1. Avage pakend ja kandke mask kuivade k\u00e4tega \u00fchtlaselt [&hellip;]<\/p>\n","protected":false},"featured_media":0,"comment_status":"open","ping_status":"closed","template":"","meta":{"_acf_changed":false},"product_brand":[],"product_cat":[],"product_tag":[],"class_list":{"0":"post-550","1":"product","2":"type-product","3":"status-publish","5":"brand-skinlite","7":"first","8":"outofstock","9":"taxable","10":"shipping-taxable","11":"purchasable","12":"product-type-simple"},"bundle_layout":"","bundled_by":[],"bundled_items":[],"acf":[],"_links":{"self":[{"href":"https:\/\/meon.theskinhouse.ee\/ru\/wp-json\/wp\/v2\/product\/550","targetHints":{"allow":["GET"]}}],"collection":[{"href":"https:\/\/meon.theskinhouse.ee\/ru\/wp-json\/wp\/v2\/product"}],"about":[{"href":"https:\/\/meon.theskinhouse.ee\/ru\/wp-json\/wp\/v2\/types\/product"}],"replies":[{"embeddable":true,"href":"https:\/\/meon.theskinhouse.ee\/ru\/wp-json\/wp\/v2\/comments?post=550"}],"wp:attachment":[{"href":"https:\/\/meon.theskinhouse.ee\/ru\/wp-json\/wp\/v2\/media?parent=550"}],"wp:term":[{"taxonomy":"product_brand","embeddable":true,"href":"https:\/\/meon.theskinhouse.ee\/ru\/wp-json\/wp\/v2\/product_brand?post=550"},{"taxonomy":"product_cat","embeddable":true,"href":"https:\/\/meon.theskinhouse.ee\/ru\/wp-json\/wp\/v2\/product_cat?post=550"},{"taxonomy":"product_tag","embeddable":true,"href":"https:\/\/meon.theskinhouse.ee\/ru\/wp-json\/wp\/v2\/product_tag?post=550"}],"curies":[{"name":"wp","href":"https:\/\/api.w.org\/{rel}","templated":true}]}}