{"id":546,"date":"2020-04-02T14:11:25","date_gmt":"2020-04-02T11:11:25","guid":{"rendered":"https:\/\/meon.theskinhouse.ee\/toode\/skinlite-relaxing-mask-for-men-2\/"},"modified":"2026-04-09T23:25:02","modified_gmt":"2026-04-09T20:25:02","slug":"skinlite-relaxing-mask-for-men-2","status":"publish","type":"product","link":"https:\/\/meon.theskinhouse.ee\/ru\/toode\/skinlite-relaxing-mask-for-men-2\/","title":{"rendered":"Skinlite Relaxing Mask For Men"},"content":{"rendered":"<ul>\n<li>Spetsiaalne kangasmask meestele, mis sisaldab E-vitamiini ja neutraalseid ekstrakte<\/li>\n<li>Eemaldab h\u00e4sti kurnatuse n\u00e4hud, taastab naha elastsuse ja tagab naha niisutuse, toitmise ja rasukontrolli.<\/li>\n<li>T\u00f5hus valem puhastab kiirelt naha ning tagab s\u00e4ravama ja noorema v\u00e4ljan\u00e4gemise.<\/li>\n<\/ul>\n<p><strong>Kasutamine:<\/strong><\/p>\n<p>1. Puhastage n\u00e4gu.<\/p>\n<p>2. Asetage kangasmask n\u00e4ole, t\u00f5mmake \u00e4\u00e4rtest sirgeks.<\/p>\n<p>3. Hoidke n\u00e4ol 15-20 minutit ja seej\u00e4rel eemaldage.<\/p>\n<p>4. Masseerige toimeaine j\u00e4\u00e4gid naha sisse kuni t\u00e4ieliku imendumiseni.<\/p>\n","protected":false},"excerpt":{"rendered":"<p>Spetsiaalne kangasmask meestele, mis sisaldab E-vitamiini ja neutraalseid ekstrakte Eemaldab h\u00e4sti kurnatuse n\u00e4hud, taastab naha elastsuse ja tagab naha niisutuse, toitmise ja rasukontrolli. T\u00f5hus valem puhastab kiirelt naha ning tagab s\u00e4ravama ja noorema v\u00e4ljan\u00e4gemise. Kasutamine: 1. Puhastage n\u00e4gu. 2. Asetage kangasmask n\u00e4ole, t\u00f5mmake \u00e4\u00e4rtest sirgeks. 3. Hoidke n\u00e4ol 15-20 minutit ja seej\u00e4rel eemaldage. 4. Masseerige [&hellip;]<\/p>\n","protected":false},"featured_media":0,"comment_status":"open","ping_status":"closed","template":"","meta":{"_acf_changed":false},"product_brand":[],"product_cat":[],"product_tag":[],"class_list":{"0":"post-546","1":"product","2":"type-product","3":"status-publish","5":"brand-skinlite","7":"first","8":"outofstock","9":"taxable","10":"shipping-taxable","11":"purchasable","12":"product-type-simple"},"bundle_layout":"","bundled_by":[],"bundled_items":[],"acf":[],"_links":{"self":[{"href":"https:\/\/meon.theskinhouse.ee\/ru\/wp-json\/wp\/v2\/product\/546","targetHints":{"allow":["GET"]}}],"collection":[{"href":"https:\/\/meon.theskinhouse.ee\/ru\/wp-json\/wp\/v2\/product"}],"about":[{"href":"https:\/\/meon.theskinhouse.ee\/ru\/wp-json\/wp\/v2\/types\/product"}],"replies":[{"embeddable":true,"href":"https:\/\/meon.theskinhouse.ee\/ru\/wp-json\/wp\/v2\/comments?post=546"}],"wp:attachment":[{"href":"https:\/\/meon.theskinhouse.ee\/ru\/wp-json\/wp\/v2\/media?parent=546"}],"wp:term":[{"taxonomy":"product_brand","embeddable":true,"href":"https:\/\/meon.theskinhouse.ee\/ru\/wp-json\/wp\/v2\/product_brand?post=546"},{"taxonomy":"product_cat","embeddable":true,"href":"https:\/\/meon.theskinhouse.ee\/ru\/wp-json\/wp\/v2\/product_cat?post=546"},{"taxonomy":"product_tag","embeddable":true,"href":"https:\/\/meon.theskinhouse.ee\/ru\/wp-json\/wp\/v2\/product_tag?post=546"}],"curies":[{"name":"wp","href":"https:\/\/api.w.org\/{rel}","templated":true}]}}