{"id":5422,"date":"2025-10-07T21:30:02","date_gmt":"2025-10-07T18:30:02","guid":{"rendered":"https:\/\/meon.theskinhouse.ee\/toode\/sample-sachet-mizon-good-bye-blemish-low-ph-cleanser-2ml-2\/"},"modified":"2026-04-09T19:45:03","modified_gmt":"2026-04-09T16:45:03","slug":"sample-sachet-mizon-good-bye-blemish-low-ph-cleanser-2ml-2","status":"publish","type":"product","link":"https:\/\/meon.theskinhouse.ee\/ru\/toode\/sample-sachet-mizon-good-bye-blemish-low-ph-cleanser-2ml-2\/","title":{"rendered":"[SAMPLE SACHET] MIZON GOOD BYE BLEMISH LOW pH CLEANSER 2ML"},"content":{"rendered":"<p>Puhastav ja liigset rasu eemaldav n\u00e4opesugeel probleemsele ja aknelisele nahale, mis ei kuivata ega kisu nahka. Sisaldab patenteeritud koostisosa Acnotide (Acne Peptide), mis taastab naha kaitsev\u00f5imet ja tapab baktereid ning seel\u00e4bi aitab nahal aknega v\u00f5idelda. N\u00e4opesugeelil on pH tase 6.5, mis sobib v\u00e4ga h\u00e4sti just probleemsele nahale, sest k\u00f5rgem pH tase soodustab bakterite paljunemist. N\u00e4opesugeel puhastab, rahustab ja samal ajal niisutab efektiivselt naha. Sisaldab lisaks salits\u00fc\u00fclhapet, teepuu\u00f5li ja teisi taimseid ekstrakte, siis parandavad probleeme naha seisukorda ja v\u00f5itlevad aknet p\u00f5hjustavate bakteritega. Sisaldab ka niatsiinamiidi (vitamiin B3) ja pantenooli, mis rahustavad nahka, v\u00e4hendavad s\u00fcgelust, rahustavad \u00e4rritusi ja leevendavad p\u00f5letikke. Toode on kliiniliselt testitud, EWG Green 100% ja sobib veganitele.<\/p>\n<p><strong>Kasutamine<\/strong>: Vahustage puhastusgeeli niisutatud k\u00e4te vahel ja h\u00f5\u00f5ruge n\u00e4ole ringjate liigutustega. Eriti probleemsetele kohtadele v\u00f5ib j\u00e4tta paksem kiht vahtu 3-ks minutiks (kohad akne ja liigse rasuga). Seej\u00e4rel loputage.<\/p>\n<p><strong>Koostis<\/strong>: Water, Disodium Laureth Sulfosuccinate, Dipropylene Glycol, Glycerin, Disodium Cocoamphodiacetate, Sodium Cocoyl Isethionate, Coco-Betaine, Acrylates Copolymer, Sodium Chloride, Arginine, Hydrogenated Coconut Acid, Hydroxyacetophenone, Acrylates\/C10-30 Alkyl Acrylate Crosspolymer, Sodium Isethionate, Salicylic Acid, 1,2-Hexanediol, Butylene Glycol, Ethylhexylglycerin, Hexylene Glycol, Artemisia Vulgaris Oil, Allantoin, Melaleuca Alternifolia (Tea Tree) Leaf Water, Glucose, Melaleuca Alternifolia (Tea Tree) Leaf Extract, Copper Tripeptide-1, Glycine, Glutamic acid, Serine, Alanine, Solanum Melongena (Eggplant) Fruit Extract, Hexapeptide-61 Dimer, Oligopeptide-191, Lupeol&nbsp;<\/p>\n","protected":false},"excerpt":{"rendered":"<p>Puhastav ja liigset rasu eemaldav n\u00e4opesugeel probleemsele ja aknelisele nahale, mis ei kuivata ega kisu nahka. Sisaldab patenteeritud koostisosa Acnotide (Acne Peptide), mis taastab naha kaitsev\u00f5imet ja tapab baktereid ning seel\u00e4bi aitab nahal aknega v\u00f5idelda. N\u00e4opesugeelil on pH tase 6.5, mis sobib v\u00e4ga h\u00e4sti just probleemsele nahale, sest k\u00f5rgem pH tase soodustab bakterite paljunemist. N\u00e4opesugeel [&hellip;]<\/p>\n","protected":false},"featured_media":5548,"comment_status":"open","ping_status":"closed","template":"","meta":{"_acf_changed":false},"product_brand":[],"product_cat":[],"product_tag":[],"class_list":{"0":"post-5422","1":"product","2":"type-product","3":"status-publish","4":"has-post-thumbnail","6":"brand-mizon","8":"first","9":"outofstock","10":"taxable","11":"shipping-taxable","12":"purchasable","13":"product-type-simple"},"bundle_layout":"","bundled_by":[],"bundled_items":[],"acf":[],"_links":{"self":[{"href":"https:\/\/meon.theskinhouse.ee\/ru\/wp-json\/wp\/v2\/product\/5422","targetHints":{"allow":["GET"]}}],"collection":[{"href":"https:\/\/meon.theskinhouse.ee\/ru\/wp-json\/wp\/v2\/product"}],"about":[{"href":"https:\/\/meon.theskinhouse.ee\/ru\/wp-json\/wp\/v2\/types\/product"}],"replies":[{"embeddable":true,"href":"https:\/\/meon.theskinhouse.ee\/ru\/wp-json\/wp\/v2\/comments?post=5422"}],"wp:featuredmedia":[{"embeddable":true,"href":"https:\/\/meon.theskinhouse.ee\/ru\/wp-json\/wp\/v2\/media\/5548"}],"wp:attachment":[{"href":"https:\/\/meon.theskinhouse.ee\/ru\/wp-json\/wp\/v2\/media?parent=5422"}],"wp:term":[{"taxonomy":"product_brand","embeddable":true,"href":"https:\/\/meon.theskinhouse.ee\/ru\/wp-json\/wp\/v2\/product_brand?post=5422"},{"taxonomy":"product_cat","embeddable":true,"href":"https:\/\/meon.theskinhouse.ee\/ru\/wp-json\/wp\/v2\/product_cat?post=5422"},{"taxonomy":"product_tag","embeddable":true,"href":"https:\/\/meon.theskinhouse.ee\/ru\/wp-json\/wp\/v2\/product_tag?post=5422"}],"curies":[{"name":"wp","href":"https:\/\/api.w.org\/{rel}","templated":true}]}}