{"id":5420,"date":"2025-09-19T13:35:02","date_gmt":"2025-09-19T10:35:02","guid":{"rendered":"https:\/\/meon.theskinhouse.ee\/toode\/mizon-cicaluronic-vegan-de-puffing-eye-gel-patches-2\/"},"modified":"2026-01-14T07:20:03","modified_gmt":"2026-01-14T05:20:03","slug":"mizon-cicaluronic-vegan-de-puffing-eye-gel-patches-2","status":"publish","type":"product","link":"https:\/\/meon.theskinhouse.ee\/ru\/toode\/mizon-cicaluronic-vegan-de-puffing-eye-gel-patches-2\/","title":{"rendered":"Mizon Cicaluronic Vegan De-Puffing Eye Gel Patches"},"content":{"rendered":"<p>Vegan h\u00fcdrogeelsed silmapadjakesed kombineerivad Aasia vesinaba ja h\u00fcaluroonhappe omadused, et silma\u00fcmbruses nahka s\u00fcgavuti niisutada ning rahustada. Sisaldab Aasia vesinaba ning kaheksat t\u00fc\u00fcpi h\u00fcaluroonhapet.&nbsp;<\/p>\n<p>Kasutamine: Eemalda padjakestelt tagus ning lase padjakestel silma all 20-40 minutit m\u00f5juda. Peale m\u00f5juaega eemalda padjakesed silmade alt. Kasuta igal hommikul v\u00f5i ajal, kui tunned, et vajaksid kiiret v\u00e4rskendust!&nbsp;<\/p>\n<p><strong>Koostis: <\/strong><span>Water, Dipropylene Glycol, Glycerin, Niacinamide, Chondrus Crispus, Chondrus Crispus Powder, Ceratonia Siliqua (Carob) Gum, Hydroxyacetophenone, Chondrus Crispus Extract, Cellulose Gum, Polyglyceryl-10 Laurate, Caprylyl Glycol, Glucomannan, Potassium Chloride, Algin, Mica (CI 77019), Melia Azadirachta Leaf Extract, Sucrose, Disodium EDTA, Ethylhexylglycerin, Adenosine, Melia Azadirachta Flower Extract, Titanium Dioxide (CI 77891), Dextrin, Butylene Glycol, 1,2-Hexanediol, Dipotassium Glycyrrhizate, Sodium Hyaluronate (1,02ppm), Aloe Barbadensis Leaf Juice, Melaleuca Alternifolia (Tea Tree) Extract, Menadione, Gold, Tocopherol, Centella Asiatica Extract (0,1ppm), Centella Asiatica Leaf Extract (0,1ppm), Centella Asiatica Root Extract (0,1ppm), Calendula Officinalis Flower Extract, Hydroxypropyltrimonium Hyaluronate (0,1ppm), Sodium Acetylated Hyaluronate (0,01ppm), Hydrolyzed Hyaluronic Acid (0,01ppm), Hyaluronic Acid (0,0025ppm), Sodium Hyaluronate Crosspolymer (0,001ppm), Hydrolyzed Sodium Hyaluronate (0,001ppm), Acetyl Hexapeptide-8, Acetyl Tetrapeptide-2, Palmitoyl Tripeptide-1, Palmitoyl Hexapeptide-12, Palmitoyl Tetrapeptide-7, Palmitoyl Tripeptide-5, Palmitoyl Pentapeptide-4, Copper Tripeptide-1, Tripeptide-1, Nonapeptide-1, Hexapeptide-9, Ascorbic Acid Polypeptide, Potassium Hyaluronate (0,0002ppm), Asiaticoside (0,0001ppm), Madecassic Acid (0,0001ppm), Asiatic Acid (0,0001ppm), Madecassoside (0,0001ppm).<\/span><\/p>\n","protected":false},"excerpt":{"rendered":"<p>Vegan h\u00fcdrogeelsed silmapadjakesed kombineerivad Aasia vesinaba ja h\u00fcaluroonhappe omadused, et silma\u00fcmbruses nahka s\u00fcgavuti niisutada ning rahustada. Sisaldab Aasia vesinaba ning kaheksat t\u00fc\u00fcpi h\u00fcaluroonhapet.&nbsp; Kasutamine: Eemalda padjakestelt tagus ning lase padjakestel silma all 20-40 minutit m\u00f5juda. Peale m\u00f5juaega eemalda padjakesed silmade alt. Kasuta igal hommikul v\u00f5i ajal, kui tunned, et vajaksid kiiret v\u00e4rskendust!&nbsp; Koostis: Water, Dipropylene [&hellip;]<\/p>\n","protected":false},"featured_media":0,"comment_status":"open","ping_status":"closed","template":"","meta":{"_acf_changed":false},"product_brand":[],"product_cat":[],"product_tag":[],"class_list":{"0":"post-5420","1":"product","2":"type-product","3":"status-publish","5":"brand-mizon","7":"first","8":"instock","9":"taxable","10":"shipping-taxable","11":"purchasable","12":"product-type-simple"},"bundle_layout":"","bundled_by":[],"bundled_items":[],"acf":[],"_links":{"self":[{"href":"https:\/\/meon.theskinhouse.ee\/ru\/wp-json\/wp\/v2\/product\/5420","targetHints":{"allow":["GET"]}}],"collection":[{"href":"https:\/\/meon.theskinhouse.ee\/ru\/wp-json\/wp\/v2\/product"}],"about":[{"href":"https:\/\/meon.theskinhouse.ee\/ru\/wp-json\/wp\/v2\/types\/product"}],"replies":[{"embeddable":true,"href":"https:\/\/meon.theskinhouse.ee\/ru\/wp-json\/wp\/v2\/comments?post=5420"}],"wp:attachment":[{"href":"https:\/\/meon.theskinhouse.ee\/ru\/wp-json\/wp\/v2\/media?parent=5420"}],"wp:term":[{"taxonomy":"product_brand","embeddable":true,"href":"https:\/\/meon.theskinhouse.ee\/ru\/wp-json\/wp\/v2\/product_brand?post=5420"},{"taxonomy":"product_cat","embeddable":true,"href":"https:\/\/meon.theskinhouse.ee\/ru\/wp-json\/wp\/v2\/product_cat?post=5420"},{"taxonomy":"product_tag","embeddable":true,"href":"https:\/\/meon.theskinhouse.ee\/ru\/wp-json\/wp\/v2\/product_tag?post=5420"}],"curies":[{"name":"wp","href":"https:\/\/api.w.org\/{rel}","templated":true}]}}